{"id":805,"date":"2021-07-20T11:20:30","date_gmt":"2021-07-20T09:20:30","guid":{"rendered":"https:\/\/www.deratech.be\/product\/ponsgereedschap\/"},"modified":"2021-08-19T14:03:17","modified_gmt":"2021-08-19T12:03:17","slug":"44-narzedzia-wykrawajace","status":"publish","type":"product","link":"https:\/\/www.deratech.be\/pl\/produkty\/narzedzia\/narzedzia-wykrawajace\/","title":{"rendered":"NARZ\u0118DZIA WYKRAWAJ\u0104CE"},"content":{"rendered":"<p><strong>NARZ\u0118DZIA DO wykrawania I gilotyny do profili stalowych typu MUBEA<\/strong><\/p>\n<p><strong>NARZ\u0118DZIA DO WYKRAWANIA I GILOTYNY DO PROFILI STALOWYCH TYPU GEKA<\/strong><\/p>\n<p><strong>NARZ\u0118DZIA DO WYKRAWANIA I GILOTYNY DO PROFILI STALOWYCH TYPU PEDDINGHAUS<\/strong><\/p>\n<p><strong>NARZ\u0118DZIA DO WYKRAWANIA I GILOTYNY DO PROFILI STALOWYCH TYPU KINGSLAND<\/strong><\/p>\n<p><strong>NARZ\u0118DZIA DO WYKRAWANIA I GILOTYNY DO PROFILI STALOWYCH typu FICEP<\/strong><\/p>\n","protected":false},"featured_media":454,"template":"","product_cat":[51],"class_list":["post-805","product","type-product","status-publish","has-post-thumbnail","hentry","product_cat-narzedzia"],"acf":[],"yoast_head":"<!-- This site is optimized with the Yoast SEO plugin v27.0 - https:\/\/yoast.com\/product\/yoast-seo-wordpress\/ -->\n<title>NARZ\u0118DZIA WYKRAWAJ\u0104CE - Deratech<\/title>\n<meta name=\"robots\" content=\"index, follow, max-snippet:-1, max-image-preview:large, max-video-preview:-1\" \/>\n<link rel=\"canonical\" href=\"https:\/\/www.deratech.be\/pl\/produkty\/narzedzia\/narzedzia-wykrawajace\/\" \/>\n<meta property=\"og:locale\" content=\"pl_PL\" \/>\n<meta property=\"og:type\" content=\"article\" \/>\n<meta property=\"og:title\" content=\"NARZ\u0118DZIA WYKRAWAJ\u0104CE - Deratech\" \/>\n<meta property=\"og:description\" content=\"NARZ\u0118DZIA DO wykrawania I gilotyny do profili stalowych typu MUBEA NARZ\u0118DZIA DO WYKRAWANIA I GILOTYNY DO PROFILI STALOWYCH TYPU GEKA NARZ\u0118DZIA DO WYKRAWANIA I GILOTYNY DO PROFILI STALOWYCH TYPU PEDDINGHAUS NARZ\u0118DZIA DO WYKRAWANIA I GILOTYNY DO PROFILI STALOWYCH TYPU KINGSLAND NARZ\u0118DZIA DO WYKRAWANIA I GILOTYNY DO PROFILI STALOWYCH typu FICEP\" \/>\n<meta property=\"og:url\" content=\"https:\/\/www.deratech.be\/pl\/produkty\/narzedzia\/narzedzia-wykrawajace\/\" \/>\n<meta property=\"og:site_name\" content=\"Deratech\" \/>\n<meta property=\"article:modified_time\" content=\"2021-08-19T12:03:17+00:00\" \/>\n<meta property=\"og:image\" content=\"https:\/\/www.deratech.be\/wp-content\/uploads\/2021\/07\/8fe3e0f34d3083cba6fe73d62a783d7f_XL.jpg\" \/>\n\t<meta property=\"og:image:width\" content=\"770\" \/>\n\t<meta property=\"og:image:height\" content=\"539\" \/>\n\t<meta property=\"og:image:type\" content=\"image\/jpeg\" \/>\n<meta name=\"twitter:card\" content=\"summary_large_image\" \/>\n<meta name=\"twitter:label1\" content=\"Szacowany czas czytania\" \/>\n\t<meta name=\"twitter:data1\" content=\"1 minuta\" \/>\n<script type=\"application\/ld+json\" class=\"yoast-schema-graph\">{\"@context\":\"https:\/\/schema.org\",\"@graph\":[{\"@type\":\"WebPage\",\"@id\":\"https:\/\/www.deratech.be\/pl\/produkty\/narzedzia\/narzedzia-wykrawajace\/\",\"url\":\"https:\/\/www.deratech.be\/pl\/produkty\/narzedzia\/narzedzia-wykrawajace\/\",\"name\":\"NARZ\u0118DZIA WYKRAWAJ\u0104CE - Deratech\",\"isPartOf\":{\"@id\":\"https:\/\/www.deratech.be\/pl\/#website\"},\"primaryImageOfPage\":{\"@id\":\"https:\/\/www.deratech.be\/pl\/produkty\/narzedzia\/narzedzia-wykrawajace\/#primaryimage\"},\"image\":{\"@id\":\"https:\/\/www.deratech.be\/pl\/produkty\/narzedzia\/narzedzia-wykrawajace\/#primaryimage\"},\"thumbnailUrl\":\"https:\/\/www.deratech.be\/wp-content\/uploads\/2021\/07\/8fe3e0f34d3083cba6fe73d62a783d7f_XL.jpg\",\"datePublished\":\"2021-07-20T09:20:30+00:00\",\"dateModified\":\"2021-08-19T12:03:17+00:00\",\"breadcrumb\":{\"@id\":\"https:\/\/www.deratech.be\/pl\/produkty\/narzedzia\/narzedzia-wykrawajace\/#breadcrumb\"},\"inLanguage\":\"pl-PL\",\"potentialAction\":[{\"@type\":\"ReadAction\",\"target\":[\"https:\/\/www.deratech.be\/pl\/produkty\/narzedzia\/narzedzia-wykrawajace\/\"]}]},{\"@type\":\"ImageObject\",\"inLanguage\":\"pl-PL\",\"@id\":\"https:\/\/www.deratech.be\/pl\/produkty\/narzedzia\/narzedzia-wykrawajace\/#primaryimage\",\"url\":\"https:\/\/www.deratech.be\/wp-content\/uploads\/2021\/07\/8fe3e0f34d3083cba6fe73d62a783d7f_XL.jpg\",\"contentUrl\":\"https:\/\/www.deratech.be\/wp-content\/uploads\/2021\/07\/8fe3e0f34d3083cba6fe73d62a783d7f_XL.jpg\",\"width\":770,\"height\":539},{\"@type\":\"BreadcrumbList\",\"@id\":\"https:\/\/www.deratech.be\/pl\/produkty\/narzedzia\/narzedzia-wykrawajace\/#breadcrumb\",\"itemListElement\":[{\"@type\":\"ListItem\",\"position\":1,\"name\":\"Home\",\"item\":\"https:\/\/www.deratech.be\/pl\/\"},{\"@type\":\"ListItem\",\"position\":2,\"name\":\"Produkty\",\"item\":\"https:\/\/www.deratech.be\/pl\/produkty\/\"},{\"@type\":\"ListItem\",\"position\":3,\"name\":\"Narz\u0119dzia\",\"item\":\"https:\/\/www.deratech.be\/pl\/produkty\/narzedzia\/\"},{\"@type\":\"ListItem\",\"position\":4,\"name\":\"NARZ\u0118DZIA WYKRAWAJ\u0104CE\"}]},{\"@type\":\"WebSite\",\"@id\":\"https:\/\/www.deratech.be\/pl\/#website\",\"url\":\"https:\/\/www.deratech.be\/pl\/\",\"name\":\"Deratech\",\"description\":\"\",\"potentialAction\":[{\"@type\":\"SearchAction\",\"target\":{\"@type\":\"EntryPoint\",\"urlTemplate\":\"https:\/\/www.deratech.be\/pl\/?s={search_term_string}\"},\"query-input\":{\"@type\":\"PropertyValueSpecification\",\"valueRequired\":true,\"valueName\":\"search_term_string\"}}],\"inLanguage\":\"pl-PL\"}]}<\/script>\n<!-- \/ Yoast SEO plugin. -->","yoast_head_json":{"title":"NARZ\u0118DZIA WYKRAWAJ\u0104CE - Deratech","robots":{"index":"index","follow":"follow","max-snippet":"max-snippet:-1","max-image-preview":"max-image-preview:large","max-video-preview":"max-video-preview:-1"},"canonical":"https:\/\/www.deratech.be\/pl\/produkty\/narzedzia\/narzedzia-wykrawajace\/","og_locale":"pl_PL","og_type":"article","og_title":"NARZ\u0118DZIA WYKRAWAJ\u0104CE - Deratech","og_description":"NARZ\u0118DZIA DO wykrawania I gilotyny do profili stalowych typu MUBEA NARZ\u0118DZIA DO WYKRAWANIA I GILOTYNY DO PROFILI STALOWYCH TYPU GEKA NARZ\u0118DZIA DO WYKRAWANIA I GILOTYNY DO PROFILI STALOWYCH TYPU PEDDINGHAUS NARZ\u0118DZIA DO WYKRAWANIA I GILOTYNY DO PROFILI STALOWYCH TYPU KINGSLAND NARZ\u0118DZIA DO WYKRAWANIA I GILOTYNY DO PROFILI STALOWYCH typu FICEP","og_url":"https:\/\/www.deratech.be\/pl\/produkty\/narzedzia\/narzedzia-wykrawajace\/","og_site_name":"Deratech","article_modified_time":"2021-08-19T12:03:17+00:00","og_image":[{"width":770,"height":539,"url":"https:\/\/www.deratech.be\/wp-content\/uploads\/2021\/07\/8fe3e0f34d3083cba6fe73d62a783d7f_XL.jpg","type":"image\/jpeg"}],"twitter_card":"summary_large_image","twitter_misc":{"Szacowany czas czytania":"1 minuta"},"schema":{"@context":"https:\/\/schema.org","@graph":[{"@type":"WebPage","@id":"https:\/\/www.deratech.be\/pl\/produkty\/narzedzia\/narzedzia-wykrawajace\/","url":"https:\/\/www.deratech.be\/pl\/produkty\/narzedzia\/narzedzia-wykrawajace\/","name":"NARZ\u0118DZIA WYKRAWAJ\u0104CE - Deratech","isPartOf":{"@id":"https:\/\/www.deratech.be\/pl\/#website"},"primaryImageOfPage":{"@id":"https:\/\/www.deratech.be\/pl\/produkty\/narzedzia\/narzedzia-wykrawajace\/#primaryimage"},"image":{"@id":"https:\/\/www.deratech.be\/pl\/produkty\/narzedzia\/narzedzia-wykrawajace\/#primaryimage"},"thumbnailUrl":"https:\/\/www.deratech.be\/wp-content\/uploads\/2021\/07\/8fe3e0f34d3083cba6fe73d62a783d7f_XL.jpg","datePublished":"2021-07-20T09:20:30+00:00","dateModified":"2021-08-19T12:03:17+00:00","breadcrumb":{"@id":"https:\/\/www.deratech.be\/pl\/produkty\/narzedzia\/narzedzia-wykrawajace\/#breadcrumb"},"inLanguage":"pl-PL","potentialAction":[{"@type":"ReadAction","target":["https:\/\/www.deratech.be\/pl\/produkty\/narzedzia\/narzedzia-wykrawajace\/"]}]},{"@type":"ImageObject","inLanguage":"pl-PL","@id":"https:\/\/www.deratech.be\/pl\/produkty\/narzedzia\/narzedzia-wykrawajace\/#primaryimage","url":"https:\/\/www.deratech.be\/wp-content\/uploads\/2021\/07\/8fe3e0f34d3083cba6fe73d62a783d7f_XL.jpg","contentUrl":"https:\/\/www.deratech.be\/wp-content\/uploads\/2021\/07\/8fe3e0f34d3083cba6fe73d62a783d7f_XL.jpg","width":770,"height":539},{"@type":"BreadcrumbList","@id":"https:\/\/www.deratech.be\/pl\/produkty\/narzedzia\/narzedzia-wykrawajace\/#breadcrumb","itemListElement":[{"@type":"ListItem","position":1,"name":"Home","item":"https:\/\/www.deratech.be\/pl\/"},{"@type":"ListItem","position":2,"name":"Produkty","item":"https:\/\/www.deratech.be\/pl\/produkty\/"},{"@type":"ListItem","position":3,"name":"Narz\u0119dzia","item":"https:\/\/www.deratech.be\/pl\/produkty\/narzedzia\/"},{"@type":"ListItem","position":4,"name":"NARZ\u0118DZIA WYKRAWAJ\u0104CE"}]},{"@type":"WebSite","@id":"https:\/\/www.deratech.be\/pl\/#website","url":"https:\/\/www.deratech.be\/pl\/","name":"Deratech","description":"","potentialAction":[{"@type":"SearchAction","target":{"@type":"EntryPoint","urlTemplate":"https:\/\/www.deratech.be\/pl\/?s={search_term_string}"},"query-input":{"@type":"PropertyValueSpecification","valueRequired":true,"valueName":"search_term_string"}}],"inLanguage":"pl-PL"}]}},"_links":{"self":[{"href":"https:\/\/www.deratech.be\/pl\/wp-json\/wp\/v2\/product\/805","targetHints":{"allow":["GET"]}}],"collection":[{"href":"https:\/\/www.deratech.be\/pl\/wp-json\/wp\/v2\/product"}],"about":[{"href":"https:\/\/www.deratech.be\/pl\/wp-json\/wp\/v2\/types\/product"}],"wp:featuredmedia":[{"embeddable":true,"href":"https:\/\/www.deratech.be\/pl\/wp-json\/wp\/v2\/media\/454"}],"wp:attachment":[{"href":"https:\/\/www.deratech.be\/pl\/wp-json\/wp\/v2\/media?parent=805"}],"wp:term":[{"taxonomy":"product_cat","embeddable":true,"href":"https:\/\/www.deratech.be\/pl\/wp-json\/wp\/v2\/product_cat?post=805"}],"curies":[{"name":"wp","href":"https:\/\/api.w.org\/{rel}","templated":true}]}}