{"id":791,"date":"2021-07-20T11:14:46","date_gmt":"2021-07-20T09:14:46","guid":{"rendered":"https:\/\/www.deratech.be\/product\/dinamica\/"},"modified":"2022-05-02T16:20:21","modified_gmt":"2022-05-02T14:20:21","slug":"42-dinamica","status":"publish","type":"product","link":"https:\/\/www.deratech.be\/pl\/produkty\/wykrawarki-cnc\/dinamica\/","title":{"rendered":"Dinamica"},"content":{"rendered":"<p>W modelu DINAMICA Deratech oferuje nowoczesn\u0105, wysokiej jako\u015bci serwo-elektryczn\u0105 wykrawark\u0119 o zdolno\u015bci produkcyjnej 20 lub 30 ton.<\/p>\n<p><strong>\u00a0<\/strong><\/p>\n<p><strong>Dane techniczne<\/strong><\/p>\n<ul>\n<li>Energooszcz\u0119dna wykrawarka rewolwerowa z serwonap\u0119dem, si\u0142a wykrawania 20 lub 30 ton<\/li>\n<li>Mniej krytyczne komponenty w por\u00f3wnaniu do maszyn hydraulicznych oznaczaj\u0105 wy\u017csz\u0105 niezawodno\u015b\u0107 i ni\u017csze koszty konserwacji<\/li>\n<li>System narz\u0119dziowy z du\u017cym rewolwerem<\/li>\n<li>Zamkni\u0119ta konstrukcja ramy w uk\u0142adzie O gwarantuje maksymaln\u0105 stabilno\u015b\u0107, dok\u0142adniejsze tolerancje i doskona\u0142e wyr\u00f3wnanie narz\u0119dzi wykrawaj\u0105cych<\/li>\n<li>Wytrzyma\u0142a, odpr\u0119\u017cona rama maszyny<\/li>\n<li>Dost\u0119pne z wysi\u0119giem 1500 lub 2000 mm umo\u017cliwia wykrawanie blach w formacie do 4000 x 2000 przy tylko jednej zmianie pozycji<\/li>\n<\/ul>\n","protected":false},"featured_media":445,"template":"","product_cat":[45],"class_list":["post-791","product","type-product","status-publish","has-post-thumbnail","hentry","product_cat-wykrawarki-cnc"],"acf":[],"yoast_head":"<!-- This site is optimized with the Yoast SEO plugin v27.0 - https:\/\/yoast.com\/product\/yoast-seo-wordpress\/ -->\n<title>Dinamica - Deratech<\/title>\n<meta name=\"robots\" content=\"index, follow, max-snippet:-1, max-image-preview:large, max-video-preview:-1\" \/>\n<link rel=\"canonical\" href=\"https:\/\/www.deratech.be\/pl\/produkty\/wykrawarki-cnc\/dinamica\/\" \/>\n<meta property=\"og:locale\" content=\"pl_PL\" \/>\n<meta property=\"og:type\" content=\"article\" \/>\n<meta property=\"og:title\" content=\"Dinamica - Deratech\" \/>\n<meta property=\"og:description\" content=\"W modelu DINAMICA Deratech oferuje nowoczesn\u0105, wysokiej jako\u015bci serwo-elektryczn\u0105 wykrawark\u0119 o zdolno\u015bci produkcyjnej 20 lub 30 ton. \u00a0 Dane techniczne Energooszcz\u0119dna wykrawarka rewolwerowa z serwonap\u0119dem, si\u0142a wykrawania 20 lub 30 ton Mniej krytyczne komponenty w por\u00f3wnaniu do maszyn hydraulicznych oznaczaj\u0105 wy\u017csz\u0105 niezawodno\u015b\u0107 i ni\u017csze koszty konserwacji System narz\u0119dziowy z du\u017cym rewolwerem Zamkni\u0119ta konstrukcja ramy w [&hellip;]\" \/>\n<meta property=\"og:url\" content=\"https:\/\/www.deratech.be\/pl\/produkty\/wykrawarki-cnc\/dinamica\/\" \/>\n<meta property=\"og:site_name\" content=\"Deratech\" \/>\n<meta property=\"article:modified_time\" content=\"2022-05-02T14:20:21+00:00\" \/>\n<meta property=\"og:image\" content=\"https:\/\/www.deratech.be\/wp-content\/uploads\/2021\/07\/ccb4e23c8aa216f1e96d31ab209c036b_XL.jpg\" \/>\n\t<meta property=\"og:image:width\" content=\"770\" \/>\n\t<meta property=\"og:image:height\" content=\"514\" \/>\n\t<meta property=\"og:image:type\" content=\"image\/jpeg\" \/>\n<meta name=\"twitter:card\" content=\"summary_large_image\" \/>\n<meta name=\"twitter:label1\" content=\"Szacowany czas czytania\" \/>\n\t<meta name=\"twitter:data1\" content=\"1 minuta\" \/>\n<script type=\"application\/ld+json\" class=\"yoast-schema-graph\">{\"@context\":\"https:\/\/schema.org\",\"@graph\":[{\"@type\":\"WebPage\",\"@id\":\"https:\/\/www.deratech.be\/pl\/produkty\/wykrawarki-cnc\/dinamica\/\",\"url\":\"https:\/\/www.deratech.be\/pl\/produkty\/wykrawarki-cnc\/dinamica\/\",\"name\":\"Dinamica - Deratech\",\"isPartOf\":{\"@id\":\"https:\/\/www.deratech.be\/pl\/#website\"},\"primaryImageOfPage\":{\"@id\":\"https:\/\/www.deratech.be\/pl\/produkty\/wykrawarki-cnc\/dinamica\/#primaryimage\"},\"image\":{\"@id\":\"https:\/\/www.deratech.be\/pl\/produkty\/wykrawarki-cnc\/dinamica\/#primaryimage\"},\"thumbnailUrl\":\"https:\/\/www.deratech.be\/wp-content\/uploads\/2021\/07\/ccb4e23c8aa216f1e96d31ab209c036b_XL.jpg\",\"datePublished\":\"2021-07-20T09:14:46+00:00\",\"dateModified\":\"2022-05-02T14:20:21+00:00\",\"breadcrumb\":{\"@id\":\"https:\/\/www.deratech.be\/pl\/produkty\/wykrawarki-cnc\/dinamica\/#breadcrumb\"},\"inLanguage\":\"pl-PL\",\"potentialAction\":[{\"@type\":\"ReadAction\",\"target\":[\"https:\/\/www.deratech.be\/pl\/produkty\/wykrawarki-cnc\/dinamica\/\"]}]},{\"@type\":\"ImageObject\",\"inLanguage\":\"pl-PL\",\"@id\":\"https:\/\/www.deratech.be\/pl\/produkty\/wykrawarki-cnc\/dinamica\/#primaryimage\",\"url\":\"https:\/\/www.deratech.be\/wp-content\/uploads\/2021\/07\/ccb4e23c8aa216f1e96d31ab209c036b_XL.jpg\",\"contentUrl\":\"https:\/\/www.deratech.be\/wp-content\/uploads\/2021\/07\/ccb4e23c8aa216f1e96d31ab209c036b_XL.jpg\",\"width\":770,\"height\":514},{\"@type\":\"BreadcrumbList\",\"@id\":\"https:\/\/www.deratech.be\/pl\/produkty\/wykrawarki-cnc\/dinamica\/#breadcrumb\",\"itemListElement\":[{\"@type\":\"ListItem\",\"position\":1,\"name\":\"Home\",\"item\":\"https:\/\/www.deratech.be\/pl\/\"},{\"@type\":\"ListItem\",\"position\":2,\"name\":\"Produkty\",\"item\":\"https:\/\/www.deratech.be\/pl\/produkty\/\"},{\"@type\":\"ListItem\",\"position\":3,\"name\":\"Wykrawarki cnc\",\"item\":\"https:\/\/www.deratech.be\/pl\/produkty\/wykrawarki-cnc\/\"},{\"@type\":\"ListItem\",\"position\":4,\"name\":\"Dinamica\"}]},{\"@type\":\"WebSite\",\"@id\":\"https:\/\/www.deratech.be\/pl\/#website\",\"url\":\"https:\/\/www.deratech.be\/pl\/\",\"name\":\"Deratech\",\"description\":\"\",\"potentialAction\":[{\"@type\":\"SearchAction\",\"target\":{\"@type\":\"EntryPoint\",\"urlTemplate\":\"https:\/\/www.deratech.be\/pl\/?s={search_term_string}\"},\"query-input\":{\"@type\":\"PropertyValueSpecification\",\"valueRequired\":true,\"valueName\":\"search_term_string\"}}],\"inLanguage\":\"pl-PL\"}]}<\/script>\n<!-- \/ Yoast SEO plugin. -->","yoast_head_json":{"title":"Dinamica - Deratech","robots":{"index":"index","follow":"follow","max-snippet":"max-snippet:-1","max-image-preview":"max-image-preview:large","max-video-preview":"max-video-preview:-1"},"canonical":"https:\/\/www.deratech.be\/pl\/produkty\/wykrawarki-cnc\/dinamica\/","og_locale":"pl_PL","og_type":"article","og_title":"Dinamica - Deratech","og_description":"W modelu DINAMICA Deratech oferuje nowoczesn\u0105, wysokiej jako\u015bci serwo-elektryczn\u0105 wykrawark\u0119 o zdolno\u015bci produkcyjnej 20 lub 30 ton. \u00a0 Dane techniczne Energooszcz\u0119dna wykrawarka rewolwerowa z serwonap\u0119dem, si\u0142a wykrawania 20 lub 30 ton Mniej krytyczne komponenty w por\u00f3wnaniu do maszyn hydraulicznych oznaczaj\u0105 wy\u017csz\u0105 niezawodno\u015b\u0107 i ni\u017csze koszty konserwacji System narz\u0119dziowy z du\u017cym rewolwerem Zamkni\u0119ta konstrukcja ramy w [&hellip;]","og_url":"https:\/\/www.deratech.be\/pl\/produkty\/wykrawarki-cnc\/dinamica\/","og_site_name":"Deratech","article_modified_time":"2022-05-02T14:20:21+00:00","og_image":[{"width":770,"height":514,"url":"https:\/\/www.deratech.be\/wp-content\/uploads\/2021\/07\/ccb4e23c8aa216f1e96d31ab209c036b_XL.jpg","type":"image\/jpeg"}],"twitter_card":"summary_large_image","twitter_misc":{"Szacowany czas czytania":"1 minuta"},"schema":{"@context":"https:\/\/schema.org","@graph":[{"@type":"WebPage","@id":"https:\/\/www.deratech.be\/pl\/produkty\/wykrawarki-cnc\/dinamica\/","url":"https:\/\/www.deratech.be\/pl\/produkty\/wykrawarki-cnc\/dinamica\/","name":"Dinamica - Deratech","isPartOf":{"@id":"https:\/\/www.deratech.be\/pl\/#website"},"primaryImageOfPage":{"@id":"https:\/\/www.deratech.be\/pl\/produkty\/wykrawarki-cnc\/dinamica\/#primaryimage"},"image":{"@id":"https:\/\/www.deratech.be\/pl\/produkty\/wykrawarki-cnc\/dinamica\/#primaryimage"},"thumbnailUrl":"https:\/\/www.deratech.be\/wp-content\/uploads\/2021\/07\/ccb4e23c8aa216f1e96d31ab209c036b_XL.jpg","datePublished":"2021-07-20T09:14:46+00:00","dateModified":"2022-05-02T14:20:21+00:00","breadcrumb":{"@id":"https:\/\/www.deratech.be\/pl\/produkty\/wykrawarki-cnc\/dinamica\/#breadcrumb"},"inLanguage":"pl-PL","potentialAction":[{"@type":"ReadAction","target":["https:\/\/www.deratech.be\/pl\/produkty\/wykrawarki-cnc\/dinamica\/"]}]},{"@type":"ImageObject","inLanguage":"pl-PL","@id":"https:\/\/www.deratech.be\/pl\/produkty\/wykrawarki-cnc\/dinamica\/#primaryimage","url":"https:\/\/www.deratech.be\/wp-content\/uploads\/2021\/07\/ccb4e23c8aa216f1e96d31ab209c036b_XL.jpg","contentUrl":"https:\/\/www.deratech.be\/wp-content\/uploads\/2021\/07\/ccb4e23c8aa216f1e96d31ab209c036b_XL.jpg","width":770,"height":514},{"@type":"BreadcrumbList","@id":"https:\/\/www.deratech.be\/pl\/produkty\/wykrawarki-cnc\/dinamica\/#breadcrumb","itemListElement":[{"@type":"ListItem","position":1,"name":"Home","item":"https:\/\/www.deratech.be\/pl\/"},{"@type":"ListItem","position":2,"name":"Produkty","item":"https:\/\/www.deratech.be\/pl\/produkty\/"},{"@type":"ListItem","position":3,"name":"Wykrawarki cnc","item":"https:\/\/www.deratech.be\/pl\/produkty\/wykrawarki-cnc\/"},{"@type":"ListItem","position":4,"name":"Dinamica"}]},{"@type":"WebSite","@id":"https:\/\/www.deratech.be\/pl\/#website","url":"https:\/\/www.deratech.be\/pl\/","name":"Deratech","description":"","potentialAction":[{"@type":"SearchAction","target":{"@type":"EntryPoint","urlTemplate":"https:\/\/www.deratech.be\/pl\/?s={search_term_string}"},"query-input":{"@type":"PropertyValueSpecification","valueRequired":true,"valueName":"search_term_string"}}],"inLanguage":"pl-PL"}]}},"_links":{"self":[{"href":"https:\/\/www.deratech.be\/pl\/wp-json\/wp\/v2\/product\/791","targetHints":{"allow":["GET"]}}],"collection":[{"href":"https:\/\/www.deratech.be\/pl\/wp-json\/wp\/v2\/product"}],"about":[{"href":"https:\/\/www.deratech.be\/pl\/wp-json\/wp\/v2\/types\/product"}],"wp:featuredmedia":[{"embeddable":true,"href":"https:\/\/www.deratech.be\/pl\/wp-json\/wp\/v2\/media\/445"}],"wp:attachment":[{"href":"https:\/\/www.deratech.be\/pl\/wp-json\/wp\/v2\/media?parent=791"}],"wp:term":[{"taxonomy":"product_cat","embeddable":true,"href":"https:\/\/www.deratech.be\/pl\/wp-json\/wp\/v2\/product_cat?post=791"}],"curies":[{"name":"wp","href":"https:\/\/api.w.org\/{rel}","templated":true}]}}