{"id":766,"date":"2021-07-20T11:02:54","date_gmt":"2021-07-20T09:02:54","guid":{"rendered":"https:\/\/www.deratech.be\/product\/varia\/"},"modified":"2022-05-02T17:10:09","modified_gmt":"2022-05-02T15:10:09","slug":"37-varia","status":"publish","type":"product","link":"https:\/\/www.deratech.be\/pl\/produkty\/nozyce-gilotynowe\/varia\/","title":{"rendered":"Varia"},"content":{"rendered":"<p>Typ VARIA to hydrauliczne, prowadzone liniowo no\u017cyce gilotynowe z regulowanym k\u0105tem ci\u0119cia.<\/p>\n<p>Prowadzone liniowo no\u017cyce gilotynowe DERATECH s\u0105 zbudowane specjalnie i bardzo solidnie w celu zagwarantowania ma\u0142ego k\u0105ta ci\u0119cia. No\u017cyce gilotynowe Deratech VARIA 3 metry 6 mm maj\u0105 maksymalny k\u0105t ci\u0119cia 1\u00b030\u2018, przy czym wi\u0119kszo\u015b\u0107 naszych konkurent\u00f3w oferuje k\u0105t ci\u0119cia jedynie 2\u00b030\u2018 do nawet 4\u00b0.<\/p>\n<p>Ci\u0119\u017cka konstrukcja no\u017cyc gilotynowych VARIA gwarantuje minimalne odkszta\u0142cenia ramy maszyny, co w konsekwencji daje du\u017co lepsze rezultaty ci\u0119cia przy zwi\u0119kszonej wydajno\u015bci i produktywno\u015bci.<\/p>\n<p><strong>\u00a0<\/strong><\/p>\n<p><strong>Dane techniczne<\/strong><\/p>\n<ul>\n<li>No\u017cyce gilotynowe serii VARIA maj\u0105 stabiln\u0105 konstrukcj\u0119, przy czym maksymalny k\u0105t ci\u0119cia jest ograniczony do minimum, aby zagwarantowa\u0107 doskona\u0142e efekty ci\u0119cia.<\/li>\n<li>N\u00f3\u017c g\u00f3rny i dolny z 4 kraw\u0119dziami tn\u0105cymi<\/li>\n<li>G\u00f3rne cylindry g\u0142\u00f3wne zapewniaj\u0105, \u017ce sp\u00f3d no\u017cyc jest ca\u0142kowicie wolny, dzi\u0119ki czemu mo\u017cliwe s\u0105 liczne opcje<\/li>\n<li>Ma\u0142y k\u0105t ci\u0119cia gwarantuje szybki i precyzyjny proces ci\u0119cia<\/li>\n<li>No\u017cyce gilotynowe VARIA s\u0105 wyposa\u017cone seryjnie w automatyczn\u0105 regulacj\u0119 k\u0105ta i szczeliny ci\u0119cia<\/li>\n<li>Dost\u0119pne od 6 do 30 mm, do 10 metr\u00f3w d\u0142ugo\u015bci ci\u0119cia<\/li>\n<\/ul>\n","protected":false},"featured_media":433,"template":"","product_cat":[39],"class_list":["post-766","product","type-product","status-publish","has-post-thumbnail","hentry","product_cat-nozyce-gilotynowe"],"acf":[],"yoast_head":"<!-- This site is optimized with the Yoast SEO plugin v27.0 - https:\/\/yoast.com\/product\/yoast-seo-wordpress\/ -->\n<title>Varia - Deratech<\/title>\n<meta name=\"robots\" content=\"index, follow, max-snippet:-1, max-image-preview:large, max-video-preview:-1\" \/>\n<link rel=\"canonical\" href=\"https:\/\/www.deratech.be\/pl\/produkty\/nozyce-gilotynowe\/varia\/\" \/>\n<meta property=\"og:locale\" content=\"pl_PL\" \/>\n<meta property=\"og:type\" content=\"article\" \/>\n<meta property=\"og:title\" content=\"Varia - Deratech\" \/>\n<meta property=\"og:description\" content=\"Typ VARIA to hydrauliczne, prowadzone liniowo no\u017cyce gilotynowe z regulowanym k\u0105tem ci\u0119cia. Prowadzone liniowo no\u017cyce gilotynowe DERATECH s\u0105 zbudowane specjalnie i bardzo solidnie w celu zagwarantowania ma\u0142ego k\u0105ta ci\u0119cia. No\u017cyce gilotynowe Deratech VARIA 3 metry 6 mm maj\u0105 maksymalny k\u0105t ci\u0119cia 1\u00b030\u2018, przy czym wi\u0119kszo\u015b\u0107 naszych konkurent\u00f3w oferuje k\u0105t ci\u0119cia jedynie 2\u00b030\u2018 do nawet 4\u00b0. [&hellip;]\" \/>\n<meta property=\"og:url\" content=\"https:\/\/www.deratech.be\/pl\/produkty\/nozyce-gilotynowe\/varia\/\" \/>\n<meta property=\"og:site_name\" content=\"Deratech\" \/>\n<meta property=\"article:modified_time\" content=\"2022-05-02T15:10:09+00:00\" \/>\n<meta property=\"og:image\" content=\"https:\/\/www.deratech.be\/wp-content\/uploads\/2021\/07\/39eee751af30032eeece2f48de2de4ba_XL.jpg\" \/>\n\t<meta property=\"og:image:width\" content=\"770\" \/>\n\t<meta property=\"og:image:height\" content=\"514\" \/>\n\t<meta property=\"og:image:type\" content=\"image\/jpeg\" \/>\n<meta name=\"twitter:card\" content=\"summary_large_image\" \/>\n<meta name=\"twitter:label1\" content=\"Szacowany czas czytania\" \/>\n\t<meta name=\"twitter:data1\" content=\"1 minuta\" \/>\n<script type=\"application\/ld+json\" class=\"yoast-schema-graph\">{\"@context\":\"https:\/\/schema.org\",\"@graph\":[{\"@type\":\"WebPage\",\"@id\":\"https:\/\/www.deratech.be\/pl\/produkty\/nozyce-gilotynowe\/varia\/\",\"url\":\"https:\/\/www.deratech.be\/pl\/produkty\/nozyce-gilotynowe\/varia\/\",\"name\":\"Varia - Deratech\",\"isPartOf\":{\"@id\":\"https:\/\/www.deratech.be\/pl\/#website\"},\"primaryImageOfPage\":{\"@id\":\"https:\/\/www.deratech.be\/pl\/produkty\/nozyce-gilotynowe\/varia\/#primaryimage\"},\"image\":{\"@id\":\"https:\/\/www.deratech.be\/pl\/produkty\/nozyce-gilotynowe\/varia\/#primaryimage\"},\"thumbnailUrl\":\"https:\/\/www.deratech.be\/wp-content\/uploads\/2021\/07\/39eee751af30032eeece2f48de2de4ba_XL.jpg\",\"datePublished\":\"2021-07-20T09:02:54+00:00\",\"dateModified\":\"2022-05-02T15:10:09+00:00\",\"breadcrumb\":{\"@id\":\"https:\/\/www.deratech.be\/pl\/produkty\/nozyce-gilotynowe\/varia\/#breadcrumb\"},\"inLanguage\":\"pl-PL\",\"potentialAction\":[{\"@type\":\"ReadAction\",\"target\":[\"https:\/\/www.deratech.be\/pl\/produkty\/nozyce-gilotynowe\/varia\/\"]}]},{\"@type\":\"ImageObject\",\"inLanguage\":\"pl-PL\",\"@id\":\"https:\/\/www.deratech.be\/pl\/produkty\/nozyce-gilotynowe\/varia\/#primaryimage\",\"url\":\"https:\/\/www.deratech.be\/wp-content\/uploads\/2021\/07\/39eee751af30032eeece2f48de2de4ba_XL.jpg\",\"contentUrl\":\"https:\/\/www.deratech.be\/wp-content\/uploads\/2021\/07\/39eee751af30032eeece2f48de2de4ba_XL.jpg\",\"width\":770,\"height\":514},{\"@type\":\"BreadcrumbList\",\"@id\":\"https:\/\/www.deratech.be\/pl\/produkty\/nozyce-gilotynowe\/varia\/#breadcrumb\",\"itemListElement\":[{\"@type\":\"ListItem\",\"position\":1,\"name\":\"Home\",\"item\":\"https:\/\/www.deratech.be\/pl\/\"},{\"@type\":\"ListItem\",\"position\":2,\"name\":\"Produkty\",\"item\":\"https:\/\/www.deratech.be\/pl\/produkty\/\"},{\"@type\":\"ListItem\",\"position\":3,\"name\":\"Nozyce gilotynowe\",\"item\":\"https:\/\/www.deratech.be\/pl\/produkty\/nozyce-gilotynowe\/\"},{\"@type\":\"ListItem\",\"position\":4,\"name\":\"Varia\"}]},{\"@type\":\"WebSite\",\"@id\":\"https:\/\/www.deratech.be\/pl\/#website\",\"url\":\"https:\/\/www.deratech.be\/pl\/\",\"name\":\"Deratech\",\"description\":\"\",\"potentialAction\":[{\"@type\":\"SearchAction\",\"target\":{\"@type\":\"EntryPoint\",\"urlTemplate\":\"https:\/\/www.deratech.be\/pl\/?s={search_term_string}\"},\"query-input\":{\"@type\":\"PropertyValueSpecification\",\"valueRequired\":true,\"valueName\":\"search_term_string\"}}],\"inLanguage\":\"pl-PL\"}]}<\/script>\n<!-- \/ Yoast SEO plugin. -->","yoast_head_json":{"title":"Varia - Deratech","robots":{"index":"index","follow":"follow","max-snippet":"max-snippet:-1","max-image-preview":"max-image-preview:large","max-video-preview":"max-video-preview:-1"},"canonical":"https:\/\/www.deratech.be\/pl\/produkty\/nozyce-gilotynowe\/varia\/","og_locale":"pl_PL","og_type":"article","og_title":"Varia - Deratech","og_description":"Typ VARIA to hydrauliczne, prowadzone liniowo no\u017cyce gilotynowe z regulowanym k\u0105tem ci\u0119cia. Prowadzone liniowo no\u017cyce gilotynowe DERATECH s\u0105 zbudowane specjalnie i bardzo solidnie w celu zagwarantowania ma\u0142ego k\u0105ta ci\u0119cia. No\u017cyce gilotynowe Deratech VARIA 3 metry 6 mm maj\u0105 maksymalny k\u0105t ci\u0119cia 1\u00b030\u2018, przy czym wi\u0119kszo\u015b\u0107 naszych konkurent\u00f3w oferuje k\u0105t ci\u0119cia jedynie 2\u00b030\u2018 do nawet 4\u00b0. [&hellip;]","og_url":"https:\/\/www.deratech.be\/pl\/produkty\/nozyce-gilotynowe\/varia\/","og_site_name":"Deratech","article_modified_time":"2022-05-02T15:10:09+00:00","og_image":[{"width":770,"height":514,"url":"https:\/\/www.deratech.be\/wp-content\/uploads\/2021\/07\/39eee751af30032eeece2f48de2de4ba_XL.jpg","type":"image\/jpeg"}],"twitter_card":"summary_large_image","twitter_misc":{"Szacowany czas czytania":"1 minuta"},"schema":{"@context":"https:\/\/schema.org","@graph":[{"@type":"WebPage","@id":"https:\/\/www.deratech.be\/pl\/produkty\/nozyce-gilotynowe\/varia\/","url":"https:\/\/www.deratech.be\/pl\/produkty\/nozyce-gilotynowe\/varia\/","name":"Varia - Deratech","isPartOf":{"@id":"https:\/\/www.deratech.be\/pl\/#website"},"primaryImageOfPage":{"@id":"https:\/\/www.deratech.be\/pl\/produkty\/nozyce-gilotynowe\/varia\/#primaryimage"},"image":{"@id":"https:\/\/www.deratech.be\/pl\/produkty\/nozyce-gilotynowe\/varia\/#primaryimage"},"thumbnailUrl":"https:\/\/www.deratech.be\/wp-content\/uploads\/2021\/07\/39eee751af30032eeece2f48de2de4ba_XL.jpg","datePublished":"2021-07-20T09:02:54+00:00","dateModified":"2022-05-02T15:10:09+00:00","breadcrumb":{"@id":"https:\/\/www.deratech.be\/pl\/produkty\/nozyce-gilotynowe\/varia\/#breadcrumb"},"inLanguage":"pl-PL","potentialAction":[{"@type":"ReadAction","target":["https:\/\/www.deratech.be\/pl\/produkty\/nozyce-gilotynowe\/varia\/"]}]},{"@type":"ImageObject","inLanguage":"pl-PL","@id":"https:\/\/www.deratech.be\/pl\/produkty\/nozyce-gilotynowe\/varia\/#primaryimage","url":"https:\/\/www.deratech.be\/wp-content\/uploads\/2021\/07\/39eee751af30032eeece2f48de2de4ba_XL.jpg","contentUrl":"https:\/\/www.deratech.be\/wp-content\/uploads\/2021\/07\/39eee751af30032eeece2f48de2de4ba_XL.jpg","width":770,"height":514},{"@type":"BreadcrumbList","@id":"https:\/\/www.deratech.be\/pl\/produkty\/nozyce-gilotynowe\/varia\/#breadcrumb","itemListElement":[{"@type":"ListItem","position":1,"name":"Home","item":"https:\/\/www.deratech.be\/pl\/"},{"@type":"ListItem","position":2,"name":"Produkty","item":"https:\/\/www.deratech.be\/pl\/produkty\/"},{"@type":"ListItem","position":3,"name":"Nozyce gilotynowe","item":"https:\/\/www.deratech.be\/pl\/produkty\/nozyce-gilotynowe\/"},{"@type":"ListItem","position":4,"name":"Varia"}]},{"@type":"WebSite","@id":"https:\/\/www.deratech.be\/pl\/#website","url":"https:\/\/www.deratech.be\/pl\/","name":"Deratech","description":"","potentialAction":[{"@type":"SearchAction","target":{"@type":"EntryPoint","urlTemplate":"https:\/\/www.deratech.be\/pl\/?s={search_term_string}"},"query-input":{"@type":"PropertyValueSpecification","valueRequired":true,"valueName":"search_term_string"}}],"inLanguage":"pl-PL"}]}},"_links":{"self":[{"href":"https:\/\/www.deratech.be\/pl\/wp-json\/wp\/v2\/product\/766","targetHints":{"allow":["GET"]}}],"collection":[{"href":"https:\/\/www.deratech.be\/pl\/wp-json\/wp\/v2\/product"}],"about":[{"href":"https:\/\/www.deratech.be\/pl\/wp-json\/wp\/v2\/types\/product"}],"wp:featuredmedia":[{"embeddable":true,"href":"https:\/\/www.deratech.be\/pl\/wp-json\/wp\/v2\/media\/433"}],"wp:attachment":[{"href":"https:\/\/www.deratech.be\/pl\/wp-json\/wp\/v2\/media?parent=766"}],"wp:term":[{"taxonomy":"product_cat","embeddable":true,"href":"https:\/\/www.deratech.be\/pl\/wp-json\/wp\/v2\/product_cat?post=766"}],"curies":[{"name":"wp","href":"https:\/\/api.w.org\/{rel}","templated":true}]}}