{"id":740,"date":"2021-07-20T10:21:53","date_gmt":"2021-07-20T08:21:53","guid":{"rendered":"https:\/\/www.deratech.be\/product\/minibend\/"},"modified":"2022-05-02T16:31:42","modified_gmt":"2022-05-02T14:31:42","slug":"12-minibend","status":"publish","type":"product","link":"https:\/\/www.deratech.be\/pl\/produkty\/prasy-krawedziowe\/minibend\/","title":{"rendered":"Minibend"},"content":{"rendered":"<p>Kompaktowa prasa kraw\u0119dziowa o nacisku 35 i 50 ton. Z energooszcz\u0119dnym nap\u0119dem serwohydraulicznym E-Drive i d\u0142ugo\u015bci\u0105 robocz\u0105 1050 lub 1500 mm.<\/p>\n<p><strong>Dane techniczne<\/strong><\/p>\n<ul>\n<li>Seryjnie z energooszcz\u0119dnym nap\u0119dem serwohydraulicznym E-Drive<\/li>\n<li>Obs\u0142ugiwana z pozycji siedz\u0105cej jak i stoj\u0105cej<\/li>\n<li>Niezwykle szybka praca dzi\u0119ki wysokiej pr\u0119dko\u015bci dosuwu i wycofywania do 200 mm\/s i pr\u0119dko\u015bci gi\u0119cia do 20 mm\/s.<\/li>\n<li>Du\u017cy skok i wysoko\u015b\u0107 monta\u017cowa<\/li>\n<\/ul>\n","protected":false},"featured_media":418,"template":"","product_cat":[36],"class_list":["post-740","product","type-product","status-publish","has-post-thumbnail","hentry","product_cat-prasy-krawedziowe"],"acf":[],"yoast_head":"<!-- This site is optimized with the Yoast SEO plugin v27.0 - https:\/\/yoast.com\/product\/yoast-seo-wordpress\/ -->\n<title>Minibend - Deratech<\/title>\n<meta name=\"robots\" content=\"index, follow, max-snippet:-1, max-image-preview:large, max-video-preview:-1\" \/>\n<link rel=\"canonical\" href=\"https:\/\/www.deratech.be\/pl\/produkty\/prasy-krawedziowe\/minibend\/\" \/>\n<meta property=\"og:locale\" content=\"pl_PL\" \/>\n<meta property=\"og:type\" content=\"article\" \/>\n<meta property=\"og:title\" content=\"Minibend - Deratech\" \/>\n<meta property=\"og:description\" content=\"Kompaktowa prasa kraw\u0119dziowa o nacisku 35 i 50 ton. Z energooszcz\u0119dnym nap\u0119dem serwohydraulicznym E-Drive i d\u0142ugo\u015bci\u0105 robocz\u0105 1050 lub 1500 mm. Dane techniczne Seryjnie z energooszcz\u0119dnym nap\u0119dem serwohydraulicznym E-Drive Obs\u0142ugiwana z pozycji siedz\u0105cej jak i stoj\u0105cej Niezwykle szybka praca dzi\u0119ki wysokiej pr\u0119dko\u015bci dosuwu i wycofywania do 200 mm\/s i pr\u0119dko\u015bci gi\u0119cia do 20 mm\/s. Du\u017cy [&hellip;]\" \/>\n<meta property=\"og:url\" content=\"https:\/\/www.deratech.be\/pl\/produkty\/prasy-krawedziowe\/minibend\/\" \/>\n<meta property=\"og:site_name\" content=\"Deratech\" \/>\n<meta property=\"article:modified_time\" content=\"2022-05-02T14:31:42+00:00\" \/>\n<meta property=\"og:image\" content=\"https:\/\/www.deratech.be\/wp-content\/uploads\/2021\/07\/3899dfe821816fbcb3db3e3b23f81585_XL.jpg\" \/>\n\t<meta property=\"og:image:width\" content=\"770\" \/>\n\t<meta property=\"og:image:height\" content=\"935\" \/>\n\t<meta property=\"og:image:type\" content=\"image\/jpeg\" \/>\n<meta name=\"twitter:card\" content=\"summary_large_image\" \/>\n<meta name=\"twitter:label1\" content=\"Szacowany czas czytania\" \/>\n\t<meta name=\"twitter:data1\" content=\"1 minuta\" \/>\n<script type=\"application\/ld+json\" class=\"yoast-schema-graph\">{\"@context\":\"https:\/\/schema.org\",\"@graph\":[{\"@type\":\"WebPage\",\"@id\":\"https:\/\/www.deratech.be\/pl\/produkty\/prasy-krawedziowe\/minibend\/\",\"url\":\"https:\/\/www.deratech.be\/pl\/produkty\/prasy-krawedziowe\/minibend\/\",\"name\":\"Minibend - Deratech\",\"isPartOf\":{\"@id\":\"https:\/\/www.deratech.be\/pl\/#website\"},\"primaryImageOfPage\":{\"@id\":\"https:\/\/www.deratech.be\/pl\/produkty\/prasy-krawedziowe\/minibend\/#primaryimage\"},\"image\":{\"@id\":\"https:\/\/www.deratech.be\/pl\/produkty\/prasy-krawedziowe\/minibend\/#primaryimage\"},\"thumbnailUrl\":\"https:\/\/www.deratech.be\/wp-content\/uploads\/2021\/07\/3899dfe821816fbcb3db3e3b23f81585_XL.jpg\",\"datePublished\":\"2021-07-20T08:21:53+00:00\",\"dateModified\":\"2022-05-02T14:31:42+00:00\",\"breadcrumb\":{\"@id\":\"https:\/\/www.deratech.be\/pl\/produkty\/prasy-krawedziowe\/minibend\/#breadcrumb\"},\"inLanguage\":\"pl-PL\",\"potentialAction\":[{\"@type\":\"ReadAction\",\"target\":[\"https:\/\/www.deratech.be\/pl\/produkty\/prasy-krawedziowe\/minibend\/\"]}]},{\"@type\":\"ImageObject\",\"inLanguage\":\"pl-PL\",\"@id\":\"https:\/\/www.deratech.be\/pl\/produkty\/prasy-krawedziowe\/minibend\/#primaryimage\",\"url\":\"https:\/\/www.deratech.be\/wp-content\/uploads\/2021\/07\/3899dfe821816fbcb3db3e3b23f81585_XL.jpg\",\"contentUrl\":\"https:\/\/www.deratech.be\/wp-content\/uploads\/2021\/07\/3899dfe821816fbcb3db3e3b23f81585_XL.jpg\",\"width\":770,\"height\":935},{\"@type\":\"BreadcrumbList\",\"@id\":\"https:\/\/www.deratech.be\/pl\/produkty\/prasy-krawedziowe\/minibend\/#breadcrumb\",\"itemListElement\":[{\"@type\":\"ListItem\",\"position\":1,\"name\":\"Home\",\"item\":\"https:\/\/www.deratech.be\/pl\/\"},{\"@type\":\"ListItem\",\"position\":2,\"name\":\"Produkty\",\"item\":\"https:\/\/www.deratech.be\/pl\/produkty\/\"},{\"@type\":\"ListItem\",\"position\":3,\"name\":\"Prasy krawedziowe\",\"item\":\"https:\/\/www.deratech.be\/pl\/produkty\/prasy-krawedziowe\/\"},{\"@type\":\"ListItem\",\"position\":4,\"name\":\"Minibend\"}]},{\"@type\":\"WebSite\",\"@id\":\"https:\/\/www.deratech.be\/pl\/#website\",\"url\":\"https:\/\/www.deratech.be\/pl\/\",\"name\":\"Deratech\",\"description\":\"\",\"potentialAction\":[{\"@type\":\"SearchAction\",\"target\":{\"@type\":\"EntryPoint\",\"urlTemplate\":\"https:\/\/www.deratech.be\/pl\/?s={search_term_string}\"},\"query-input\":{\"@type\":\"PropertyValueSpecification\",\"valueRequired\":true,\"valueName\":\"search_term_string\"}}],\"inLanguage\":\"pl-PL\"}]}<\/script>\n<!-- \/ Yoast SEO plugin. -->","yoast_head_json":{"title":"Minibend - Deratech","robots":{"index":"index","follow":"follow","max-snippet":"max-snippet:-1","max-image-preview":"max-image-preview:large","max-video-preview":"max-video-preview:-1"},"canonical":"https:\/\/www.deratech.be\/pl\/produkty\/prasy-krawedziowe\/minibend\/","og_locale":"pl_PL","og_type":"article","og_title":"Minibend - Deratech","og_description":"Kompaktowa prasa kraw\u0119dziowa o nacisku 35 i 50 ton. Z energooszcz\u0119dnym nap\u0119dem serwohydraulicznym E-Drive i d\u0142ugo\u015bci\u0105 robocz\u0105 1050 lub 1500 mm. Dane techniczne Seryjnie z energooszcz\u0119dnym nap\u0119dem serwohydraulicznym E-Drive Obs\u0142ugiwana z pozycji siedz\u0105cej jak i stoj\u0105cej Niezwykle szybka praca dzi\u0119ki wysokiej pr\u0119dko\u015bci dosuwu i wycofywania do 200 mm\/s i pr\u0119dko\u015bci gi\u0119cia do 20 mm\/s. Du\u017cy [&hellip;]","og_url":"https:\/\/www.deratech.be\/pl\/produkty\/prasy-krawedziowe\/minibend\/","og_site_name":"Deratech","article_modified_time":"2022-05-02T14:31:42+00:00","og_image":[{"width":770,"height":935,"url":"https:\/\/www.deratech.be\/wp-content\/uploads\/2021\/07\/3899dfe821816fbcb3db3e3b23f81585_XL.jpg","type":"image\/jpeg"}],"twitter_card":"summary_large_image","twitter_misc":{"Szacowany czas czytania":"1 minuta"},"schema":{"@context":"https:\/\/schema.org","@graph":[{"@type":"WebPage","@id":"https:\/\/www.deratech.be\/pl\/produkty\/prasy-krawedziowe\/minibend\/","url":"https:\/\/www.deratech.be\/pl\/produkty\/prasy-krawedziowe\/minibend\/","name":"Minibend - Deratech","isPartOf":{"@id":"https:\/\/www.deratech.be\/pl\/#website"},"primaryImageOfPage":{"@id":"https:\/\/www.deratech.be\/pl\/produkty\/prasy-krawedziowe\/minibend\/#primaryimage"},"image":{"@id":"https:\/\/www.deratech.be\/pl\/produkty\/prasy-krawedziowe\/minibend\/#primaryimage"},"thumbnailUrl":"https:\/\/www.deratech.be\/wp-content\/uploads\/2021\/07\/3899dfe821816fbcb3db3e3b23f81585_XL.jpg","datePublished":"2021-07-20T08:21:53+00:00","dateModified":"2022-05-02T14:31:42+00:00","breadcrumb":{"@id":"https:\/\/www.deratech.be\/pl\/produkty\/prasy-krawedziowe\/minibend\/#breadcrumb"},"inLanguage":"pl-PL","potentialAction":[{"@type":"ReadAction","target":["https:\/\/www.deratech.be\/pl\/produkty\/prasy-krawedziowe\/minibend\/"]}]},{"@type":"ImageObject","inLanguage":"pl-PL","@id":"https:\/\/www.deratech.be\/pl\/produkty\/prasy-krawedziowe\/minibend\/#primaryimage","url":"https:\/\/www.deratech.be\/wp-content\/uploads\/2021\/07\/3899dfe821816fbcb3db3e3b23f81585_XL.jpg","contentUrl":"https:\/\/www.deratech.be\/wp-content\/uploads\/2021\/07\/3899dfe821816fbcb3db3e3b23f81585_XL.jpg","width":770,"height":935},{"@type":"BreadcrumbList","@id":"https:\/\/www.deratech.be\/pl\/produkty\/prasy-krawedziowe\/minibend\/#breadcrumb","itemListElement":[{"@type":"ListItem","position":1,"name":"Home","item":"https:\/\/www.deratech.be\/pl\/"},{"@type":"ListItem","position":2,"name":"Produkty","item":"https:\/\/www.deratech.be\/pl\/produkty\/"},{"@type":"ListItem","position":3,"name":"Prasy krawedziowe","item":"https:\/\/www.deratech.be\/pl\/produkty\/prasy-krawedziowe\/"},{"@type":"ListItem","position":4,"name":"Minibend"}]},{"@type":"WebSite","@id":"https:\/\/www.deratech.be\/pl\/#website","url":"https:\/\/www.deratech.be\/pl\/","name":"Deratech","description":"","potentialAction":[{"@type":"SearchAction","target":{"@type":"EntryPoint","urlTemplate":"https:\/\/www.deratech.be\/pl\/?s={search_term_string}"},"query-input":{"@type":"PropertyValueSpecification","valueRequired":true,"valueName":"search_term_string"}}],"inLanguage":"pl-PL"}]}},"_links":{"self":[{"href":"https:\/\/www.deratech.be\/pl\/wp-json\/wp\/v2\/product\/740","targetHints":{"allow":["GET"]}}],"collection":[{"href":"https:\/\/www.deratech.be\/pl\/wp-json\/wp\/v2\/product"}],"about":[{"href":"https:\/\/www.deratech.be\/pl\/wp-json\/wp\/v2\/types\/product"}],"wp:featuredmedia":[{"embeddable":true,"href":"https:\/\/www.deratech.be\/pl\/wp-json\/wp\/v2\/media\/418"}],"wp:attachment":[{"href":"https:\/\/www.deratech.be\/pl\/wp-json\/wp\/v2\/media?parent=740"}],"wp:term":[{"taxonomy":"product_cat","embeddable":true,"href":"https:\/\/www.deratech.be\/pl\/wp-json\/wp\/v2\/product_cat?post=740"}],"curies":[{"name":"wp","href":"https:\/\/api.w.org\/{rel}","templated":true}]}}