{"id":722,"date":"2021-07-21T17:27:22","date_gmt":"2021-07-21T15:27:22","guid":{"rendered":"https:\/\/www.deratech.be\/uslugi\/ombouw-gereedschappen\/"},"modified":"2021-07-22T19:24:07","modified_gmt":"2021-07-22T17:24:07","slug":"33-modernizacja-narzedzi","status":"publish","type":"page","link":"https:\/\/www.deratech.be\/pl\/uslugi\/33-modernizacja-narzedzi\/","title":{"rendered":"MODERNIZACJA NARZ\u0118DZI"},"content":{"rendered":"<p>Konwersja na uniwersalny system narz\u0119dzi oferuje w wi\u0119kszo\u015bci przypadk\u00f3w wi\u0119ksz\u0105 elastyczno\u015b\u0107 i dodatkowy potencja\u0142 oszcz\u0119dno\u015bci.<\/p>\n","protected":false},"excerpt":{"rendered":"<p>Konwersja na uniwersalny system narz\u0119dzi oferuje w wi\u0119kszo\u015bci przypadk\u00f3w wi\u0119ksz\u0105 elastyczno\u015b\u0107 i dodatkowy potencja\u0142 oszcz\u0119dno\u015bci.<\/p>\n","protected":false},"author":1,"featured_media":586,"parent":687,"menu_order":33,"comment_status":"closed","ping_status":"closed","template":"","meta":{"_acf_changed":false,"inline_featured_image":false,"footnotes":""},"class_list":["post-722","page","type-page","status-publish","has-post-thumbnail","hentry"],"acf":[],"yoast_head":"<!-- This site is optimized with the Yoast SEO plugin v27.0 - https:\/\/yoast.com\/product\/yoast-seo-wordpress\/ -->\n<title>MODERNIZACJA NARZ\u0118DZI - Deratech<\/title>\n<meta name=\"robots\" content=\"index, follow, max-snippet:-1, max-image-preview:large, max-video-preview:-1\" \/>\n<link rel=\"canonical\" href=\"https:\/\/www.deratech.be\/pl\/uslugi\/33-modernizacja-narzedzi\/\" \/>\n<meta property=\"og:locale\" content=\"pl_PL\" \/>\n<meta property=\"og:type\" content=\"article\" \/>\n<meta property=\"og:title\" content=\"MODERNIZACJA NARZ\u0118DZI - Deratech\" \/>\n<meta property=\"og:description\" content=\"Konwersja na uniwersalny system narz\u0119dzi oferuje w wi\u0119kszo\u015bci przypadk\u00f3w wi\u0119ksz\u0105 elastyczno\u015b\u0107 i dodatkowy potencja\u0142 oszcz\u0119dno\u015bci.\" \/>\n<meta property=\"og:url\" content=\"https:\/\/www.deratech.be\/pl\/uslugi\/33-modernizacja-narzedzi\/\" \/>\n<meta property=\"og:site_name\" content=\"Deratech\" \/>\n<meta property=\"article:modified_time\" content=\"2021-07-22T17:24:07+00:00\" \/>\n<meta property=\"og:image\" content=\"https:\/\/www.deratech.be\/wp-content\/uploads\/2021\/07\/f7a0a54c92471ac4480e727e4ccf93df_XL-1.jpg\" \/>\n\t<meta property=\"og:image:width\" content=\"770\" \/>\n\t<meta property=\"og:image:height\" content=\"498\" \/>\n\t<meta property=\"og:image:type\" content=\"image\/jpeg\" \/>\n<meta name=\"twitter:card\" content=\"summary_large_image\" \/>\n<meta name=\"twitter:label1\" content=\"Szacowany czas czytania\" \/>\n\t<meta name=\"twitter:data1\" content=\"1 minuta\" \/>\n<script type=\"application\/ld+json\" class=\"yoast-schema-graph\">{\"@context\":\"https:\/\/schema.org\",\"@graph\":[{\"@type\":\"WebPage\",\"@id\":\"https:\/\/www.deratech.be\/pl\/uslugi\/33-modernizacja-narzedzi\/\",\"url\":\"https:\/\/www.deratech.be\/pl\/uslugi\/33-modernizacja-narzedzi\/\",\"name\":\"MODERNIZACJA NARZ\u0118DZI - Deratech\",\"isPartOf\":{\"@id\":\"https:\/\/www.deratech.be\/pl\/#website\"},\"primaryImageOfPage\":{\"@id\":\"https:\/\/www.deratech.be\/pl\/uslugi\/33-modernizacja-narzedzi\/#primaryimage\"},\"image\":{\"@id\":\"https:\/\/www.deratech.be\/pl\/uslugi\/33-modernizacja-narzedzi\/#primaryimage\"},\"thumbnailUrl\":\"https:\/\/www.deratech.be\/wp-content\/uploads\/2021\/07\/f7a0a54c92471ac4480e727e4ccf93df_XL-1.jpg\",\"datePublished\":\"2021-07-21T15:27:22+00:00\",\"dateModified\":\"2021-07-22T17:24:07+00:00\",\"breadcrumb\":{\"@id\":\"https:\/\/www.deratech.be\/pl\/uslugi\/33-modernizacja-narzedzi\/#breadcrumb\"},\"inLanguage\":\"pl-PL\",\"potentialAction\":[{\"@type\":\"ReadAction\",\"target\":[\"https:\/\/www.deratech.be\/pl\/uslugi\/33-modernizacja-narzedzi\/\"]}]},{\"@type\":\"ImageObject\",\"inLanguage\":\"pl-PL\",\"@id\":\"https:\/\/www.deratech.be\/pl\/uslugi\/33-modernizacja-narzedzi\/#primaryimage\",\"url\":\"https:\/\/www.deratech.be\/wp-content\/uploads\/2021\/07\/f7a0a54c92471ac4480e727e4ccf93df_XL-1.jpg\",\"contentUrl\":\"https:\/\/www.deratech.be\/wp-content\/uploads\/2021\/07\/f7a0a54c92471ac4480e727e4ccf93df_XL-1.jpg\",\"width\":770,\"height\":498},{\"@type\":\"BreadcrumbList\",\"@id\":\"https:\/\/www.deratech.be\/pl\/uslugi\/33-modernizacja-narzedzi\/#breadcrumb\",\"itemListElement\":[{\"@type\":\"ListItem\",\"position\":1,\"name\":\"Home\",\"item\":\"https:\/\/www.deratech.be\/pl\/\"},{\"@type\":\"ListItem\",\"position\":2,\"name\":\"Us\u0142ugi\",\"item\":\"https:\/\/www.deratech.be\/pl\/uslugi\/\"},{\"@type\":\"ListItem\",\"position\":3,\"name\":\"MODERNIZACJA NARZ\u0118DZI\"}]},{\"@type\":\"WebSite\",\"@id\":\"https:\/\/www.deratech.be\/pl\/#website\",\"url\":\"https:\/\/www.deratech.be\/pl\/\",\"name\":\"Deratech\",\"description\":\"\",\"potentialAction\":[{\"@type\":\"SearchAction\",\"target\":{\"@type\":\"EntryPoint\",\"urlTemplate\":\"https:\/\/www.deratech.be\/pl\/?s={search_term_string}\"},\"query-input\":{\"@type\":\"PropertyValueSpecification\",\"valueRequired\":true,\"valueName\":\"search_term_string\"}}],\"inLanguage\":\"pl-PL\"}]}<\/script>\n<!-- \/ Yoast SEO plugin. -->","yoast_head_json":{"title":"MODERNIZACJA NARZ\u0118DZI - Deratech","robots":{"index":"index","follow":"follow","max-snippet":"max-snippet:-1","max-image-preview":"max-image-preview:large","max-video-preview":"max-video-preview:-1"},"canonical":"https:\/\/www.deratech.be\/pl\/uslugi\/33-modernizacja-narzedzi\/","og_locale":"pl_PL","og_type":"article","og_title":"MODERNIZACJA NARZ\u0118DZI - Deratech","og_description":"Konwersja na uniwersalny system narz\u0119dzi oferuje w wi\u0119kszo\u015bci przypadk\u00f3w wi\u0119ksz\u0105 elastyczno\u015b\u0107 i dodatkowy potencja\u0142 oszcz\u0119dno\u015bci.","og_url":"https:\/\/www.deratech.be\/pl\/uslugi\/33-modernizacja-narzedzi\/","og_site_name":"Deratech","article_modified_time":"2021-07-22T17:24:07+00:00","og_image":[{"width":770,"height":498,"url":"https:\/\/www.deratech.be\/wp-content\/uploads\/2021\/07\/f7a0a54c92471ac4480e727e4ccf93df_XL-1.jpg","type":"image\/jpeg"}],"twitter_card":"summary_large_image","twitter_misc":{"Szacowany czas czytania":"1 minuta"},"schema":{"@context":"https:\/\/schema.org","@graph":[{"@type":"WebPage","@id":"https:\/\/www.deratech.be\/pl\/uslugi\/33-modernizacja-narzedzi\/","url":"https:\/\/www.deratech.be\/pl\/uslugi\/33-modernizacja-narzedzi\/","name":"MODERNIZACJA NARZ\u0118DZI - Deratech","isPartOf":{"@id":"https:\/\/www.deratech.be\/pl\/#website"},"primaryImageOfPage":{"@id":"https:\/\/www.deratech.be\/pl\/uslugi\/33-modernizacja-narzedzi\/#primaryimage"},"image":{"@id":"https:\/\/www.deratech.be\/pl\/uslugi\/33-modernizacja-narzedzi\/#primaryimage"},"thumbnailUrl":"https:\/\/www.deratech.be\/wp-content\/uploads\/2021\/07\/f7a0a54c92471ac4480e727e4ccf93df_XL-1.jpg","datePublished":"2021-07-21T15:27:22+00:00","dateModified":"2021-07-22T17:24:07+00:00","breadcrumb":{"@id":"https:\/\/www.deratech.be\/pl\/uslugi\/33-modernizacja-narzedzi\/#breadcrumb"},"inLanguage":"pl-PL","potentialAction":[{"@type":"ReadAction","target":["https:\/\/www.deratech.be\/pl\/uslugi\/33-modernizacja-narzedzi\/"]}]},{"@type":"ImageObject","inLanguage":"pl-PL","@id":"https:\/\/www.deratech.be\/pl\/uslugi\/33-modernizacja-narzedzi\/#primaryimage","url":"https:\/\/www.deratech.be\/wp-content\/uploads\/2021\/07\/f7a0a54c92471ac4480e727e4ccf93df_XL-1.jpg","contentUrl":"https:\/\/www.deratech.be\/wp-content\/uploads\/2021\/07\/f7a0a54c92471ac4480e727e4ccf93df_XL-1.jpg","width":770,"height":498},{"@type":"BreadcrumbList","@id":"https:\/\/www.deratech.be\/pl\/uslugi\/33-modernizacja-narzedzi\/#breadcrumb","itemListElement":[{"@type":"ListItem","position":1,"name":"Home","item":"https:\/\/www.deratech.be\/pl\/"},{"@type":"ListItem","position":2,"name":"Us\u0142ugi","item":"https:\/\/www.deratech.be\/pl\/uslugi\/"},{"@type":"ListItem","position":3,"name":"MODERNIZACJA NARZ\u0118DZI"}]},{"@type":"WebSite","@id":"https:\/\/www.deratech.be\/pl\/#website","url":"https:\/\/www.deratech.be\/pl\/","name":"Deratech","description":"","potentialAction":[{"@type":"SearchAction","target":{"@type":"EntryPoint","urlTemplate":"https:\/\/www.deratech.be\/pl\/?s={search_term_string}"},"query-input":{"@type":"PropertyValueSpecification","valueRequired":true,"valueName":"search_term_string"}}],"inLanguage":"pl-PL"}]}},"_links":{"self":[{"href":"https:\/\/www.deratech.be\/pl\/wp-json\/wp\/v2\/pages\/722","targetHints":{"allow":["GET"]}}],"collection":[{"href":"https:\/\/www.deratech.be\/pl\/wp-json\/wp\/v2\/pages"}],"about":[{"href":"https:\/\/www.deratech.be\/pl\/wp-json\/wp\/v2\/types\/page"}],"author":[{"embeddable":true,"href":"https:\/\/www.deratech.be\/pl\/wp-json\/wp\/v2\/users\/1"}],"replies":[{"embeddable":true,"href":"https:\/\/www.deratech.be\/pl\/wp-json\/wp\/v2\/comments?post=722"}],"version-history":[{"count":0,"href":"https:\/\/www.deratech.be\/pl\/wp-json\/wp\/v2\/pages\/722\/revisions"}],"up":[{"embeddable":true,"href":"https:\/\/www.deratech.be\/pl\/wp-json\/wp\/v2\/pages\/687"}],"wp:featuredmedia":[{"embeddable":true,"href":"https:\/\/www.deratech.be\/pl\/wp-json\/wp\/v2\/media\/586"}],"wp:attachment":[{"href":"https:\/\/www.deratech.be\/pl\/wp-json\/wp\/v2\/media?parent=722"}],"curies":[{"name":"wp","href":"https:\/\/api.w.org\/{rel}","templated":true}]}}