{"id":707,"date":"2021-07-21T17:28:32","date_gmt":"2021-07-21T15:28:32","guid":{"rendered":"https:\/\/www.deratech.be\/uslugi\/ombouw-besturing\/"},"modified":"2021-07-22T19:11:51","modified_gmt":"2021-07-22T17:11:51","slug":"26-modernizacja-sterowania-cnc","status":"publish","type":"page","link":"https:\/\/www.deratech.be\/pl\/uslugi\/26-modernizacja-sterowania-cnc\/","title":{"rendered":"MODERNIZACJA STEROWANIA CNC"},"content":{"rendered":"<p>Wymienimy Twoje wadliwe sterowanie CNC i zainstalujemy przyjazne dla u\u017cytkownika, nowoczesne sterowanie za rozs\u0105dn\u0105 cen\u0119.<\/p>\n","protected":false},"excerpt":{"rendered":"<p>Wymienimy Twoje wadliwe sterowanie CNC i zainstalujemy przyjazne dla u\u017cytkownika, nowoczesne sterowanie za rozs\u0105dn\u0105 cen\u0119.<\/p>\n","protected":false},"author":1,"featured_media":589,"parent":687,"menu_order":34,"comment_status":"closed","ping_status":"closed","template":"","meta":{"_acf_changed":false,"inline_featured_image":false,"footnotes":""},"class_list":["post-707","page","type-page","status-publish","has-post-thumbnail","hentry"],"acf":[],"yoast_head":"<!-- This site is optimized with the Yoast SEO plugin v27.0 - https:\/\/yoast.com\/product\/yoast-seo-wordpress\/ -->\n<title>MODERNIZACJA STEROWANIA CNC - Deratech<\/title>\n<meta name=\"robots\" content=\"index, follow, max-snippet:-1, max-image-preview:large, max-video-preview:-1\" \/>\n<link rel=\"canonical\" href=\"https:\/\/www.deratech.be\/pl\/uslugi\/26-modernizacja-sterowania-cnc\/\" \/>\n<meta property=\"og:locale\" content=\"pl_PL\" \/>\n<meta property=\"og:type\" content=\"article\" \/>\n<meta property=\"og:title\" content=\"MODERNIZACJA STEROWANIA CNC - Deratech\" \/>\n<meta property=\"og:description\" content=\"Wymienimy Twoje wadliwe sterowanie CNC i zainstalujemy przyjazne dla u\u017cytkownika, nowoczesne sterowanie za rozs\u0105dn\u0105 cen\u0119.\" \/>\n<meta property=\"og:url\" content=\"https:\/\/www.deratech.be\/pl\/uslugi\/26-modernizacja-sterowania-cnc\/\" \/>\n<meta property=\"og:site_name\" content=\"Deratech\" \/>\n<meta property=\"article:modified_time\" content=\"2021-07-22T17:11:51+00:00\" \/>\n<meta property=\"og:image\" content=\"https:\/\/www.deratech.be\/wp-content\/uploads\/2021\/07\/feb4274796d93ff716e9650163a77fb8_XL.jpg\" \/>\n\t<meta property=\"og:image:width\" content=\"770\" \/>\n\t<meta property=\"og:image:height\" content=\"753\" \/>\n\t<meta property=\"og:image:type\" content=\"image\/jpeg\" \/>\n<meta name=\"twitter:card\" content=\"summary_large_image\" \/>\n<meta name=\"twitter:label1\" content=\"Szacowany czas czytania\" \/>\n\t<meta name=\"twitter:data1\" content=\"1 minuta\" \/>\n<script type=\"application\/ld+json\" class=\"yoast-schema-graph\">{\"@context\":\"https:\/\/schema.org\",\"@graph\":[{\"@type\":\"WebPage\",\"@id\":\"https:\/\/www.deratech.be\/pl\/uslugi\/26-modernizacja-sterowania-cnc\/\",\"url\":\"https:\/\/www.deratech.be\/pl\/uslugi\/26-modernizacja-sterowania-cnc\/\",\"name\":\"MODERNIZACJA STEROWANIA CNC - Deratech\",\"isPartOf\":{\"@id\":\"https:\/\/www.deratech.be\/pl\/#website\"},\"primaryImageOfPage\":{\"@id\":\"https:\/\/www.deratech.be\/pl\/uslugi\/26-modernizacja-sterowania-cnc\/#primaryimage\"},\"image\":{\"@id\":\"https:\/\/www.deratech.be\/pl\/uslugi\/26-modernizacja-sterowania-cnc\/#primaryimage\"},\"thumbnailUrl\":\"https:\/\/www.deratech.be\/wp-content\/uploads\/2021\/07\/feb4274796d93ff716e9650163a77fb8_XL.jpg\",\"datePublished\":\"2021-07-21T15:28:32+00:00\",\"dateModified\":\"2021-07-22T17:11:51+00:00\",\"breadcrumb\":{\"@id\":\"https:\/\/www.deratech.be\/pl\/uslugi\/26-modernizacja-sterowania-cnc\/#breadcrumb\"},\"inLanguage\":\"pl-PL\",\"potentialAction\":[{\"@type\":\"ReadAction\",\"target\":[\"https:\/\/www.deratech.be\/pl\/uslugi\/26-modernizacja-sterowania-cnc\/\"]}]},{\"@type\":\"ImageObject\",\"inLanguage\":\"pl-PL\",\"@id\":\"https:\/\/www.deratech.be\/pl\/uslugi\/26-modernizacja-sterowania-cnc\/#primaryimage\",\"url\":\"https:\/\/www.deratech.be\/wp-content\/uploads\/2021\/07\/feb4274796d93ff716e9650163a77fb8_XL.jpg\",\"contentUrl\":\"https:\/\/www.deratech.be\/wp-content\/uploads\/2021\/07\/feb4274796d93ff716e9650163a77fb8_XL.jpg\",\"width\":770,\"height\":753},{\"@type\":\"BreadcrumbList\",\"@id\":\"https:\/\/www.deratech.be\/pl\/uslugi\/26-modernizacja-sterowania-cnc\/#breadcrumb\",\"itemListElement\":[{\"@type\":\"ListItem\",\"position\":1,\"name\":\"Home\",\"item\":\"https:\/\/www.deratech.be\/pl\/\"},{\"@type\":\"ListItem\",\"position\":2,\"name\":\"Us\u0142ugi\",\"item\":\"https:\/\/www.deratech.be\/pl\/uslugi\/\"},{\"@type\":\"ListItem\",\"position\":3,\"name\":\"MODERNIZACJA STEROWANIA CNC\"}]},{\"@type\":\"WebSite\",\"@id\":\"https:\/\/www.deratech.be\/pl\/#website\",\"url\":\"https:\/\/www.deratech.be\/pl\/\",\"name\":\"Deratech\",\"description\":\"\",\"potentialAction\":[{\"@type\":\"SearchAction\",\"target\":{\"@type\":\"EntryPoint\",\"urlTemplate\":\"https:\/\/www.deratech.be\/pl\/?s={search_term_string}\"},\"query-input\":{\"@type\":\"PropertyValueSpecification\",\"valueRequired\":true,\"valueName\":\"search_term_string\"}}],\"inLanguage\":\"pl-PL\"}]}<\/script>\n<!-- \/ Yoast SEO plugin. -->","yoast_head_json":{"title":"MODERNIZACJA STEROWANIA CNC - Deratech","robots":{"index":"index","follow":"follow","max-snippet":"max-snippet:-1","max-image-preview":"max-image-preview:large","max-video-preview":"max-video-preview:-1"},"canonical":"https:\/\/www.deratech.be\/pl\/uslugi\/26-modernizacja-sterowania-cnc\/","og_locale":"pl_PL","og_type":"article","og_title":"MODERNIZACJA STEROWANIA CNC - Deratech","og_description":"Wymienimy Twoje wadliwe sterowanie CNC i zainstalujemy przyjazne dla u\u017cytkownika, nowoczesne sterowanie za rozs\u0105dn\u0105 cen\u0119.","og_url":"https:\/\/www.deratech.be\/pl\/uslugi\/26-modernizacja-sterowania-cnc\/","og_site_name":"Deratech","article_modified_time":"2021-07-22T17:11:51+00:00","og_image":[{"width":770,"height":753,"url":"https:\/\/www.deratech.be\/wp-content\/uploads\/2021\/07\/feb4274796d93ff716e9650163a77fb8_XL.jpg","type":"image\/jpeg"}],"twitter_card":"summary_large_image","twitter_misc":{"Szacowany czas czytania":"1 minuta"},"schema":{"@context":"https:\/\/schema.org","@graph":[{"@type":"WebPage","@id":"https:\/\/www.deratech.be\/pl\/uslugi\/26-modernizacja-sterowania-cnc\/","url":"https:\/\/www.deratech.be\/pl\/uslugi\/26-modernizacja-sterowania-cnc\/","name":"MODERNIZACJA STEROWANIA CNC - Deratech","isPartOf":{"@id":"https:\/\/www.deratech.be\/pl\/#website"},"primaryImageOfPage":{"@id":"https:\/\/www.deratech.be\/pl\/uslugi\/26-modernizacja-sterowania-cnc\/#primaryimage"},"image":{"@id":"https:\/\/www.deratech.be\/pl\/uslugi\/26-modernizacja-sterowania-cnc\/#primaryimage"},"thumbnailUrl":"https:\/\/www.deratech.be\/wp-content\/uploads\/2021\/07\/feb4274796d93ff716e9650163a77fb8_XL.jpg","datePublished":"2021-07-21T15:28:32+00:00","dateModified":"2021-07-22T17:11:51+00:00","breadcrumb":{"@id":"https:\/\/www.deratech.be\/pl\/uslugi\/26-modernizacja-sterowania-cnc\/#breadcrumb"},"inLanguage":"pl-PL","potentialAction":[{"@type":"ReadAction","target":["https:\/\/www.deratech.be\/pl\/uslugi\/26-modernizacja-sterowania-cnc\/"]}]},{"@type":"ImageObject","inLanguage":"pl-PL","@id":"https:\/\/www.deratech.be\/pl\/uslugi\/26-modernizacja-sterowania-cnc\/#primaryimage","url":"https:\/\/www.deratech.be\/wp-content\/uploads\/2021\/07\/feb4274796d93ff716e9650163a77fb8_XL.jpg","contentUrl":"https:\/\/www.deratech.be\/wp-content\/uploads\/2021\/07\/feb4274796d93ff716e9650163a77fb8_XL.jpg","width":770,"height":753},{"@type":"BreadcrumbList","@id":"https:\/\/www.deratech.be\/pl\/uslugi\/26-modernizacja-sterowania-cnc\/#breadcrumb","itemListElement":[{"@type":"ListItem","position":1,"name":"Home","item":"https:\/\/www.deratech.be\/pl\/"},{"@type":"ListItem","position":2,"name":"Us\u0142ugi","item":"https:\/\/www.deratech.be\/pl\/uslugi\/"},{"@type":"ListItem","position":3,"name":"MODERNIZACJA STEROWANIA CNC"}]},{"@type":"WebSite","@id":"https:\/\/www.deratech.be\/pl\/#website","url":"https:\/\/www.deratech.be\/pl\/","name":"Deratech","description":"","potentialAction":[{"@type":"SearchAction","target":{"@type":"EntryPoint","urlTemplate":"https:\/\/www.deratech.be\/pl\/?s={search_term_string}"},"query-input":{"@type":"PropertyValueSpecification","valueRequired":true,"valueName":"search_term_string"}}],"inLanguage":"pl-PL"}]}},"_links":{"self":[{"href":"https:\/\/www.deratech.be\/pl\/wp-json\/wp\/v2\/pages\/707","targetHints":{"allow":["GET"]}}],"collection":[{"href":"https:\/\/www.deratech.be\/pl\/wp-json\/wp\/v2\/pages"}],"about":[{"href":"https:\/\/www.deratech.be\/pl\/wp-json\/wp\/v2\/types\/page"}],"author":[{"embeddable":true,"href":"https:\/\/www.deratech.be\/pl\/wp-json\/wp\/v2\/users\/1"}],"replies":[{"embeddable":true,"href":"https:\/\/www.deratech.be\/pl\/wp-json\/wp\/v2\/comments?post=707"}],"version-history":[{"count":0,"href":"https:\/\/www.deratech.be\/pl\/wp-json\/wp\/v2\/pages\/707\/revisions"}],"up":[{"embeddable":true,"href":"https:\/\/www.deratech.be\/pl\/wp-json\/wp\/v2\/pages\/687"}],"wp:featuredmedia":[{"embeddable":true,"href":"https:\/\/www.deratech.be\/pl\/wp-json\/wp\/v2\/media\/589"}],"wp:attachment":[{"href":"https:\/\/www.deratech.be\/pl\/wp-json\/wp\/v2\/media?parent=707"}],"curies":[{"name":"wp","href":"https:\/\/api.w.org\/{rel}","templated":true}]}}