{"id":687,"date":"2021-07-19T14:57:47","date_gmt":"2021-07-19T12:57:47","guid":{"rendered":"https:\/\/www.deratech.be\/services\/"},"modified":"2021-07-22T18:14:57","modified_gmt":"2021-07-22T16:14:57","slug":"uslugi","status":"publish","type":"page","link":"https:\/\/www.deratech.be\/pl\/uslugi\/","title":{"rendered":"Us\u0142ugi"},"content":{"rendered":"<h3>ROZW\u00d3J, PRODUKCJA, SPRZEDA\u017b I SERWIS<\/h3>\n<h1 class=\"itemTitle\">OBRABIAREK DO BLACHY<\/h1>\n<p style=\"text-align: left;\">Serwis \u015bwiadczony naszym klientom ma dla nas niezwykle du\u017ce znaczenie. Dodatkowo opr\u00f3cz wsparcia naszego telefonicznego Biura Pomocy ch\u0119tnie pomo\u017cemy Ci we wszystkich zagadnienia i pytaniach dotycz\u0105cych Twojej maszyny lub urz\u0105dzenia. Pomo\u017cemy Ci tak\u017ce w wyborze narz\u0119dzia i zaplanujemy strategicznie prace naprawcze na miejscu.<\/p>\n<p style=\"text-align: left;\">Nasz dzia\u0142 serwisowy jest do Twojej do dyspozycji z nast\u0119puj\u0105cymi danymi do kontaktu:<\/p>\n<ul style=\"text-align: left;\">\n<li>Telefonicznie:\u00a0<a href=\"tel:+3252339898\">+32 (0)52 33 98 98<\/a><\/li>\n<li>E-mail:\u00a0<span id=\"cloak3072997401423792036fe2f24e0f355b\"><a href=\"mailto:service@deratech.be\">service@deratech.be<\/a><\/span><\/li>\n<\/ul>\n<p style=\"text-align: left;\">Skorzystaj z naszych mo\u017cliwo\u015bci w zakresie tele-serwisu, aby\u015bmy mogli zdalnie zdiagnozowa\u0107 Twoj\u0105 maszyn\u0119 i aby interwencja na miejscu nie by\u0142a konieczna. Skraca to czas przestoju maszyny do minimum.<\/p>\n<p style=\"text-align: left;\">Serwis oznacza dla nas tak\u017ce aktualizacj\u0119 istniej\u0105cych maszyn do najnowszego stanu techniki. Zagwarantuje Ci to optymaln\u0105 dost\u0119pno\u015b\u0107 maszyn.<\/p>\n","protected":false},"excerpt":{"rendered":"<p>ROZW\u00d3J, PRODUKCJA, SPRZEDA\u017b I SERWIS OBRABIAREK DO BLACHY Serwis \u015bwiadczony naszym klientom ma dla nas niezwykle du\u017ce znaczenie. Dodatkowo opr\u00f3cz wsparcia naszego telefonicznego Biura Pomocy ch\u0119tnie pomo\u017cemy Ci we wszystkich zagadnienia i pytaniach dotycz\u0105cych Twojej maszyny lub urz\u0105dzenia. Pomo\u017cemy Ci tak\u017ce w wyborze narz\u0119dzia i zaplanujemy strategicznie prace naprawcze na miejscu. Nasz dzia\u0142 serwisowy jest [&hellip;]<\/p>\n","protected":false},"author":1,"featured_media":0,"parent":0,"menu_order":60,"comment_status":"closed","ping_status":"closed","template":"page-services.php","meta":{"_acf_changed":false,"inline_featured_image":false,"footnotes":""},"class_list":["post-687","page","type-page","status-publish","hentry"],"acf":[],"yoast_head":"<!-- This site is optimized with the Yoast SEO plugin v27.0 - https:\/\/yoast.com\/product\/yoast-seo-wordpress\/ -->\n<title>Us\u0142ugi - Deratech<\/title>\n<meta name=\"description\" content=\"Naast de telefonische helpdesk ondersteunen wij u o.a. ook bij de keuze van gereedschappen tot het inplannen van een snelle interventie ter plaatse.\" \/>\n<meta name=\"robots\" content=\"index, follow, max-snippet:-1, max-image-preview:large, max-video-preview:-1\" \/>\n<link rel=\"canonical\" href=\"https:\/\/www.deratech.be\/pl\/uslugi\/\" \/>\n<meta property=\"og:locale\" content=\"pl_PL\" \/>\n<meta property=\"og:type\" content=\"article\" \/>\n<meta property=\"og:title\" content=\"Us\u0142ugi - Deratech\" \/>\n<meta property=\"og:description\" content=\"Naast de telefonische helpdesk ondersteunen wij u o.a. ook bij de keuze van gereedschappen tot het inplannen van een snelle interventie ter plaatse.\" \/>\n<meta property=\"og:url\" content=\"https:\/\/www.deratech.be\/pl\/uslugi\/\" \/>\n<meta property=\"og:site_name\" content=\"Deratech\" \/>\n<meta property=\"article:modified_time\" content=\"2021-07-22T16:14:57+00:00\" \/>\n<meta name=\"twitter:card\" content=\"summary_large_image\" \/>\n<meta name=\"twitter:label1\" content=\"Szacowany czas czytania\" \/>\n\t<meta name=\"twitter:data1\" content=\"1 minuta\" \/>\n<script type=\"application\/ld+json\" class=\"yoast-schema-graph\">{\"@context\":\"https:\/\/schema.org\",\"@graph\":[{\"@type\":\"WebPage\",\"@id\":\"https:\/\/www.deratech.be\/pl\/uslugi\/\",\"url\":\"https:\/\/www.deratech.be\/pl\/uslugi\/\",\"name\":\"Us\u0142ugi - Deratech\",\"isPartOf\":{\"@id\":\"https:\/\/www.deratech.be\/pl\/#website\"},\"datePublished\":\"2021-07-19T12:57:47+00:00\",\"dateModified\":\"2021-07-22T16:14:57+00:00\",\"description\":\"Naast de telefonische helpdesk ondersteunen wij u o.a. ook bij de keuze van gereedschappen tot het inplannen van een snelle interventie ter plaatse.\",\"breadcrumb\":{\"@id\":\"https:\/\/www.deratech.be\/pl\/uslugi\/#breadcrumb\"},\"inLanguage\":\"pl-PL\",\"potentialAction\":[{\"@type\":\"ReadAction\",\"target\":[\"https:\/\/www.deratech.be\/pl\/uslugi\/\"]}]},{\"@type\":\"BreadcrumbList\",\"@id\":\"https:\/\/www.deratech.be\/pl\/uslugi\/#breadcrumb\",\"itemListElement\":[{\"@type\":\"ListItem\",\"position\":1,\"name\":\"Home\",\"item\":\"https:\/\/www.deratech.be\/pl\/\"},{\"@type\":\"ListItem\",\"position\":2,\"name\":\"Us\u0142ugi\"}]},{\"@type\":\"WebSite\",\"@id\":\"https:\/\/www.deratech.be\/pl\/#website\",\"url\":\"https:\/\/www.deratech.be\/pl\/\",\"name\":\"Deratech\",\"description\":\"\",\"potentialAction\":[{\"@type\":\"SearchAction\",\"target\":{\"@type\":\"EntryPoint\",\"urlTemplate\":\"https:\/\/www.deratech.be\/pl\/?s={search_term_string}\"},\"query-input\":{\"@type\":\"PropertyValueSpecification\",\"valueRequired\":true,\"valueName\":\"search_term_string\"}}],\"inLanguage\":\"pl-PL\"}]}<\/script>\n<!-- \/ Yoast SEO plugin. -->","yoast_head_json":{"title":"Us\u0142ugi - Deratech","description":"Naast de telefonische helpdesk ondersteunen wij u o.a. ook bij de keuze van gereedschappen tot het inplannen van een snelle interventie ter plaatse.","robots":{"index":"index","follow":"follow","max-snippet":"max-snippet:-1","max-image-preview":"max-image-preview:large","max-video-preview":"max-video-preview:-1"},"canonical":"https:\/\/www.deratech.be\/pl\/uslugi\/","og_locale":"pl_PL","og_type":"article","og_title":"Us\u0142ugi - Deratech","og_description":"Naast de telefonische helpdesk ondersteunen wij u o.a. ook bij de keuze van gereedschappen tot het inplannen van een snelle interventie ter plaatse.","og_url":"https:\/\/www.deratech.be\/pl\/uslugi\/","og_site_name":"Deratech","article_modified_time":"2021-07-22T16:14:57+00:00","twitter_card":"summary_large_image","twitter_misc":{"Szacowany czas czytania":"1 minuta"},"schema":{"@context":"https:\/\/schema.org","@graph":[{"@type":"WebPage","@id":"https:\/\/www.deratech.be\/pl\/uslugi\/","url":"https:\/\/www.deratech.be\/pl\/uslugi\/","name":"Us\u0142ugi - Deratech","isPartOf":{"@id":"https:\/\/www.deratech.be\/pl\/#website"},"datePublished":"2021-07-19T12:57:47+00:00","dateModified":"2021-07-22T16:14:57+00:00","description":"Naast de telefonische helpdesk ondersteunen wij u o.a. ook bij de keuze van gereedschappen tot het inplannen van een snelle interventie ter plaatse.","breadcrumb":{"@id":"https:\/\/www.deratech.be\/pl\/uslugi\/#breadcrumb"},"inLanguage":"pl-PL","potentialAction":[{"@type":"ReadAction","target":["https:\/\/www.deratech.be\/pl\/uslugi\/"]}]},{"@type":"BreadcrumbList","@id":"https:\/\/www.deratech.be\/pl\/uslugi\/#breadcrumb","itemListElement":[{"@type":"ListItem","position":1,"name":"Home","item":"https:\/\/www.deratech.be\/pl\/"},{"@type":"ListItem","position":2,"name":"Us\u0142ugi"}]},{"@type":"WebSite","@id":"https:\/\/www.deratech.be\/pl\/#website","url":"https:\/\/www.deratech.be\/pl\/","name":"Deratech","description":"","potentialAction":[{"@type":"SearchAction","target":{"@type":"EntryPoint","urlTemplate":"https:\/\/www.deratech.be\/pl\/?s={search_term_string}"},"query-input":{"@type":"PropertyValueSpecification","valueRequired":true,"valueName":"search_term_string"}}],"inLanguage":"pl-PL"}]}},"_links":{"self":[{"href":"https:\/\/www.deratech.be\/pl\/wp-json\/wp\/v2\/pages\/687","targetHints":{"allow":["GET"]}}],"collection":[{"href":"https:\/\/www.deratech.be\/pl\/wp-json\/wp\/v2\/pages"}],"about":[{"href":"https:\/\/www.deratech.be\/pl\/wp-json\/wp\/v2\/types\/page"}],"author":[{"embeddable":true,"href":"https:\/\/www.deratech.be\/pl\/wp-json\/wp\/v2\/users\/1"}],"replies":[{"embeddable":true,"href":"https:\/\/www.deratech.be\/pl\/wp-json\/wp\/v2\/comments?post=687"}],"version-history":[{"count":0,"href":"https:\/\/www.deratech.be\/pl\/wp-json\/wp\/v2\/pages\/687\/revisions"}],"wp:attachment":[{"href":"https:\/\/www.deratech.be\/pl\/wp-json\/wp\/v2\/media?parent=687"}],"curies":[{"name":"wp","href":"https:\/\/api.w.org\/{rel}","templated":true}]}}