{"id":671,"date":"2018-08-28T10:22:20","date_gmt":"2018-08-28T10:22:20","guid":{"rendered":"https:\/\/www.deratech.be\/privacy-policy\/"},"modified":"2021-07-29T11:51:58","modified_gmt":"2021-07-29T09:51:58","slug":"privacy-policy","status":"publish","type":"page","link":"https:\/\/www.deratech.be\/pl\/privacy-policy\/","title":{"rendered":"Privacy Policy"},"content":{"rendered":"<p><em>Ostatnia edycja: <span style=\"color: #ff0000;\">29\/07\/2021<\/span><\/em><\/p>\n<h2>1. Witamy<\/h2>\n<p id=\"tw-target-text\" class=\"tw-data-text tw-text-large XcVN5d tw-ta\" dir=\"ltr\" data-placeholder=\"Vertaling\"><span class=\"Y2IQFc\" lang=\"pl\">Jeste\u015bmy firm\u0105 Deratech z siedzib\u0105 w MANTA 6.9250 WAASMUNSTER, z numerem firmy BE 0884496775<\/span><\/p>\n<p>W niniejszej Polityce prywatno\u015bci wyja\u015bniamy, jakie dane osobowe zbieramy jako \u201e<em>administrator\u201d<\/em> oraz w jaki spos\u00f3b je wykorzystujemy i udost\u0119pniamy, aby ulepsza\u0107 nasze us\u0142ugi.<\/p>\n<h2>2. Dane osobowe<\/h2>\n<p>Posiadane przez nas ograniczone dane osobowe s\u0105 gromadzone w nast\u0119puj\u0105cy spos\u00f3b:<\/p>\n<ul>\n<li><u>Strona internetowa<\/u>: Kiedy odwiedzasz nasz\u0105 stron\u0119 internetow\u0105, niekt\u00f3re informacje s\u0105 rejestrowane za pomoc\u0105 plik\u00f3w cookie (w tym adresu IP), aby zapewni\u0107 i ulepszy\u0107 nasz\u0105 stron\u0119 internetow\u0105. Wi\u0119cej informacji na temat tych plik\u00f3w cookie mo\u017cna znale\u017a\u0107 w naszej oddzielnej <span style=\"color: #ff0000;\"><u>Polityka dotycz\u0105ca plik\u00f3w cookie<\/u><\/span>;<\/li>\n<li><u>Relacje biznesowe<\/u>: kiedy kontaktujesz si\u0119 z nami w kontek\u015bcie naszych us\u0142ug jako (potencjalny) klient lub partner, przetwarzamy Twoje imi\u0119 i nazwisko, dane kontaktowe (adres e-mail, numer telefonu, biuro i\/ lub adres zamieszkania) oraz inne dane niezb\u0119dne do zam\u00f3wienia, rozliczenia lub wsp\u00f3\u0142pracy (takie jak dane bankowe, historia kontakt\u00f3w lub dane dotycz\u0105ce poprzednich zam\u00f3wie\u0144);<\/li>\n<li><u>Marketing<\/u>: je\u015bli wyrazisz na to wyra\u017an\u0105 zgod\u0119, przetworzymy Twoje imi\u0119 i nazwisko oraz adres e-mail w celu wysy\u0142ania marketingu bezpo\u015bredniego, biuletyn\u00f3w, promocji i promocji dotycz\u0105cych naszych produkt\u00f3w i us\u0142ug. Zawsze mo\u017cesz \u0142atwo zrezygnowa\u0107 z tego.<\/li>\n<\/ul>\n<p>Chocia\u017c nigdy nie jeste\u015b zobowi\u0105zany do ujawnienia danych osobowych, odmowa podania niezb\u0119dnych informacji mo\u017ce utrudni\u0107 lub uniemo\u017cliwi\u0107 \u015bwiadczenie naszych us\u0142ug.<\/p>\n<h2>3. Cele przetwarzania<\/h2>\n<p>Przetwarzamy dane osobowe w kontek\u015bcie naszego og\u00f3lnego zarz\u0105dzania klientami i zam\u00f3wieniami lub w celu \u015bwiadczenia naszych us\u0142ug. Obejmuje to administracj\u0119 klientami, \u015bledzenie zam\u00f3wie\u0144 i dostaw, fakturowanie, odpowiadanie na pytania oraz w celach marketingowych.<\/p>\n<p>Przetwarzanie opiera si\u0119 na nast\u0119puj\u0105cych kategoriach podstaw prawnych:<\/p>\n<ul>\n<li>Na podstawie Twojej zgody;<\/li>\n<li>Niezb\u0119dne do wykonania umowy;<\/li>\n<li>Konieczne do wype\u0142nienia obowi\u0105zku prawnego;<\/li>\n<li>Aby chroni\u0107 swoje \u017cywotne interesy lub interesy innej osoby;<\/li>\n<li>Dla realizacji zada\u0144 le\u017c\u0105cych w interesie og\u00f3lnym;<\/li>\n<li>Niezb\u0119dne do reprezentowania naszych uzasadnionych interes\u00f3w w prowadzeniu dzia\u0142alno\u015bci.<\/li>\n<\/ul>\n<p>O ile przetwarzanie danych osobowych odbywa si\u0119 na podstawie Twojej wyra\u017anej zgody, zawsze masz prawo do wycofania wyra\u017conej zgody.<\/p>\n<h2>4. Udost\u0119pnij stronom trzecim<\/h2>\n<p>Je\u017celi jest to konieczne do realizacji zamierzonych cel\u00f3w, mo\u017cemy udost\u0119pnia\u0107 dane osobowe pracownikom i naszym partnerom zawodowym. Nasi partnerzy z kolei podejm\u0105 niezb\u0119dne \u015brodki techniczne i organizacyjne w celu ochrony tych danych osobowych.<\/p>\n<p>Nigdy nie b\u0119dziemy komercjalizowa\u0107 Twoich danych osobowych stronom trzecim. Jednak w kontek\u015bcie ewentualnej reorganizacji, upad\u0142o\u015bci lub przeniesienia dzia\u0142alno\u015bci dane b\u0119d\u0105ce cz\u0119\u015bci\u0105 naszej dzia\u0142alno\u015bci biznesowej mog\u0105 zosta\u0107 przekazane osobom trzecim.<\/p>\n<p>W ograniczonych okoliczno\u015bciach mo\u017cemy by\u0107 r\u00f3wnie\u017c zobowi\u0105zani do udost\u0119pnienia danych osobowych na podstawie nakazu s\u0105dowego lub bezwzgl\u0119dnie obowi\u0105zuj\u0105cych przepis\u00f3w prawa, na przyk\u0142ad w kontek\u015bcie zwalczania nadu\u017cy\u0107 finansowych lub kwestii bezpiecze\u0144stwa, lub w celu ochrony naszych praw.<\/p>\n<h2>5. Okres przechowywania<\/h2>\n<p>Dane osobowe s\u0105 przez nas przetwarzane i przechowywane przez rozs\u0105dny okres, kt\u00f3ry jest niezb\u0119dny do realizacji zamierzonych cel\u00f3w, w zale\u017cno\u015bci od naszego stosunku umownego, w celu spe\u0142nienia wymog\u00f3w prawnych lub w ramach zwyk\u0142ych mechanizm\u00f3w przechowywania, kt\u00f3re s\u0105 racjonalnie ograniczone w czasie (<em>kopie zapasowe<\/em>).<\/p>\n<h2>6. Twoje prawa<\/h2>\n<p>Wszystkim osobom, kt\u00f3rych dane osobowe przechowujemy zawsze przys\u0142uguje prawo do:<\/p>\n<ul>\n<li>uzyska\u0107 dost\u0119p do swoich danych osobowych;<\/li>\n<li>poprawi\u0107 lub uzupe\u0142ni\u0107 swoje dane osobowe, je\u015bli s\u0105 one nieprawid\u0142owe lub niekompletne;<\/li>\n<li>usun\u0105\u0107 swoje dane osobowe;<\/li>\n<li>ograniczy\u0107 przetwarzanie swoich danych osobowych;<\/li>\n<li>wnie\u015b\u0107 sprzeciw wobec przetwarzania ich danych osobowych z powa\u017cnego i uzasadnionego powodu;<\/li>\n<li>przenie\u015b\u0107 swoje dane osobowe do innej firmy.<\/li>\n<\/ul>\n<p>Aby skorzysta\u0107 z powy\u017cszych praw, skontaktuj si\u0119 z nami poczt\u0105 lub przez <a href=\"mailto:info@deratech.be\">info@deratech.be<\/a><\/p>\n<p>Po otrzymaniu wniosku b\u0119dziemy musieli zweryfikowa\u0107 Twoj\u0105 to\u017csamo\u015b\u0107.<\/p>\n<h2>7. Reklamacje<\/h2>\n<p>Je\u015bli masz jakie\u015b uwagi lub pytania dotycz\u0105ce naszej polityki prywatno\u015bci, ch\u0119tnie si\u0119 z Tob\u0105 skontaktujemy.<\/p>\n<p>Wszystkie osoby, kt\u00f3rych dane osobowe przechowujemy, maj\u0105 r\u00f3wnie\u017c prawo do z\u0142o\u017cenia skargi do Komisji Ochrony Prywatno\u015bci (Drukpersstraat 35, 1000 Bruksela, <a href=\"mailto:commission@privacycommission.be\">commission@privacycommission .be&lt; \/a&gt;).<\/a><\/p>\n<h2>8. Bezpiecze\u0144stwo<\/h2>\n<p>Stosujemy co najmniej zwyk\u0142e techniczne i organizacyjne \u015brodki bezpiecze\u0144stwa, kt\u00f3rych mo\u017cna od nas racjonalnie oczekiwa\u0107, aby chroni\u0107 Twoje dane osobowe przed zniszczeniem, utrat\u0105, zmian\u0105, fa\u0142szowaniem, rozpowszechnianiem lub nieuprawnionym dost\u0119pem.<\/p>\n<p>Dane osobowe b\u0119d\u0105 przekazywane partnerowi z kraju spoza Europejskiego Obszaru Gospodarczego tylko wtedy, gdy kraj ten gwarantuje odpowiedni poziom ochrony Twoich danych osobowych. Przed udost\u0119pnieniem danych osobowych partnerowi w Stanach Zjednoczonych wymagamy oddzielnej umowy o przetwarzanie lub certyfikacji w ramach Tarczy Prywatno\u015bci (<a href=\"http:\/\/www.privacyshield.gov\">www.privacyshield.gov&lt; \/a&gt;).<\/a><\/p>\n<p>Nie mo\u017cemy ponosi\u0107 odpowiedzialno\u015bci za nieprawid\u0142owe lub niezgodne z prawem wykorzystanie danych osobowych przez osoby trzecie. Pozostajesz r\u00f3wnie\u017c odpowiedzialny za poufno\u015b\u0107 i u\u017cytkowanie swojego komputera, adresu IP, loginu i danych identyfikacyjnych.<\/p>\n<h2>9. Twoja prywatno\u015b\u0107<\/h2>\n<p>Twoja prywatno\u015b\u0107 jest dla nas wa\u017cna.<\/p>\n<p>Dlatego dok\u0142adamy wszelkich stara\u0144, aby jak najlepiej je chroni\u0107 i przywi\u0105zujemy du\u017c\u0105 wag\u0119 do przestrzegania (i) ustawy z dnia 8 grudnia 1992 r. o ochronie prywatno\u015bci w zwi\u0105zku z przetwarzaniem danych osobowych (zmienionej ustaw\u0105 z dnia 11 grudnia 1998, \u201eUstawa o przetwarzaniu danych osobowych\u201d); (ii) przepisy antyspamowe Ksi\u0119gi XII Kodeksu Prawa Gospodarczego dotycz\u0105ce prawa gospodarki elektronicznej; oraz (iii) Rozporz\u0105dzenia Europejskiego 2016\/679 z dnia 27 kwietnia 2016 r. w sprawie ochrony danych osobowych (\u201eOg\u00f3lne Rozporz\u0105dzenie o Ochronie Danych\u201d).<\/p>\n","protected":false},"excerpt":{"rendered":"<p>Ostatnia edycja: 29\/07\/2021 1. Witamy Jeste\u015bmy firm\u0105 Deratech z siedzib\u0105 w MANTA 6.9250 WAASMUNSTER, z numerem firmy BE 0884496775 W niniejszej Polityce prywatno\u015bci wyja\u015bniamy, jakie dane osobowe zbieramy jako \u201eadministrator\u201d oraz w jaki spos\u00f3b je wykorzystujemy i udost\u0119pniamy, aby ulepsza\u0107 nasze us\u0142ugi. 2. Dane osobowe Posiadane przez nas ograniczone dane osobowe s\u0105 gromadzone w nast\u0119puj\u0105cy [&hellip;]<\/p>\n","protected":false},"author":1,"featured_media":0,"parent":0,"menu_order":50,"comment_status":"closed","ping_status":"closed","template":"","meta":{"_acf_changed":false,"inline_featured_image":false,"footnotes":""},"class_list":["post-671","page","type-page","status-publish","hentry"],"acf":[],"yoast_head":"<!-- This site is optimized with the Yoast SEO plugin v27.0 - https:\/\/yoast.com\/product\/yoast-seo-wordpress\/ -->\n<title>Privacy Policy - Deratech<\/title>\n<meta name=\"robots\" content=\"index, follow, max-snippet:-1, max-image-preview:large, max-video-preview:-1\" \/>\n<link rel=\"canonical\" href=\"https:\/\/www.deratech.be\/pl\/privacy-policy\/\" \/>\n<meta property=\"og:locale\" content=\"pl_PL\" \/>\n<meta property=\"og:type\" content=\"article\" \/>\n<meta property=\"og:title\" content=\"Privacy Policy - Deratech\" \/>\n<meta property=\"og:description\" content=\"Ostatnia edycja: 29\/07\/2021 1. Witamy Jeste\u015bmy firm\u0105 Deratech z siedzib\u0105 w MANTA 6.9250 WAASMUNSTER, z numerem firmy BE 0884496775 W niniejszej Polityce prywatno\u015bci wyja\u015bniamy, jakie dane osobowe zbieramy jako \u201eadministrator\u201d oraz w jaki spos\u00f3b je wykorzystujemy i udost\u0119pniamy, aby ulepsza\u0107 nasze us\u0142ugi. 2. Dane osobowe Posiadane przez nas ograniczone dane osobowe s\u0105 gromadzone w nast\u0119puj\u0105cy [&hellip;]\" \/>\n<meta property=\"og:url\" content=\"https:\/\/www.deratech.be\/pl\/privacy-policy\/\" \/>\n<meta property=\"og:site_name\" content=\"Deratech\" \/>\n<meta property=\"article:modified_time\" content=\"2021-07-29T09:51:58+00:00\" \/>\n<meta name=\"twitter:card\" content=\"summary_large_image\" \/>\n<meta name=\"twitter:label1\" content=\"Szacowany czas czytania\" \/>\n\t<meta name=\"twitter:data1\" content=\"4 minuty\" \/>\n<script type=\"application\/ld+json\" class=\"yoast-schema-graph\">{\"@context\":\"https:\/\/schema.org\",\"@graph\":[{\"@type\":\"WebPage\",\"@id\":\"https:\/\/www.deratech.be\/pl\/privacy-policy\/\",\"url\":\"https:\/\/www.deratech.be\/pl\/privacy-policy\/\",\"name\":\"Privacy Policy - Deratech\",\"isPartOf\":{\"@id\":\"https:\/\/www.deratech.be\/pl\/#website\"},\"datePublished\":\"2018-08-28T10:22:20+00:00\",\"dateModified\":\"2021-07-29T09:51:58+00:00\",\"breadcrumb\":{\"@id\":\"https:\/\/www.deratech.be\/pl\/privacy-policy\/#breadcrumb\"},\"inLanguage\":\"pl-PL\",\"potentialAction\":[{\"@type\":\"ReadAction\",\"target\":[\"https:\/\/www.deratech.be\/pl\/privacy-policy\/\"]}]},{\"@type\":\"BreadcrumbList\",\"@id\":\"https:\/\/www.deratech.be\/pl\/privacy-policy\/#breadcrumb\",\"itemListElement\":[{\"@type\":\"ListItem\",\"position\":1,\"name\":\"Home\",\"item\":\"https:\/\/www.deratech.be\/pl\/\"},{\"@type\":\"ListItem\",\"position\":2,\"name\":\"Privacy Policy\"}]},{\"@type\":\"WebSite\",\"@id\":\"https:\/\/www.deratech.be\/pl\/#website\",\"url\":\"https:\/\/www.deratech.be\/pl\/\",\"name\":\"Deratech\",\"description\":\"\",\"potentialAction\":[{\"@type\":\"SearchAction\",\"target\":{\"@type\":\"EntryPoint\",\"urlTemplate\":\"https:\/\/www.deratech.be\/pl\/?s={search_term_string}\"},\"query-input\":{\"@type\":\"PropertyValueSpecification\",\"valueRequired\":true,\"valueName\":\"search_term_string\"}}],\"inLanguage\":\"pl-PL\"}]}<\/script>\n<!-- \/ Yoast SEO plugin. -->","yoast_head_json":{"title":"Privacy Policy - Deratech","robots":{"index":"index","follow":"follow","max-snippet":"max-snippet:-1","max-image-preview":"max-image-preview:large","max-video-preview":"max-video-preview:-1"},"canonical":"https:\/\/www.deratech.be\/pl\/privacy-policy\/","og_locale":"pl_PL","og_type":"article","og_title":"Privacy Policy - Deratech","og_description":"Ostatnia edycja: 29\/07\/2021 1. Witamy Jeste\u015bmy firm\u0105 Deratech z siedzib\u0105 w MANTA 6.9250 WAASMUNSTER, z numerem firmy BE 0884496775 W niniejszej Polityce prywatno\u015bci wyja\u015bniamy, jakie dane osobowe zbieramy jako \u201eadministrator\u201d oraz w jaki spos\u00f3b je wykorzystujemy i udost\u0119pniamy, aby ulepsza\u0107 nasze us\u0142ugi. 2. Dane osobowe Posiadane przez nas ograniczone dane osobowe s\u0105 gromadzone w nast\u0119puj\u0105cy [&hellip;]","og_url":"https:\/\/www.deratech.be\/pl\/privacy-policy\/","og_site_name":"Deratech","article_modified_time":"2021-07-29T09:51:58+00:00","twitter_card":"summary_large_image","twitter_misc":{"Szacowany czas czytania":"4 minuty"},"schema":{"@context":"https:\/\/schema.org","@graph":[{"@type":"WebPage","@id":"https:\/\/www.deratech.be\/pl\/privacy-policy\/","url":"https:\/\/www.deratech.be\/pl\/privacy-policy\/","name":"Privacy Policy - Deratech","isPartOf":{"@id":"https:\/\/www.deratech.be\/pl\/#website"},"datePublished":"2018-08-28T10:22:20+00:00","dateModified":"2021-07-29T09:51:58+00:00","breadcrumb":{"@id":"https:\/\/www.deratech.be\/pl\/privacy-policy\/#breadcrumb"},"inLanguage":"pl-PL","potentialAction":[{"@type":"ReadAction","target":["https:\/\/www.deratech.be\/pl\/privacy-policy\/"]}]},{"@type":"BreadcrumbList","@id":"https:\/\/www.deratech.be\/pl\/privacy-policy\/#breadcrumb","itemListElement":[{"@type":"ListItem","position":1,"name":"Home","item":"https:\/\/www.deratech.be\/pl\/"},{"@type":"ListItem","position":2,"name":"Privacy Policy"}]},{"@type":"WebSite","@id":"https:\/\/www.deratech.be\/pl\/#website","url":"https:\/\/www.deratech.be\/pl\/","name":"Deratech","description":"","potentialAction":[{"@type":"SearchAction","target":{"@type":"EntryPoint","urlTemplate":"https:\/\/www.deratech.be\/pl\/?s={search_term_string}"},"query-input":{"@type":"PropertyValueSpecification","valueRequired":true,"valueName":"search_term_string"}}],"inLanguage":"pl-PL"}]}},"_links":{"self":[{"href":"https:\/\/www.deratech.be\/pl\/wp-json\/wp\/v2\/pages\/671","targetHints":{"allow":["GET"]}}],"collection":[{"href":"https:\/\/www.deratech.be\/pl\/wp-json\/wp\/v2\/pages"}],"about":[{"href":"https:\/\/www.deratech.be\/pl\/wp-json\/wp\/v2\/types\/page"}],"author":[{"embeddable":true,"href":"https:\/\/www.deratech.be\/pl\/wp-json\/wp\/v2\/users\/1"}],"replies":[{"embeddable":true,"href":"https:\/\/www.deratech.be\/pl\/wp-json\/wp\/v2\/comments?post=671"}],"version-history":[{"count":0,"href":"https:\/\/www.deratech.be\/pl\/wp-json\/wp\/v2\/pages\/671\/revisions"}],"wp:attachment":[{"href":"https:\/\/www.deratech.be\/pl\/wp-json\/wp\/v2\/media?parent=671"}],"curies":[{"name":"wp","href":"https:\/\/api.w.org\/{rel}","templated":true}]}}