{"id":629,"date":"2018-09-19T13:56:11","date_gmt":"2018-09-19T11:56:11","guid":{"rendered":"https:\/\/www.deratech.be\/cookie-policy\/"},"modified":"2021-07-29T12:02:12","modified_gmt":"2021-07-29T10:02:12","slug":"cookie-policy","status":"publish","type":"page","link":"https:\/\/www.deratech.be\/pl\/cookie-policy\/","title":{"rendered":"Cookie Policy"},"content":{"rendered":"<p id=\"tw-target-text\" class=\"tw-data-text tw-text-large XcVN5d tw-ta\" dir=\"ltr\" data-placeholder=\"Vertaling\"><span class=\"Y2IQFc\" lang=\"pl\">Ostatnio edytowane <\/span><span class=\"Y2IQFc\" lang=\"pl\">29.07.2021 <\/span><\/p>\n<h2 class=\"tw-data-text tw-text-large XcVN5d tw-ta\" dir=\"ltr\" data-placeholder=\"Vertaling\"><span class=\"Y2IQFc\" lang=\"pl\">1.\u00a0\u00a0\u00a0\u00a0 Witaj <\/span><\/h2>\n<p class=\"tw-data-text tw-text-large XcVN5d tw-ta\" dir=\"ltr\" data-placeholder=\"Vertaling\"><span class=\"Y2IQFc\" lang=\"pl\">Jeste\u015bmy firm\u0105 Deratech z siedzib\u0105 w MANTA 6.9250 WAASMUNSTER, z numerem firmy BE 0884496775 <\/span><\/p>\n<p class=\"tw-data-text tw-text-large XcVN5d tw-ta\" dir=\"ltr\" data-placeholder=\"Vertaling\"><span class=\"Y2IQFc\" lang=\"pl\">W niniejszej Polityce plik\u00f3w cookie wyja\u015bniamy, jakie informacje mo\u017cemy gromadzi\u0107 za po\u015brednictwem naszej strony internetowej w oparciu o pliki cookie i w jaki spos\u00f3b wykorzystujemy je do ulepszania naszych us\u0142ug. Korzystaj\u0105c z naszej strony, wyra\u017casz zgod\u0119 na u\u017cywanie przez nas plik\u00f3w cookie.<\/span><\/p>\n<h2 id=\"tw-target-text\" class=\"tw-data-text tw-text-large XcVN5d tw-ta\" dir=\"ltr\" data-placeholder=\"Vertaling\"><span class=\"Y2IQFc\" lang=\"pl\">2.\u00a0\u00a0\u00a0\u00a0 Pliki cookie<\/span><\/h2>\n<p class=\"tw-data-text tw-text-large XcVN5d tw-ta\" dir=\"ltr\" data-placeholder=\"Vertaling\"><span class=\"Y2IQFc\" lang=\"pl\">\u201eCookie\u201d to ma\u0142y plik danych, kt\u00f3ry jest tymczasowo umieszczany na Twoim komputerze lub urz\u0105dzeniu mobilnym przez stron\u0119 internetow\u0105, gdy odwiedzasz witryn\u0119 internetow\u0105. Plik cookie pozwala nam zidentyfikowa\u0107 urz\u0105dzenie, z kt\u00f3rego korzystasz w celu odwiedzenia naszej strony internetowej, nie daj\u0105c nam dost\u0119pu do Twoich danych osobowych. Pliki cookie mo\u017cna \u0142atwo usun\u0105\u0107 za pomoc\u0105 ustawie\u0144 przegl\u0105darki. Mo\u017cesz r\u00f3wnie\u017c ustawi\u0107 swoj\u0105 przegl\u0105dark\u0119 w taki spos\u00f3b, aby pliki cookie by\u0142y zawsze odrzucane. Mo\u017ce to jednak utrudni\u0107 korzystanie z naszej strony internetowej lub uniemo\u017cliwi\u0107 dost\u0119p do niekt\u00f3rych funkcjonalno\u015bci.<br \/>\n<\/span><\/p>\n<h3><span class=\"Y2IQFc\" lang=\"pl\">Rodzaje plik\u00f3w cookie<\/p>\n<p>2.1. Funkcjonalny <\/span><\/h3>\n<p class=\"tw-data-text tw-text-large XcVN5d tw-ta\" dir=\"ltr\" data-placeholder=\"Vertaling\"><span class=\"Y2IQFc\" lang=\"pl\">Te techniczne pliki cookie mog\u0105 s\u0142u\u017cy\u0107 do prawid\u0142owego dzia\u0142ania naszej strony internetowej. <\/span><span class=\"Y2IQFc\" lang=\"pl\">Maj\u0105 t\u0119 zalet\u0119, \u017ce nie musisz wprowadza\u0107 ani \u0142adowa\u0107 tych samych informacji lub ustawie\u0144 za ka\u017cdym razem, gdy odwiedzasz nasz\u0105 stron\u0119 internetow\u0105: Ostry czat. Ten plik cookie wygasa po up\u0142ywie <\/span><\/p>\n<ul>\n<li class=\"tw-data-text tw-text-large XcVN5d tw-ta\" dir=\"ltr\" data-placeholder=\"Vertaling\"><span class=\"Y2IQFc\" lang=\"pl\">1 roku. (https:\/\/crisp.chat\/en\/privacy\/) <\/span><\/li>\n<li class=\"tw-data-text tw-text-large XcVN5d tw-ta\" dir=\"ltr\" data-placeholder=\"Vertaling\"><span class=\"Y2IQFc\" lang=\"pl\">rozb\u0142ysk chmur. Ten plik cookie wygasa po up\u0142ywie 1 roku. (https:\/\/www.cloudflare.com\/privacypolicy\/) <\/span><\/li>\n<li class=\"tw-data-text tw-text-large XcVN5d tw-ta\" dir=\"ltr\" data-placeholder=\"Vertaling\"><span class=\"Y2IQFc\" lang=\"pl\">\u015awiergot. Ten plik cookie wygasa po sesji. (https:\/\/twitter.com\/en\/privacy) <\/span><\/li>\n<li class=\"tw-data-text tw-text-large XcVN5d tw-ta\" dir=\"ltr\" data-placeholder=\"Vertaling\"><span class=\"Y2IQFc\" lang=\"pl\">gor\u0105cy s\u0142oik. \u015bledzenie (https:\/\/www.hotjar.com\/privacy),<\/span><\/li>\n<\/ul>\n<h3 class=\"tw-data-text tw-text-large XcVN5d tw-ta\" dir=\"ltr\" data-placeholder=\"Vertaling\"><span class=\"Y2IQFc\" lang=\"pl\">2.2. Analityczny <\/span><\/h3>\n<p class=\"tw-data-text tw-text-large XcVN5d tw-ta\" dir=\"ltr\" data-placeholder=\"Vertaling\"><span class=\"Y2IQFc\" lang=\"pl\">Na podstawie tych plik\u00f3w cookie mo\u017cemy dokona\u0107 og\u00f3lnej analizy korzystania z naszej strony internetowej. W ten spos\u00f3b uzyskujemy wgl\u0105d w spos\u00f3b, w jaki odwiedzane s\u0105 nasze strony internetowe, jak cz\u0119sto i jak d\u0142ugo, dzi\u0119ki anonimowym statystykom. Pozwala nam to ulepszy\u0107 i zoptymalizowa\u0107 nasz\u0105 stron\u0119 internetow\u0105 w oparciu o te informacje: <\/span><\/p>\n<ul>\n<li class=\"tw-data-text tw-text-large XcVN5d tw-ta\" dir=\"ltr\" data-placeholder=\"Vertaling\"><span class=\"Y2IQFc\" lang=\"pl\">Google Analytics. Ten plik cookie wygasa po sesji. (https:\/\/policies.google.com\/privacy) <\/span><\/li>\n<li class=\"tw-data-text tw-text-large XcVN5d tw-ta\" dir=\"ltr\" data-placeholder=\"Vertaling\"><span class=\"Y2IQFc\" lang=\"pl\">bing. (https:\/\/privacy.microsoft.com\/nl-nl\/privacystatement)<\/span><\/li>\n<li class=\"tw-data-text tw-text-large XcVN5d tw-ta\" dir=\"ltr\" data-placeholder=\"Vertaling\"><span class=\"Y2IQFc\" lang=\"pl\">Youtube. Ten plik cookie wygasa po sesji. (https:\/\/policies.google.com\/privacy) <\/span><\/li>\n<li class=\"tw-data-text tw-text-large XcVN5d tw-ta\" dir=\"ltr\" data-placeholder=\"Vertaling\"><span class=\"Y2IQFc\" lang=\"pl\">2.3. Marketing Za pomoc\u0105 tych plik\u00f3w cookie mo\u017cemy wy\u015bwietla\u0107 ukierunkowane reklamy zainteresowanym stronom w celach marketingowych: <\/span><\/li>\n<li class=\"tw-data-text tw-text-large XcVN5d tw-ta\" dir=\"ltr\" data-placeholder=\"Vertaling\"><span class=\"Y2IQFc\" lang=\"pl\">Facebook. Ten plik cookie wygasa po up\u0142ywie 3 miesi\u0119cy. (https:\/\/www.facebook.com\/policy.php) <\/span><\/li>\n<li class=\"tw-data-text tw-text-large XcVN5d tw-ta\" dir=\"ltr\" data-placeholder=\"Vertaling\"><span class=\"Y2IQFc\" lang=\"pl\">Linkedin. (https:\/\/www.linkedin.com\/legal\/privacy-policy) <\/span><\/li>\n<li class=\"tw-data-text tw-text-large XcVN5d tw-ta\" dir=\"ltr\" data-placeholder=\"Vertaling\"><span class=\"Y2IQFc\" lang=\"pl\">Google analytics Ten plik cookie wygasa po sesji. (https:\/\/policies.google.com\/privacy) zaanga\u017cowanie u\u017cytkownik\u00f3w. <\/span><\/li>\n<li class=\"tw-data-text tw-text-large XcVN5d tw-ta\" dir=\"ltr\" data-placeholder=\"Vertaling\"><span class=\"Y2IQFc\" lang=\"pl\">Ten plik cookie wygasa po sesji. (https:\/\/userengage.com\/nl\/polityka-prywatnosci\/) <\/span><\/li>\n<li class=\"tw-data-text tw-text-large XcVN5d tw-ta\" dir=\"ltr\" data-placeholder=\"Vertaling\"><span class=\"Y2IQFc\" lang=\"pl\">bing. (https:\/\/privacy.microsoft.com\/nl-nl\/privacystatement)<\/span><\/li>\n<\/ul>\n<h3>2.4. Media spo\u0142eczno\u015bciowe<\/h3>\n<p id=\"tw-target-text\" class=\"tw-data-text tw-text-large XcVN5d tw-ta\" dir=\"ltr\" data-placeholder=\"Vertaling\"><span class=\"Y2IQFc\" lang=\"pl\"> Te pliki cookie zapewniaj\u0105, \u017ce mo\u017cemy zintegrowa\u0107 aplikacje z serwis\u00f3w spo\u0142eczno\u015bciowych z nasz\u0105 witryn\u0105. Serwisy spo\u0142eczno\u015bciowe mog\u0105 zbiera\u0107 dane w ten spos\u00f3b:<\/span><\/p>\n<ul>\n<li class=\"tw-data-text tw-text-large XcVN5d tw-ta\" dir=\"ltr\" data-placeholder=\"Vertaling\"><span class=\"Y2IQFc\" lang=\"pl\">Facebook. Ten plik cookie wygasa po up\u0142ywie 3 miesi\u0119cy. (https:\/\/www.facebook.com\/policy.php) <\/span><\/li>\n<li class=\"tw-data-text tw-text-large XcVN5d tw-ta\" dir=\"ltr\" data-placeholder=\"Vertaling\"><span class=\"Y2IQFc\" lang=\"pl\">\u015awiergot. Ten plik cookie wygasa po sesji. (https:\/\/twitter.com\/en\/privacy) <\/span><\/li>\n<li class=\"tw-data-text tw-text-large XcVN5d tw-ta\" dir=\"ltr\" data-placeholder=\"Vertaling\"><span class=\"Y2IQFc\" lang=\"pl\">LinkedIn. (https:\/\/www.linkedin.com\/legal\/privacy-policy)<\/span><\/li>\n<\/ul>\n","protected":false},"excerpt":{"rendered":"<p>Ostatnio edytowane 29.07.2021 1.\u00a0\u00a0\u00a0\u00a0 Witaj Jeste\u015bmy firm\u0105 Deratech z siedzib\u0105 w MANTA 6.9250 WAASMUNSTER, z numerem firmy BE 0884496775 W niniejszej Polityce plik\u00f3w cookie wyja\u015bniamy, jakie informacje mo\u017cemy gromadzi\u0107 za po\u015brednictwem naszej strony internetowej w oparciu o pliki cookie i w jaki spos\u00f3b wykorzystujemy je do ulepszania naszych us\u0142ug. Korzystaj\u0105c z naszej strony, wyra\u017casz zgod\u0119 [&hellip;]<\/p>\n","protected":false},"author":1,"featured_media":0,"parent":0,"menu_order":19,"comment_status":"closed","ping_status":"closed","template":"","meta":{"_acf_changed":false,"inline_featured_image":false,"footnotes":""},"class_list":["post-629","page","type-page","status-publish","hentry"],"acf":[],"yoast_head":"<!-- This site is optimized with the Yoast SEO plugin v27.0 - https:\/\/yoast.com\/product\/yoast-seo-wordpress\/ -->\n<title>Cookie Policy - Deratech<\/title>\n<meta name=\"robots\" content=\"index, follow, max-snippet:-1, max-image-preview:large, max-video-preview:-1\" \/>\n<link rel=\"canonical\" href=\"https:\/\/www.deratech.be\/pl\/cookie-policy\/\" \/>\n<meta property=\"og:locale\" content=\"pl_PL\" \/>\n<meta property=\"og:type\" content=\"article\" \/>\n<meta property=\"og:title\" content=\"Cookie Policy - Deratech\" \/>\n<meta property=\"og:description\" content=\"Ostatnio edytowane 29.07.2021 1.\u00a0\u00a0\u00a0\u00a0 Witaj Jeste\u015bmy firm\u0105 Deratech z siedzib\u0105 w MANTA 6.9250 WAASMUNSTER, z numerem firmy BE 0884496775 W niniejszej Polityce plik\u00f3w cookie wyja\u015bniamy, jakie informacje mo\u017cemy gromadzi\u0107 za po\u015brednictwem naszej strony internetowej w oparciu o pliki cookie i w jaki spos\u00f3b wykorzystujemy je do ulepszania naszych us\u0142ug. Korzystaj\u0105c z naszej strony, wyra\u017casz zgod\u0119 [&hellip;]\" \/>\n<meta property=\"og:url\" content=\"https:\/\/www.deratech.be\/pl\/cookie-policy\/\" \/>\n<meta property=\"og:site_name\" content=\"Deratech\" \/>\n<meta property=\"article:modified_time\" content=\"2021-07-29T10:02:12+00:00\" \/>\n<meta name=\"twitter:card\" content=\"summary_large_image\" \/>\n<meta name=\"twitter:label1\" content=\"Szacowany czas czytania\" \/>\n\t<meta name=\"twitter:data1\" content=\"2 minuty\" \/>\n<script type=\"application\/ld+json\" class=\"yoast-schema-graph\">{\"@context\":\"https:\/\/schema.org\",\"@graph\":[{\"@type\":\"WebPage\",\"@id\":\"https:\/\/www.deratech.be\/pl\/cookie-policy\/\",\"url\":\"https:\/\/www.deratech.be\/pl\/cookie-policy\/\",\"name\":\"Cookie Policy - Deratech\",\"isPartOf\":{\"@id\":\"https:\/\/www.deratech.be\/pl\/#website\"},\"datePublished\":\"2018-09-19T11:56:11+00:00\",\"dateModified\":\"2021-07-29T10:02:12+00:00\",\"breadcrumb\":{\"@id\":\"https:\/\/www.deratech.be\/pl\/cookie-policy\/#breadcrumb\"},\"inLanguage\":\"pl-PL\",\"potentialAction\":[{\"@type\":\"ReadAction\",\"target\":[\"https:\/\/www.deratech.be\/pl\/cookie-policy\/\"]}]},{\"@type\":\"BreadcrumbList\",\"@id\":\"https:\/\/www.deratech.be\/pl\/cookie-policy\/#breadcrumb\",\"itemListElement\":[{\"@type\":\"ListItem\",\"position\":1,\"name\":\"Home\",\"item\":\"https:\/\/www.deratech.be\/pl\/\"},{\"@type\":\"ListItem\",\"position\":2,\"name\":\"Cookie Policy\"}]},{\"@type\":\"WebSite\",\"@id\":\"https:\/\/www.deratech.be\/pl\/#website\",\"url\":\"https:\/\/www.deratech.be\/pl\/\",\"name\":\"Deratech\",\"description\":\"\",\"potentialAction\":[{\"@type\":\"SearchAction\",\"target\":{\"@type\":\"EntryPoint\",\"urlTemplate\":\"https:\/\/www.deratech.be\/pl\/?s={search_term_string}\"},\"query-input\":{\"@type\":\"PropertyValueSpecification\",\"valueRequired\":true,\"valueName\":\"search_term_string\"}}],\"inLanguage\":\"pl-PL\"}]}<\/script>\n<!-- \/ Yoast SEO plugin. -->","yoast_head_json":{"title":"Cookie Policy - Deratech","robots":{"index":"index","follow":"follow","max-snippet":"max-snippet:-1","max-image-preview":"max-image-preview:large","max-video-preview":"max-video-preview:-1"},"canonical":"https:\/\/www.deratech.be\/pl\/cookie-policy\/","og_locale":"pl_PL","og_type":"article","og_title":"Cookie Policy - Deratech","og_description":"Ostatnio edytowane 29.07.2021 1.\u00a0\u00a0\u00a0\u00a0 Witaj Jeste\u015bmy firm\u0105 Deratech z siedzib\u0105 w MANTA 6.9250 WAASMUNSTER, z numerem firmy BE 0884496775 W niniejszej Polityce plik\u00f3w cookie wyja\u015bniamy, jakie informacje mo\u017cemy gromadzi\u0107 za po\u015brednictwem naszej strony internetowej w oparciu o pliki cookie i w jaki spos\u00f3b wykorzystujemy je do ulepszania naszych us\u0142ug. Korzystaj\u0105c z naszej strony, wyra\u017casz zgod\u0119 [&hellip;]","og_url":"https:\/\/www.deratech.be\/pl\/cookie-policy\/","og_site_name":"Deratech","article_modified_time":"2021-07-29T10:02:12+00:00","twitter_card":"summary_large_image","twitter_misc":{"Szacowany czas czytania":"2 minuty"},"schema":{"@context":"https:\/\/schema.org","@graph":[{"@type":"WebPage","@id":"https:\/\/www.deratech.be\/pl\/cookie-policy\/","url":"https:\/\/www.deratech.be\/pl\/cookie-policy\/","name":"Cookie Policy - Deratech","isPartOf":{"@id":"https:\/\/www.deratech.be\/pl\/#website"},"datePublished":"2018-09-19T11:56:11+00:00","dateModified":"2021-07-29T10:02:12+00:00","breadcrumb":{"@id":"https:\/\/www.deratech.be\/pl\/cookie-policy\/#breadcrumb"},"inLanguage":"pl-PL","potentialAction":[{"@type":"ReadAction","target":["https:\/\/www.deratech.be\/pl\/cookie-policy\/"]}]},{"@type":"BreadcrumbList","@id":"https:\/\/www.deratech.be\/pl\/cookie-policy\/#breadcrumb","itemListElement":[{"@type":"ListItem","position":1,"name":"Home","item":"https:\/\/www.deratech.be\/pl\/"},{"@type":"ListItem","position":2,"name":"Cookie Policy"}]},{"@type":"WebSite","@id":"https:\/\/www.deratech.be\/pl\/#website","url":"https:\/\/www.deratech.be\/pl\/","name":"Deratech","description":"","potentialAction":[{"@type":"SearchAction","target":{"@type":"EntryPoint","urlTemplate":"https:\/\/www.deratech.be\/pl\/?s={search_term_string}"},"query-input":{"@type":"PropertyValueSpecification","valueRequired":true,"valueName":"search_term_string"}}],"inLanguage":"pl-PL"}]}},"_links":{"self":[{"href":"https:\/\/www.deratech.be\/pl\/wp-json\/wp\/v2\/pages\/629","targetHints":{"allow":["GET"]}}],"collection":[{"href":"https:\/\/www.deratech.be\/pl\/wp-json\/wp\/v2\/pages"}],"about":[{"href":"https:\/\/www.deratech.be\/pl\/wp-json\/wp\/v2\/types\/page"}],"author":[{"embeddable":true,"href":"https:\/\/www.deratech.be\/pl\/wp-json\/wp\/v2\/users\/1"}],"replies":[{"embeddable":true,"href":"https:\/\/www.deratech.be\/pl\/wp-json\/wp\/v2\/comments?post=629"}],"version-history":[{"count":0,"href":"https:\/\/www.deratech.be\/pl\/wp-json\/wp\/v2\/pages\/629\/revisions"}],"wp:attachment":[{"href":"https:\/\/www.deratech.be\/pl\/wp-json\/wp\/v2\/media?parent=629"}],"curies":[{"name":"wp","href":"https:\/\/api.w.org\/{rel}","templated":true}]}}