{"id":804,"date":"2021-07-20T11:20:30","date_gmt":"2021-07-20T09:20:30","guid":{"rendered":"https:\/\/www.deratech.be\/product\/ponsgereedschap\/"},"modified":"2021-08-19T14:02:30","modified_gmt":"2021-08-19T12:02:30","slug":"44-stanzwerkzeuge","status":"publish","type":"product","link":"https:\/\/www.deratech.be\/de\/produkte\/werkzeuge\/stanzwerkzeuge\/","title":{"rendered":"STANZWERKZEUGE"},"content":{"rendered":"<p><strong>WERKZEUGE F\u00dcR STANZEN UND PROFILSTAHLSCHEREN Typ MUBEA<\/strong><\/p>\n<p><strong>WERKZEUGE F\u00dcR STANZEN UND PROFILSTAHLSCHEREN Typ GEKA<\/strong><\/p>\n<p><strong>WERKZEUGE F\u00dcR STANZEN UND PROFILSTAHLSCHEREN Typ PEDDINGHAUS<\/strong><\/p>\n<p><strong>WERKZEUGE F\u00dcR STANZEN UND PROFILSTAHLSCHEREN Typ KINGSLAND<\/strong><\/p>\n<p><strong>WERKZEUGE F\u00dcR STANZEN UND PROFILSTAHLSCHEREN Typ FICEP<\/strong><\/p>\n","protected":false},"featured_media":453,"template":"","product_cat":[50],"class_list":["post-804","product","type-product","status-publish","has-post-thumbnail","hentry","product_cat-werkzeuge"],"acf":[],"yoast_head":"<!-- This site is optimized with the Yoast SEO plugin v27.0 - https:\/\/yoast.com\/product\/yoast-seo-wordpress\/ -->\n<title>STANZWERKZEUGE - Deratech<\/title>\n<meta name=\"robots\" content=\"index, follow, max-snippet:-1, max-image-preview:large, max-video-preview:-1\" \/>\n<link rel=\"canonical\" href=\"https:\/\/www.deratech.be\/de\/produkte\/werkzeuge\/stanzwerkzeuge\/\" \/>\n<meta property=\"og:locale\" content=\"de_DE\" \/>\n<meta property=\"og:type\" content=\"article\" \/>\n<meta property=\"og:title\" content=\"STANZWERKZEUGE - Deratech\" \/>\n<meta property=\"og:description\" content=\"WERKZEUGE F\u00dcR STANZEN UND PROFILSTAHLSCHEREN Typ MUBEA WERKZEUGE F\u00dcR STANZEN UND PROFILSTAHLSCHEREN Typ GEKA WERKZEUGE F\u00dcR STANZEN UND PROFILSTAHLSCHEREN Typ PEDDINGHAUS WERKZEUGE F\u00dcR STANZEN UND PROFILSTAHLSCHEREN Typ KINGSLAND WERKZEUGE F\u00dcR STANZEN UND PROFILSTAHLSCHEREN Typ FICEP\" \/>\n<meta property=\"og:url\" content=\"https:\/\/www.deratech.be\/de\/produkte\/werkzeuge\/stanzwerkzeuge\/\" \/>\n<meta property=\"og:site_name\" content=\"Deratech\" \/>\n<meta property=\"article:modified_time\" content=\"2021-08-19T12:02:30+00:00\" \/>\n<meta property=\"og:image\" content=\"https:\/\/www.deratech.be\/wp-content\/uploads\/2021\/07\/8fe3e0f34d3083cba6fe73d62a783d7f_XL.jpg\" \/>\n\t<meta property=\"og:image:width\" content=\"770\" \/>\n\t<meta property=\"og:image:height\" content=\"539\" \/>\n\t<meta property=\"og:image:type\" content=\"image\/jpeg\" \/>\n<meta name=\"twitter:card\" content=\"summary_large_image\" \/>\n<meta name=\"twitter:label1\" content=\"Gesch\u00e4tzte Lesezeit\" \/>\n\t<meta name=\"twitter:data1\" content=\"1\u00a0Minute\" \/>\n<script type=\"application\/ld+json\" class=\"yoast-schema-graph\">{\"@context\":\"https:\/\/schema.org\",\"@graph\":[{\"@type\":\"WebPage\",\"@id\":\"https:\/\/www.deratech.be\/de\/produkte\/werkzeuge\/stanzwerkzeuge\/\",\"url\":\"https:\/\/www.deratech.be\/de\/produkte\/werkzeuge\/stanzwerkzeuge\/\",\"name\":\"STANZWERKZEUGE - Deratech\",\"isPartOf\":{\"@id\":\"https:\/\/www.deratech.be\/de\/#website\"},\"primaryImageOfPage\":{\"@id\":\"https:\/\/www.deratech.be\/de\/produkte\/werkzeuge\/stanzwerkzeuge\/#primaryimage\"},\"image\":{\"@id\":\"https:\/\/www.deratech.be\/de\/produkte\/werkzeuge\/stanzwerkzeuge\/#primaryimage\"},\"thumbnailUrl\":\"https:\/\/www.deratech.be\/wp-content\/uploads\/2021\/07\/8fe3e0f34d3083cba6fe73d62a783d7f_XL.jpg\",\"datePublished\":\"2021-07-20T09:20:30+00:00\",\"dateModified\":\"2021-08-19T12:02:30+00:00\",\"breadcrumb\":{\"@id\":\"https:\/\/www.deratech.be\/de\/produkte\/werkzeuge\/stanzwerkzeuge\/#breadcrumb\"},\"inLanguage\":\"de\",\"potentialAction\":[{\"@type\":\"ReadAction\",\"target\":[\"https:\/\/www.deratech.be\/de\/produkte\/werkzeuge\/stanzwerkzeuge\/\"]}]},{\"@type\":\"ImageObject\",\"inLanguage\":\"de\",\"@id\":\"https:\/\/www.deratech.be\/de\/produkte\/werkzeuge\/stanzwerkzeuge\/#primaryimage\",\"url\":\"https:\/\/www.deratech.be\/wp-content\/uploads\/2021\/07\/8fe3e0f34d3083cba6fe73d62a783d7f_XL.jpg\",\"contentUrl\":\"https:\/\/www.deratech.be\/wp-content\/uploads\/2021\/07\/8fe3e0f34d3083cba6fe73d62a783d7f_XL.jpg\",\"width\":770,\"height\":539},{\"@type\":\"BreadcrumbList\",\"@id\":\"https:\/\/www.deratech.be\/de\/produkte\/werkzeuge\/stanzwerkzeuge\/#breadcrumb\",\"itemListElement\":[{\"@type\":\"ListItem\",\"position\":1,\"name\":\"Home\",\"item\":\"https:\/\/www.deratech.be\/de\/\"},{\"@type\":\"ListItem\",\"position\":2,\"name\":\"Produkte\",\"item\":\"https:\/\/www.deratech.be\/de\/produkte\/\"},{\"@type\":\"ListItem\",\"position\":3,\"name\":\"Werkzeuge\",\"item\":\"https:\/\/www.deratech.be\/de\/produkte\/werkzeuge\/\"},{\"@type\":\"ListItem\",\"position\":4,\"name\":\"STANZWERKZEUGE\"}]},{\"@type\":\"WebSite\",\"@id\":\"https:\/\/www.deratech.be\/de\/#website\",\"url\":\"https:\/\/www.deratech.be\/de\/\",\"name\":\"Deratech\",\"description\":\"\",\"potentialAction\":[{\"@type\":\"SearchAction\",\"target\":{\"@type\":\"EntryPoint\",\"urlTemplate\":\"https:\/\/www.deratech.be\/de\/?s={search_term_string}\"},\"query-input\":{\"@type\":\"PropertyValueSpecification\",\"valueRequired\":true,\"valueName\":\"search_term_string\"}}],\"inLanguage\":\"de\"}]}<\/script>\n<!-- \/ Yoast SEO plugin. -->","yoast_head_json":{"title":"STANZWERKZEUGE - Deratech","robots":{"index":"index","follow":"follow","max-snippet":"max-snippet:-1","max-image-preview":"max-image-preview:large","max-video-preview":"max-video-preview:-1"},"canonical":"https:\/\/www.deratech.be\/de\/produkte\/werkzeuge\/stanzwerkzeuge\/","og_locale":"de_DE","og_type":"article","og_title":"STANZWERKZEUGE - Deratech","og_description":"WERKZEUGE F\u00dcR STANZEN UND PROFILSTAHLSCHEREN Typ MUBEA WERKZEUGE F\u00dcR STANZEN UND PROFILSTAHLSCHEREN Typ GEKA WERKZEUGE F\u00dcR STANZEN UND PROFILSTAHLSCHEREN Typ PEDDINGHAUS WERKZEUGE F\u00dcR STANZEN UND PROFILSTAHLSCHEREN Typ KINGSLAND WERKZEUGE F\u00dcR STANZEN UND PROFILSTAHLSCHEREN Typ FICEP","og_url":"https:\/\/www.deratech.be\/de\/produkte\/werkzeuge\/stanzwerkzeuge\/","og_site_name":"Deratech","article_modified_time":"2021-08-19T12:02:30+00:00","og_image":[{"width":770,"height":539,"url":"https:\/\/www.deratech.be\/wp-content\/uploads\/2021\/07\/8fe3e0f34d3083cba6fe73d62a783d7f_XL.jpg","type":"image\/jpeg"}],"twitter_card":"summary_large_image","twitter_misc":{"Gesch\u00e4tzte Lesezeit":"1\u00a0Minute"},"schema":{"@context":"https:\/\/schema.org","@graph":[{"@type":"WebPage","@id":"https:\/\/www.deratech.be\/de\/produkte\/werkzeuge\/stanzwerkzeuge\/","url":"https:\/\/www.deratech.be\/de\/produkte\/werkzeuge\/stanzwerkzeuge\/","name":"STANZWERKZEUGE - Deratech","isPartOf":{"@id":"https:\/\/www.deratech.be\/de\/#website"},"primaryImageOfPage":{"@id":"https:\/\/www.deratech.be\/de\/produkte\/werkzeuge\/stanzwerkzeuge\/#primaryimage"},"image":{"@id":"https:\/\/www.deratech.be\/de\/produkte\/werkzeuge\/stanzwerkzeuge\/#primaryimage"},"thumbnailUrl":"https:\/\/www.deratech.be\/wp-content\/uploads\/2021\/07\/8fe3e0f34d3083cba6fe73d62a783d7f_XL.jpg","datePublished":"2021-07-20T09:20:30+00:00","dateModified":"2021-08-19T12:02:30+00:00","breadcrumb":{"@id":"https:\/\/www.deratech.be\/de\/produkte\/werkzeuge\/stanzwerkzeuge\/#breadcrumb"},"inLanguage":"de","potentialAction":[{"@type":"ReadAction","target":["https:\/\/www.deratech.be\/de\/produkte\/werkzeuge\/stanzwerkzeuge\/"]}]},{"@type":"ImageObject","inLanguage":"de","@id":"https:\/\/www.deratech.be\/de\/produkte\/werkzeuge\/stanzwerkzeuge\/#primaryimage","url":"https:\/\/www.deratech.be\/wp-content\/uploads\/2021\/07\/8fe3e0f34d3083cba6fe73d62a783d7f_XL.jpg","contentUrl":"https:\/\/www.deratech.be\/wp-content\/uploads\/2021\/07\/8fe3e0f34d3083cba6fe73d62a783d7f_XL.jpg","width":770,"height":539},{"@type":"BreadcrumbList","@id":"https:\/\/www.deratech.be\/de\/produkte\/werkzeuge\/stanzwerkzeuge\/#breadcrumb","itemListElement":[{"@type":"ListItem","position":1,"name":"Home","item":"https:\/\/www.deratech.be\/de\/"},{"@type":"ListItem","position":2,"name":"Produkte","item":"https:\/\/www.deratech.be\/de\/produkte\/"},{"@type":"ListItem","position":3,"name":"Werkzeuge","item":"https:\/\/www.deratech.be\/de\/produkte\/werkzeuge\/"},{"@type":"ListItem","position":4,"name":"STANZWERKZEUGE"}]},{"@type":"WebSite","@id":"https:\/\/www.deratech.be\/de\/#website","url":"https:\/\/www.deratech.be\/de\/","name":"Deratech","description":"","potentialAction":[{"@type":"SearchAction","target":{"@type":"EntryPoint","urlTemplate":"https:\/\/www.deratech.be\/de\/?s={search_term_string}"},"query-input":{"@type":"PropertyValueSpecification","valueRequired":true,"valueName":"search_term_string"}}],"inLanguage":"de"}]}},"_links":{"self":[{"href":"https:\/\/www.deratech.be\/de\/wp-json\/wp\/v2\/product\/804","targetHints":{"allow":["GET"]}}],"collection":[{"href":"https:\/\/www.deratech.be\/de\/wp-json\/wp\/v2\/product"}],"about":[{"href":"https:\/\/www.deratech.be\/de\/wp-json\/wp\/v2\/types\/product"}],"wp:featuredmedia":[{"embeddable":true,"href":"https:\/\/www.deratech.be\/de\/wp-json\/wp\/v2\/media\/453"}],"wp:attachment":[{"href":"https:\/\/www.deratech.be\/de\/wp-json\/wp\/v2\/media?parent=804"}],"wp:term":[{"taxonomy":"product_cat","embeddable":true,"href":"https:\/\/www.deratech.be\/de\/wp-json\/wp\/v2\/product_cat?post=804"}],"curies":[{"name":"wp","href":"https:\/\/api.w.org\/{rel}","templated":true}]}}