{"id":794,"date":"2021-07-20T11:17:09","date_gmt":"2021-07-20T09:17:09","guid":{"rendered":"https:\/\/www.deratech.be\/product\/automatisering-2\/"},"modified":"2021-07-23T09:33:35","modified_gmt":"2021-07-23T07:33:35","slug":"28-automation","status":"publish","type":"product","link":"https:\/\/www.deratech.be\/de\/produkte\/automatisierung\/automation\/","title":{"rendered":"Automatisering"},"content":{"rendered":"<p>Deratech bietet schl\u00fcsselfertige L\u00f6sungen zur Automatisierung Ihres Produktionsprozesses.<\/p>\n<p>Basierend auf einer kompetenten , gr\u00fcndlichen Analyse der Anforderungen und W\u00fcnsche wird in enger Abstimmung mit dem Kunden eine L\u00f6sungsweg erarbeitet.<\/p>\n<p>Um aktiv Kundenw\u00fcnsche zu erfassen und M\u00f6glichkeiten zu eruieren, sind wir durch unsere Flexibilit\u00e4t und Zug\u00e4nglichkeit in Design und Ausf\u00fchrung \u00a0immer in der Lage eine angemessene Automatisierung anzubieten. Zur Realisierung von komplexen Automatisierungsprozessen nutzen wir die Expertise von ausgesuchten Dienstleistungsunternehmen mit denen wir enge Partnerschaften pflegen.<\/p>\n<p>Das Ziel des Kunden hat immer oberste Priorit\u00e4t und die Realisierung ist unser Bestreben.<\/p>\n","protected":false},"featured_media":447,"template":"","product_cat":[47],"class_list":["post-794","product","type-product","status-publish","has-post-thumbnail","hentry","product_cat-automatisierung"],"acf":[],"yoast_head":"<!-- This site is optimized with the Yoast SEO plugin v27.0 - https:\/\/yoast.com\/product\/yoast-seo-wordpress\/ -->\n<title>Automatisering - Deratech<\/title>\n<meta name=\"robots\" content=\"index, follow, max-snippet:-1, max-image-preview:large, max-video-preview:-1\" \/>\n<link rel=\"canonical\" href=\"https:\/\/www.deratech.be\/de\/produkte\/automatisierung\/automation\/\" \/>\n<meta property=\"og:locale\" content=\"de_DE\" \/>\n<meta property=\"og:type\" content=\"article\" \/>\n<meta property=\"og:title\" content=\"Automatisering - Deratech\" \/>\n<meta property=\"og:description\" content=\"Deratech bietet schl\u00fcsselfertige L\u00f6sungen zur Automatisierung Ihres Produktionsprozesses. Basierend auf einer kompetenten , gr\u00fcndlichen Analyse der Anforderungen und W\u00fcnsche wird in enger Abstimmung mit dem Kunden eine L\u00f6sungsweg erarbeitet. Um aktiv Kundenw\u00fcnsche zu erfassen und M\u00f6glichkeiten zu eruieren, sind wir durch unsere Flexibilit\u00e4t und Zug\u00e4nglichkeit in Design und Ausf\u00fchrung \u00a0immer in der Lage eine angemessene [&hellip;]\" \/>\n<meta property=\"og:url\" content=\"https:\/\/www.deratech.be\/de\/produkte\/automatisierung\/automation\/\" \/>\n<meta property=\"og:site_name\" content=\"Deratech\" \/>\n<meta property=\"article:modified_time\" content=\"2021-07-23T07:33:35+00:00\" \/>\n<meta property=\"og:image\" content=\"https:\/\/www.deratech.be\/wp-content\/uploads\/2021\/07\/01f1a05053c6242fcfa23075e5b963c1_XL.jpg\" \/>\n\t<meta property=\"og:image:width\" content=\"770\" \/>\n\t<meta property=\"og:image:height\" content=\"444\" \/>\n\t<meta property=\"og:image:type\" content=\"image\/jpeg\" \/>\n<meta name=\"twitter:card\" content=\"summary_large_image\" \/>\n<meta name=\"twitter:label1\" content=\"Gesch\u00e4tzte Lesezeit\" \/>\n\t<meta name=\"twitter:data1\" content=\"1\u00a0Minute\" \/>\n<script type=\"application\/ld+json\" class=\"yoast-schema-graph\">{\"@context\":\"https:\/\/schema.org\",\"@graph\":[{\"@type\":\"WebPage\",\"@id\":\"https:\/\/www.deratech.be\/de\/produkte\/automatisierung\/automation\/\",\"url\":\"https:\/\/www.deratech.be\/de\/produkte\/automatisierung\/automation\/\",\"name\":\"Automatisering - Deratech\",\"isPartOf\":{\"@id\":\"https:\/\/www.deratech.be\/de\/#website\"},\"primaryImageOfPage\":{\"@id\":\"https:\/\/www.deratech.be\/de\/produkte\/automatisierung\/automation\/#primaryimage\"},\"image\":{\"@id\":\"https:\/\/www.deratech.be\/de\/produkte\/automatisierung\/automation\/#primaryimage\"},\"thumbnailUrl\":\"https:\/\/www.deratech.be\/wp-content\/uploads\/2021\/07\/01f1a05053c6242fcfa23075e5b963c1_XL.jpg\",\"datePublished\":\"2021-07-20T09:17:09+00:00\",\"dateModified\":\"2021-07-23T07:33:35+00:00\",\"breadcrumb\":{\"@id\":\"https:\/\/www.deratech.be\/de\/produkte\/automatisierung\/automation\/#breadcrumb\"},\"inLanguage\":\"de\",\"potentialAction\":[{\"@type\":\"ReadAction\",\"target\":[\"https:\/\/www.deratech.be\/de\/produkte\/automatisierung\/automation\/\"]}]},{\"@type\":\"ImageObject\",\"inLanguage\":\"de\",\"@id\":\"https:\/\/www.deratech.be\/de\/produkte\/automatisierung\/automation\/#primaryimage\",\"url\":\"https:\/\/www.deratech.be\/wp-content\/uploads\/2021\/07\/01f1a05053c6242fcfa23075e5b963c1_XL.jpg\",\"contentUrl\":\"https:\/\/www.deratech.be\/wp-content\/uploads\/2021\/07\/01f1a05053c6242fcfa23075e5b963c1_XL.jpg\",\"width\":770,\"height\":444},{\"@type\":\"BreadcrumbList\",\"@id\":\"https:\/\/www.deratech.be\/de\/produkte\/automatisierung\/automation\/#breadcrumb\",\"itemListElement\":[{\"@type\":\"ListItem\",\"position\":1,\"name\":\"Home\",\"item\":\"https:\/\/www.deratech.be\/de\/\"},{\"@type\":\"ListItem\",\"position\":2,\"name\":\"Produkte\",\"item\":\"https:\/\/www.deratech.be\/de\/produkte\/\"},{\"@type\":\"ListItem\",\"position\":3,\"name\":\"Automatisierung\",\"item\":\"https:\/\/www.deratech.be\/de\/produkte\/automatisierung\/\"},{\"@type\":\"ListItem\",\"position\":4,\"name\":\"Automatisering\"}]},{\"@type\":\"WebSite\",\"@id\":\"https:\/\/www.deratech.be\/de\/#website\",\"url\":\"https:\/\/www.deratech.be\/de\/\",\"name\":\"Deratech\",\"description\":\"\",\"potentialAction\":[{\"@type\":\"SearchAction\",\"target\":{\"@type\":\"EntryPoint\",\"urlTemplate\":\"https:\/\/www.deratech.be\/de\/?s={search_term_string}\"},\"query-input\":{\"@type\":\"PropertyValueSpecification\",\"valueRequired\":true,\"valueName\":\"search_term_string\"}}],\"inLanguage\":\"de\"}]}<\/script>\n<!-- \/ Yoast SEO plugin. -->","yoast_head_json":{"title":"Automatisering - Deratech","robots":{"index":"index","follow":"follow","max-snippet":"max-snippet:-1","max-image-preview":"max-image-preview:large","max-video-preview":"max-video-preview:-1"},"canonical":"https:\/\/www.deratech.be\/de\/produkte\/automatisierung\/automation\/","og_locale":"de_DE","og_type":"article","og_title":"Automatisering - Deratech","og_description":"Deratech bietet schl\u00fcsselfertige L\u00f6sungen zur Automatisierung Ihres Produktionsprozesses. Basierend auf einer kompetenten , gr\u00fcndlichen Analyse der Anforderungen und W\u00fcnsche wird in enger Abstimmung mit dem Kunden eine L\u00f6sungsweg erarbeitet. Um aktiv Kundenw\u00fcnsche zu erfassen und M\u00f6glichkeiten zu eruieren, sind wir durch unsere Flexibilit\u00e4t und Zug\u00e4nglichkeit in Design und Ausf\u00fchrung \u00a0immer in der Lage eine angemessene [&hellip;]","og_url":"https:\/\/www.deratech.be\/de\/produkte\/automatisierung\/automation\/","og_site_name":"Deratech","article_modified_time":"2021-07-23T07:33:35+00:00","og_image":[{"width":770,"height":444,"url":"https:\/\/www.deratech.be\/wp-content\/uploads\/2021\/07\/01f1a05053c6242fcfa23075e5b963c1_XL.jpg","type":"image\/jpeg"}],"twitter_card":"summary_large_image","twitter_misc":{"Gesch\u00e4tzte Lesezeit":"1\u00a0Minute"},"schema":{"@context":"https:\/\/schema.org","@graph":[{"@type":"WebPage","@id":"https:\/\/www.deratech.be\/de\/produkte\/automatisierung\/automation\/","url":"https:\/\/www.deratech.be\/de\/produkte\/automatisierung\/automation\/","name":"Automatisering - Deratech","isPartOf":{"@id":"https:\/\/www.deratech.be\/de\/#website"},"primaryImageOfPage":{"@id":"https:\/\/www.deratech.be\/de\/produkte\/automatisierung\/automation\/#primaryimage"},"image":{"@id":"https:\/\/www.deratech.be\/de\/produkte\/automatisierung\/automation\/#primaryimage"},"thumbnailUrl":"https:\/\/www.deratech.be\/wp-content\/uploads\/2021\/07\/01f1a05053c6242fcfa23075e5b963c1_XL.jpg","datePublished":"2021-07-20T09:17:09+00:00","dateModified":"2021-07-23T07:33:35+00:00","breadcrumb":{"@id":"https:\/\/www.deratech.be\/de\/produkte\/automatisierung\/automation\/#breadcrumb"},"inLanguage":"de","potentialAction":[{"@type":"ReadAction","target":["https:\/\/www.deratech.be\/de\/produkte\/automatisierung\/automation\/"]}]},{"@type":"ImageObject","inLanguage":"de","@id":"https:\/\/www.deratech.be\/de\/produkte\/automatisierung\/automation\/#primaryimage","url":"https:\/\/www.deratech.be\/wp-content\/uploads\/2021\/07\/01f1a05053c6242fcfa23075e5b963c1_XL.jpg","contentUrl":"https:\/\/www.deratech.be\/wp-content\/uploads\/2021\/07\/01f1a05053c6242fcfa23075e5b963c1_XL.jpg","width":770,"height":444},{"@type":"BreadcrumbList","@id":"https:\/\/www.deratech.be\/de\/produkte\/automatisierung\/automation\/#breadcrumb","itemListElement":[{"@type":"ListItem","position":1,"name":"Home","item":"https:\/\/www.deratech.be\/de\/"},{"@type":"ListItem","position":2,"name":"Produkte","item":"https:\/\/www.deratech.be\/de\/produkte\/"},{"@type":"ListItem","position":3,"name":"Automatisierung","item":"https:\/\/www.deratech.be\/de\/produkte\/automatisierung\/"},{"@type":"ListItem","position":4,"name":"Automatisering"}]},{"@type":"WebSite","@id":"https:\/\/www.deratech.be\/de\/#website","url":"https:\/\/www.deratech.be\/de\/","name":"Deratech","description":"","potentialAction":[{"@type":"SearchAction","target":{"@type":"EntryPoint","urlTemplate":"https:\/\/www.deratech.be\/de\/?s={search_term_string}"},"query-input":{"@type":"PropertyValueSpecification","valueRequired":true,"valueName":"search_term_string"}}],"inLanguage":"de"}]}},"_links":{"self":[{"href":"https:\/\/www.deratech.be\/de\/wp-json\/wp\/v2\/product\/794","targetHints":{"allow":["GET"]}}],"collection":[{"href":"https:\/\/www.deratech.be\/de\/wp-json\/wp\/v2\/product"}],"about":[{"href":"https:\/\/www.deratech.be\/de\/wp-json\/wp\/v2\/types\/product"}],"wp:featuredmedia":[{"embeddable":true,"href":"https:\/\/www.deratech.be\/de\/wp-json\/wp\/v2\/media\/447"}],"wp:attachment":[{"href":"https:\/\/www.deratech.be\/de\/wp-json\/wp\/v2\/media?parent=794"}],"wp:term":[{"taxonomy":"product_cat","embeddable":true,"href":"https:\/\/www.deratech.be\/de\/wp-json\/wp\/v2\/product_cat?post=794"}],"curies":[{"name":"wp","href":"https:\/\/api.w.org\/{rel}","templated":true}]}}