{"id":785,"date":"2021-07-20T11:12:56","date_gmt":"2021-07-20T09:12:56","guid":{"rendered":"https:\/\/www.deratech.be\/product\/futura\/"},"modified":"2022-05-12T16:32:15","modified_gmt":"2022-05-12T14:32:15","slug":"42-futura","status":"publish","type":"product","link":"https:\/\/www.deratech.be\/de\/produkte\/faserlaserschneidanlagen\/futura\/","title":{"rendered":"Futura"},"content":{"rendered":"<p>Die <strong>FUTURA<\/strong> ist eine universelle <strong>Rohrlaserschneidanlage<\/strong>.<\/p>\n<ul>\n<li><strong>FUTURA 6020<\/strong> f\u00fcr Rohre und Profile mit einer Kapazit\u00e4t von 10 mm <strong>bis 220 mm Durchmesser<\/strong><\/li>\n<li><strong>FUTURA 6038<\/strong> f\u00fcr Rohre und Profile mit einer Kapazit\u00e4t von 10 mm <strong>bis 380 mm Durchmesser<\/strong><\/li>\n<\/ul>\n<p>Die Laser-Rohrschneider Futura 6020 und Futura 6038 sind beide f\u00fcr die Bearbeitung von Standardrohrl\u00e4ngen bis zu 6 Metern ausger\u00fcstet.<\/p>\n<p>Optional k\u00f6nnen beide Modelle ausgestattet werden mit u.A.<\/p>\n<ul>\n<li>Zuf\u00fchrsystem f\u00fcr <strong>Rohrl\u00e4ngen bis zu 12 Metern<\/strong><\/li>\n<li><strong>Abschr\u00e4gungsfunktion<\/strong> f\u00fcr <strong>3D-Schneidevorg\u00e4nge<\/strong><\/li>\n<li>3 Spannfutter zum <strong>Schneiden ohne Materialverlust<\/strong><\/li>\n<li>Faserlaser mit <strong>2 kW, 3 kW, 4 kW<\/strong> oder <strong>6 kW<\/strong> Schneidleistung<\/li>\n<\/ul>\n<p>Die Laser-Rohrschneidmaschinen Futura 6020 und 6038 sind als <strong>preisg\u00fcnstige Einstiegsmaschinen<\/strong> mit manueller Beladung f\u00fcr den gelegentlichen Einsatz erh\u00e4ltlich. Sie k\u00f6nnen zu einer <strong>vollautomatischen Produktionszelle<\/strong> mit automatischem B\u00fcndelungsmagazin und automatischem Entladesystem aufger\u00fcstet werden, was eine kontinuierliche Produktionsm\u00f6glichkeit garantiert.<\/p>\n<p>Mit der Futura k\u00f6nnen nicht nur Rund- und Vierkantr\u00f6hre geschnitten werden, sondern auch rechteckige, elliptische, usw. Auch offene Profile wie U, L, H, T, usw. sind m\u00f6glich.<\/p>\n<p>Die Maschine bietet eine sehr akzeptable dynamische Leistung f\u00fcr das Schneiden von d\u00fcnnem Rohrmaterial bei hoher Geschwindigkeit, hat aber auch die Technologie an Bord, um schwerere Rohre und Profile mit konstanter Qualit\u00e4t zu schneiden.<\/p>\n<p><strong>Das Arbeiten mit der FUTURA Laser-Rohrschneidmaschine wird zu einer einfachen und leichten Aufgabe ! <\/strong><\/p>\n<ul>\n<li><strong>Budgetfreundliches Einstiegsmodell bis hin zur Vollautomatisierung<\/strong><\/li>\n<li><strong>Flexibel erweiterbar<\/strong><\/li>\n<li><strong>Preiswert<\/strong><\/li>\n<\/ul>\n","protected":false},"featured_media":1362,"template":"","product_cat":[41],"class_list":["post-785","product","type-product","status-publish","has-post-thumbnail","hentry","product_cat-faserlaserschneidanlagen"],"acf":[],"yoast_head":"<!-- This site is optimized with the Yoast SEO plugin v27.0 - https:\/\/yoast.com\/product\/yoast-seo-wordpress\/ -->\n<title>Futura - Deratech<\/title>\n<meta name=\"robots\" content=\"index, follow, max-snippet:-1, max-image-preview:large, max-video-preview:-1\" \/>\n<link rel=\"canonical\" href=\"https:\/\/www.deratech.be\/de\/produkte\/faserlaserschneidanlagen\/futura\/\" \/>\n<meta property=\"og:locale\" content=\"de_DE\" \/>\n<meta property=\"og:type\" content=\"article\" \/>\n<meta property=\"og:title\" content=\"Futura - Deratech\" \/>\n<meta property=\"og:description\" content=\"Die FUTURA ist eine universelle Rohrlaserschneidanlage. FUTURA 6020 f\u00fcr Rohre und Profile mit einer Kapazit\u00e4t von 10 mm bis 220 mm Durchmesser FUTURA 6038 f\u00fcr Rohre und Profile mit einer Kapazit\u00e4t von 10 mm bis 380 mm Durchmesser Die Laser-Rohrschneider Futura 6020 und Futura 6038 sind beide f\u00fcr die Bearbeitung von Standardrohrl\u00e4ngen bis zu 6 [&hellip;]\" \/>\n<meta property=\"og:url\" content=\"https:\/\/www.deratech.be\/de\/produkte\/faserlaserschneidanlagen\/futura\/\" \/>\n<meta property=\"og:site_name\" content=\"Deratech\" \/>\n<meta property=\"article:modified_time\" content=\"2022-05-12T14:32:15+00:00\" \/>\n<meta property=\"og:image\" content=\"https:\/\/www.deratech.be\/wp-content\/uploads\/2021\/07\/FUTURA-6020-Hoofdfoto-scaled.jpg\" \/>\n\t<meta property=\"og:image:width\" content=\"2560\" \/>\n\t<meta property=\"og:image:height\" content=\"2454\" \/>\n\t<meta property=\"og:image:type\" content=\"image\/jpeg\" \/>\n<meta name=\"twitter:card\" content=\"summary_large_image\" \/>\n<script type=\"application\/ld+json\" class=\"yoast-schema-graph\">{\"@context\":\"https:\/\/schema.org\",\"@graph\":[{\"@type\":\"WebPage\",\"@id\":\"https:\/\/www.deratech.be\/de\/produkte\/faserlaserschneidanlagen\/futura\/\",\"url\":\"https:\/\/www.deratech.be\/de\/produkte\/faserlaserschneidanlagen\/futura\/\",\"name\":\"Futura - Deratech\",\"isPartOf\":{\"@id\":\"https:\/\/www.deratech.be\/de\/#website\"},\"primaryImageOfPage\":{\"@id\":\"https:\/\/www.deratech.be\/de\/produkte\/faserlaserschneidanlagen\/futura\/#primaryimage\"},\"image\":{\"@id\":\"https:\/\/www.deratech.be\/de\/produkte\/faserlaserschneidanlagen\/futura\/#primaryimage\"},\"thumbnailUrl\":\"https:\/\/www.deratech.be\/wp-content\/uploads\/2021\/07\/FUTURA-6020-Hoofdfoto-scaled.jpg\",\"datePublished\":\"2021-07-20T09:12:56+00:00\",\"dateModified\":\"2022-05-12T14:32:15+00:00\",\"breadcrumb\":{\"@id\":\"https:\/\/www.deratech.be\/de\/produkte\/faserlaserschneidanlagen\/futura\/#breadcrumb\"},\"inLanguage\":\"de\",\"potentialAction\":[{\"@type\":\"ReadAction\",\"target\":[\"https:\/\/www.deratech.be\/de\/produkte\/faserlaserschneidanlagen\/futura\/\"]}]},{\"@type\":\"ImageObject\",\"inLanguage\":\"de\",\"@id\":\"https:\/\/www.deratech.be\/de\/produkte\/faserlaserschneidanlagen\/futura\/#primaryimage\",\"url\":\"https:\/\/www.deratech.be\/wp-content\/uploads\/2021\/07\/FUTURA-6020-Hoofdfoto-scaled.jpg\",\"contentUrl\":\"https:\/\/www.deratech.be\/wp-content\/uploads\/2021\/07\/FUTURA-6020-Hoofdfoto-scaled.jpg\",\"width\":2560,\"height\":2454},{\"@type\":\"BreadcrumbList\",\"@id\":\"https:\/\/www.deratech.be\/de\/produkte\/faserlaserschneidanlagen\/futura\/#breadcrumb\",\"itemListElement\":[{\"@type\":\"ListItem\",\"position\":1,\"name\":\"Home\",\"item\":\"https:\/\/www.deratech.be\/de\/\"},{\"@type\":\"ListItem\",\"position\":2,\"name\":\"Produkte\",\"item\":\"https:\/\/www.deratech.be\/de\/produkte\/\"},{\"@type\":\"ListItem\",\"position\":3,\"name\":\"Faserlaserschneidanlagen\",\"item\":\"https:\/\/www.deratech.be\/de\/produkte\/faserlaserschneidanlagen\/\"},{\"@type\":\"ListItem\",\"position\":4,\"name\":\"Futura\"}]},{\"@type\":\"WebSite\",\"@id\":\"https:\/\/www.deratech.be\/de\/#website\",\"url\":\"https:\/\/www.deratech.be\/de\/\",\"name\":\"Deratech\",\"description\":\"\",\"potentialAction\":[{\"@type\":\"SearchAction\",\"target\":{\"@type\":\"EntryPoint\",\"urlTemplate\":\"https:\/\/www.deratech.be\/de\/?s={search_term_string}\"},\"query-input\":{\"@type\":\"PropertyValueSpecification\",\"valueRequired\":true,\"valueName\":\"search_term_string\"}}],\"inLanguage\":\"de\"}]}<\/script>\n<!-- \/ Yoast SEO plugin. -->","yoast_head_json":{"title":"Futura - Deratech","robots":{"index":"index","follow":"follow","max-snippet":"max-snippet:-1","max-image-preview":"max-image-preview:large","max-video-preview":"max-video-preview:-1"},"canonical":"https:\/\/www.deratech.be\/de\/produkte\/faserlaserschneidanlagen\/futura\/","og_locale":"de_DE","og_type":"article","og_title":"Futura - Deratech","og_description":"Die FUTURA ist eine universelle Rohrlaserschneidanlage. FUTURA 6020 f\u00fcr Rohre und Profile mit einer Kapazit\u00e4t von 10 mm bis 220 mm Durchmesser FUTURA 6038 f\u00fcr Rohre und Profile mit einer Kapazit\u00e4t von 10 mm bis 380 mm Durchmesser Die Laser-Rohrschneider Futura 6020 und Futura 6038 sind beide f\u00fcr die Bearbeitung von Standardrohrl\u00e4ngen bis zu 6 [&hellip;]","og_url":"https:\/\/www.deratech.be\/de\/produkte\/faserlaserschneidanlagen\/futura\/","og_site_name":"Deratech","article_modified_time":"2022-05-12T14:32:15+00:00","og_image":[{"width":2560,"height":2454,"url":"https:\/\/www.deratech.be\/wp-content\/uploads\/2021\/07\/FUTURA-6020-Hoofdfoto-scaled.jpg","type":"image\/jpeg"}],"twitter_card":"summary_large_image","schema":{"@context":"https:\/\/schema.org","@graph":[{"@type":"WebPage","@id":"https:\/\/www.deratech.be\/de\/produkte\/faserlaserschneidanlagen\/futura\/","url":"https:\/\/www.deratech.be\/de\/produkte\/faserlaserschneidanlagen\/futura\/","name":"Futura - Deratech","isPartOf":{"@id":"https:\/\/www.deratech.be\/de\/#website"},"primaryImageOfPage":{"@id":"https:\/\/www.deratech.be\/de\/produkte\/faserlaserschneidanlagen\/futura\/#primaryimage"},"image":{"@id":"https:\/\/www.deratech.be\/de\/produkte\/faserlaserschneidanlagen\/futura\/#primaryimage"},"thumbnailUrl":"https:\/\/www.deratech.be\/wp-content\/uploads\/2021\/07\/FUTURA-6020-Hoofdfoto-scaled.jpg","datePublished":"2021-07-20T09:12:56+00:00","dateModified":"2022-05-12T14:32:15+00:00","breadcrumb":{"@id":"https:\/\/www.deratech.be\/de\/produkte\/faserlaserschneidanlagen\/futura\/#breadcrumb"},"inLanguage":"de","potentialAction":[{"@type":"ReadAction","target":["https:\/\/www.deratech.be\/de\/produkte\/faserlaserschneidanlagen\/futura\/"]}]},{"@type":"ImageObject","inLanguage":"de","@id":"https:\/\/www.deratech.be\/de\/produkte\/faserlaserschneidanlagen\/futura\/#primaryimage","url":"https:\/\/www.deratech.be\/wp-content\/uploads\/2021\/07\/FUTURA-6020-Hoofdfoto-scaled.jpg","contentUrl":"https:\/\/www.deratech.be\/wp-content\/uploads\/2021\/07\/FUTURA-6020-Hoofdfoto-scaled.jpg","width":2560,"height":2454},{"@type":"BreadcrumbList","@id":"https:\/\/www.deratech.be\/de\/produkte\/faserlaserschneidanlagen\/futura\/#breadcrumb","itemListElement":[{"@type":"ListItem","position":1,"name":"Home","item":"https:\/\/www.deratech.be\/de\/"},{"@type":"ListItem","position":2,"name":"Produkte","item":"https:\/\/www.deratech.be\/de\/produkte\/"},{"@type":"ListItem","position":3,"name":"Faserlaserschneidanlagen","item":"https:\/\/www.deratech.be\/de\/produkte\/faserlaserschneidanlagen\/"},{"@type":"ListItem","position":4,"name":"Futura"}]},{"@type":"WebSite","@id":"https:\/\/www.deratech.be\/de\/#website","url":"https:\/\/www.deratech.be\/de\/","name":"Deratech","description":"","potentialAction":[{"@type":"SearchAction","target":{"@type":"EntryPoint","urlTemplate":"https:\/\/www.deratech.be\/de\/?s={search_term_string}"},"query-input":{"@type":"PropertyValueSpecification","valueRequired":true,"valueName":"search_term_string"}}],"inLanguage":"de"}]}},"_links":{"self":[{"href":"https:\/\/www.deratech.be\/de\/wp-json\/wp\/v2\/product\/785","targetHints":{"allow":["GET"]}}],"collection":[{"href":"https:\/\/www.deratech.be\/de\/wp-json\/wp\/v2\/product"}],"about":[{"href":"https:\/\/www.deratech.be\/de\/wp-json\/wp\/v2\/types\/product"}],"wp:featuredmedia":[{"embeddable":true,"href":"https:\/\/www.deratech.be\/de\/wp-json\/wp\/v2\/media\/1362"}],"wp:attachment":[{"href":"https:\/\/www.deratech.be\/de\/wp-json\/wp\/v2\/media?parent=785"}],"wp:term":[{"taxonomy":"product_cat","embeddable":true,"href":"https:\/\/www.deratech.be\/de\/wp-json\/wp\/v2\/product_cat?post=785"}],"curies":[{"name":"wp","href":"https:\/\/api.w.org\/{rel}","templated":true}]}}