{"id":782,"date":"2021-07-20T11:07:07","date_gmt":"2021-07-20T09:07:07","guid":{"rendered":"https:\/\/www.deratech.be\/product\/supera\/"},"modified":"2022-05-11T12:50:46","modified_gmt":"2022-05-11T10:50:46","slug":"41-supera","status":"publish","type":"product","link":"https:\/\/www.deratech.be\/de\/produkte\/faserlaserschneidanlagen\/supera\/","title":{"rendered":"Supera"},"content":{"rendered":"<p>Die Allround-Maschine im Format 1500 x 1500 bis 3.000 x 12.000 mm, mit 1 bis 15 kW Schneidleistung. Die Maschine, die das Laserschneiden f\u00fcr jedermann zug\u00e4nglich macht. Rund-, Vierkant-, Rechteck-, \u2026 R\u00f6hre k\u00f6nnen mit der optionalen Rotationsachse geschnitten werden.<\/p>\n<p><strong>Technische Daten<\/strong><\/p>\n<ul>\n<li>Faserlaser-Schneidanlage mit einem au\u00dfergew\u00f6hnlichen Preis-Qualit\u00e4ts-Verh\u00e4ltnis. Die begrenzten Investitionskosten garantieren niedrige Kosten pro St\u00fcck.<\/li>\n<li>Erh\u00e4ltlich in extrem kompakter Bauweise mit einem Schneidbereich von 1.500 x 1.500 mm bis 3.000 x 12.000 mm.<\/li>\n<li>Erh\u00e4ltlich mit 1 bis 15 kW Schneidleistung zum Schneiden eines breiten Spektrums von Materialtypen und Blechst\u00e4rken.<\/li>\n<li>Precitec- oder Raytools-Schneidkopf sorgt f\u00fcr stabile, optimale Schnittqualit\u00e4t.<\/li>\n<li>Die Faserlaserquelle ( IPG, Raycus oder MaxPhotonics ) ist praktisch wartungsfrei und garantiert tausende von Stunden konstante Leistung.<\/li>\n<li>Standard mit Wechseltisch ausgestattet.<\/li>\n<\/ul>\n<p><strong>Optionen<\/strong><\/p>\n<ul>\n<li>Precitec ProCutter- Schneidkopf mit automatischer Brennpunktverstellung<\/li>\n<li>Drehachse zum Schneiden von runden, quadratischen, rechteckigen, &#8230; Rohre<\/li>\n<li>Automatisierung<\/li>\n<li>Offline Programmiersoftware Radan, Metalix, \u2026<\/li>\n<\/ul>\n","protected":false},"featured_media":1398,"template":"","product_cat":[41],"class_list":["post-782","product","type-product","status-publish","has-post-thumbnail","hentry","product_cat-faserlaserschneidanlagen"],"acf":[],"yoast_head":"<!-- This site is optimized with the Yoast SEO plugin v27.0 - https:\/\/yoast.com\/product\/yoast-seo-wordpress\/ -->\n<title>Supera - Deratech<\/title>\n<meta name=\"robots\" content=\"index, follow, max-snippet:-1, max-image-preview:large, max-video-preview:-1\" \/>\n<link rel=\"canonical\" href=\"https:\/\/www.deratech.be\/de\/produkte\/faserlaserschneidanlagen\/supera\/\" \/>\n<meta property=\"og:locale\" content=\"de_DE\" \/>\n<meta property=\"og:type\" content=\"article\" \/>\n<meta property=\"og:title\" content=\"Supera - Deratech\" \/>\n<meta property=\"og:description\" content=\"Die Allround-Maschine im Format 1500 x 1500 bis 3.000 x 12.000 mm, mit 1 bis 15 kW Schneidleistung. Die Maschine, die das Laserschneiden f\u00fcr jedermann zug\u00e4nglich macht. Rund-, Vierkant-, Rechteck-, \u2026 R\u00f6hre k\u00f6nnen mit der optionalen Rotationsachse geschnitten werden. Technische Daten Faserlaser-Schneidanlage mit einem au\u00dfergew\u00f6hnlichen Preis-Qualit\u00e4ts-Verh\u00e4ltnis. Die begrenzten Investitionskosten garantieren niedrige Kosten pro St\u00fcck. Erh\u00e4ltlich [&hellip;]\" \/>\n<meta property=\"og:url\" content=\"https:\/\/www.deratech.be\/de\/produkte\/faserlaserschneidanlagen\/supera\/\" \/>\n<meta property=\"og:site_name\" content=\"Deratech\" \/>\n<meta property=\"article:modified_time\" content=\"2022-05-11T10:50:46+00:00\" \/>\n<meta property=\"og:image\" content=\"https:\/\/www.deratech.be\/wp-content\/uploads\/2021\/07\/SUPERA-3015-Hoofdfoto-scaled.jpg\" \/>\n\t<meta property=\"og:image:width\" content=\"2560\" \/>\n\t<meta property=\"og:image:height\" content=\"1707\" \/>\n\t<meta property=\"og:image:type\" content=\"image\/jpeg\" \/>\n<meta name=\"twitter:card\" content=\"summary_large_image\" \/>\n<meta name=\"twitter:label1\" content=\"Gesch\u00e4tzte Lesezeit\" \/>\n\t<meta name=\"twitter:data1\" content=\"1\u00a0Minute\" \/>\n<script type=\"application\/ld+json\" class=\"yoast-schema-graph\">{\"@context\":\"https:\/\/schema.org\",\"@graph\":[{\"@type\":\"WebPage\",\"@id\":\"https:\/\/www.deratech.be\/de\/produkte\/faserlaserschneidanlagen\/supera\/\",\"url\":\"https:\/\/www.deratech.be\/de\/produkte\/faserlaserschneidanlagen\/supera\/\",\"name\":\"Supera - Deratech\",\"isPartOf\":{\"@id\":\"https:\/\/www.deratech.be\/de\/#website\"},\"primaryImageOfPage\":{\"@id\":\"https:\/\/www.deratech.be\/de\/produkte\/faserlaserschneidanlagen\/supera\/#primaryimage\"},\"image\":{\"@id\":\"https:\/\/www.deratech.be\/de\/produkte\/faserlaserschneidanlagen\/supera\/#primaryimage\"},\"thumbnailUrl\":\"https:\/\/www.deratech.be\/wp-content\/uploads\/2021\/07\/SUPERA-3015-Hoofdfoto-scaled.jpg\",\"datePublished\":\"2021-07-20T09:07:07+00:00\",\"dateModified\":\"2022-05-11T10:50:46+00:00\",\"breadcrumb\":{\"@id\":\"https:\/\/www.deratech.be\/de\/produkte\/faserlaserschneidanlagen\/supera\/#breadcrumb\"},\"inLanguage\":\"de\",\"potentialAction\":[{\"@type\":\"ReadAction\",\"target\":[\"https:\/\/www.deratech.be\/de\/produkte\/faserlaserschneidanlagen\/supera\/\"]}]},{\"@type\":\"ImageObject\",\"inLanguage\":\"de\",\"@id\":\"https:\/\/www.deratech.be\/de\/produkte\/faserlaserschneidanlagen\/supera\/#primaryimage\",\"url\":\"https:\/\/www.deratech.be\/wp-content\/uploads\/2021\/07\/SUPERA-3015-Hoofdfoto-scaled.jpg\",\"contentUrl\":\"https:\/\/www.deratech.be\/wp-content\/uploads\/2021\/07\/SUPERA-3015-Hoofdfoto-scaled.jpg\",\"width\":2560,\"height\":1707},{\"@type\":\"BreadcrumbList\",\"@id\":\"https:\/\/www.deratech.be\/de\/produkte\/faserlaserschneidanlagen\/supera\/#breadcrumb\",\"itemListElement\":[{\"@type\":\"ListItem\",\"position\":1,\"name\":\"Home\",\"item\":\"https:\/\/www.deratech.be\/de\/\"},{\"@type\":\"ListItem\",\"position\":2,\"name\":\"Produkte\",\"item\":\"https:\/\/www.deratech.be\/de\/produkte\/\"},{\"@type\":\"ListItem\",\"position\":3,\"name\":\"Faserlaserschneidanlagen\",\"item\":\"https:\/\/www.deratech.be\/de\/produkte\/faserlaserschneidanlagen\/\"},{\"@type\":\"ListItem\",\"position\":4,\"name\":\"Supera\"}]},{\"@type\":\"WebSite\",\"@id\":\"https:\/\/www.deratech.be\/de\/#website\",\"url\":\"https:\/\/www.deratech.be\/de\/\",\"name\":\"Deratech\",\"description\":\"\",\"potentialAction\":[{\"@type\":\"SearchAction\",\"target\":{\"@type\":\"EntryPoint\",\"urlTemplate\":\"https:\/\/www.deratech.be\/de\/?s={search_term_string}\"},\"query-input\":{\"@type\":\"PropertyValueSpecification\",\"valueRequired\":true,\"valueName\":\"search_term_string\"}}],\"inLanguage\":\"de\"}]}<\/script>\n<!-- \/ Yoast SEO plugin. -->","yoast_head_json":{"title":"Supera - Deratech","robots":{"index":"index","follow":"follow","max-snippet":"max-snippet:-1","max-image-preview":"max-image-preview:large","max-video-preview":"max-video-preview:-1"},"canonical":"https:\/\/www.deratech.be\/de\/produkte\/faserlaserschneidanlagen\/supera\/","og_locale":"de_DE","og_type":"article","og_title":"Supera - Deratech","og_description":"Die Allround-Maschine im Format 1500 x 1500 bis 3.000 x 12.000 mm, mit 1 bis 15 kW Schneidleistung. Die Maschine, die das Laserschneiden f\u00fcr jedermann zug\u00e4nglich macht. Rund-, Vierkant-, Rechteck-, \u2026 R\u00f6hre k\u00f6nnen mit der optionalen Rotationsachse geschnitten werden. Technische Daten Faserlaser-Schneidanlage mit einem au\u00dfergew\u00f6hnlichen Preis-Qualit\u00e4ts-Verh\u00e4ltnis. Die begrenzten Investitionskosten garantieren niedrige Kosten pro St\u00fcck. Erh\u00e4ltlich [&hellip;]","og_url":"https:\/\/www.deratech.be\/de\/produkte\/faserlaserschneidanlagen\/supera\/","og_site_name":"Deratech","article_modified_time":"2022-05-11T10:50:46+00:00","og_image":[{"width":2560,"height":1707,"url":"https:\/\/www.deratech.be\/wp-content\/uploads\/2021\/07\/SUPERA-3015-Hoofdfoto-scaled.jpg","type":"image\/jpeg"}],"twitter_card":"summary_large_image","twitter_misc":{"Gesch\u00e4tzte Lesezeit":"1\u00a0Minute"},"schema":{"@context":"https:\/\/schema.org","@graph":[{"@type":"WebPage","@id":"https:\/\/www.deratech.be\/de\/produkte\/faserlaserschneidanlagen\/supera\/","url":"https:\/\/www.deratech.be\/de\/produkte\/faserlaserschneidanlagen\/supera\/","name":"Supera - Deratech","isPartOf":{"@id":"https:\/\/www.deratech.be\/de\/#website"},"primaryImageOfPage":{"@id":"https:\/\/www.deratech.be\/de\/produkte\/faserlaserschneidanlagen\/supera\/#primaryimage"},"image":{"@id":"https:\/\/www.deratech.be\/de\/produkte\/faserlaserschneidanlagen\/supera\/#primaryimage"},"thumbnailUrl":"https:\/\/www.deratech.be\/wp-content\/uploads\/2021\/07\/SUPERA-3015-Hoofdfoto-scaled.jpg","datePublished":"2021-07-20T09:07:07+00:00","dateModified":"2022-05-11T10:50:46+00:00","breadcrumb":{"@id":"https:\/\/www.deratech.be\/de\/produkte\/faserlaserschneidanlagen\/supera\/#breadcrumb"},"inLanguage":"de","potentialAction":[{"@type":"ReadAction","target":["https:\/\/www.deratech.be\/de\/produkte\/faserlaserschneidanlagen\/supera\/"]}]},{"@type":"ImageObject","inLanguage":"de","@id":"https:\/\/www.deratech.be\/de\/produkte\/faserlaserschneidanlagen\/supera\/#primaryimage","url":"https:\/\/www.deratech.be\/wp-content\/uploads\/2021\/07\/SUPERA-3015-Hoofdfoto-scaled.jpg","contentUrl":"https:\/\/www.deratech.be\/wp-content\/uploads\/2021\/07\/SUPERA-3015-Hoofdfoto-scaled.jpg","width":2560,"height":1707},{"@type":"BreadcrumbList","@id":"https:\/\/www.deratech.be\/de\/produkte\/faserlaserschneidanlagen\/supera\/#breadcrumb","itemListElement":[{"@type":"ListItem","position":1,"name":"Home","item":"https:\/\/www.deratech.be\/de\/"},{"@type":"ListItem","position":2,"name":"Produkte","item":"https:\/\/www.deratech.be\/de\/produkte\/"},{"@type":"ListItem","position":3,"name":"Faserlaserschneidanlagen","item":"https:\/\/www.deratech.be\/de\/produkte\/faserlaserschneidanlagen\/"},{"@type":"ListItem","position":4,"name":"Supera"}]},{"@type":"WebSite","@id":"https:\/\/www.deratech.be\/de\/#website","url":"https:\/\/www.deratech.be\/de\/","name":"Deratech","description":"","potentialAction":[{"@type":"SearchAction","target":{"@type":"EntryPoint","urlTemplate":"https:\/\/www.deratech.be\/de\/?s={search_term_string}"},"query-input":{"@type":"PropertyValueSpecification","valueRequired":true,"valueName":"search_term_string"}}],"inLanguage":"de"}]}},"_links":{"self":[{"href":"https:\/\/www.deratech.be\/de\/wp-json\/wp\/v2\/product\/782","targetHints":{"allow":["GET"]}}],"collection":[{"href":"https:\/\/www.deratech.be\/de\/wp-json\/wp\/v2\/product"}],"about":[{"href":"https:\/\/www.deratech.be\/de\/wp-json\/wp\/v2\/types\/product"}],"wp:featuredmedia":[{"embeddable":true,"href":"https:\/\/www.deratech.be\/de\/wp-json\/wp\/v2\/media\/1398"}],"wp:attachment":[{"href":"https:\/\/www.deratech.be\/de\/wp-json\/wp\/v2\/media?parent=782"}],"wp:term":[{"taxonomy":"product_cat","embeddable":true,"href":"https:\/\/www.deratech.be\/de\/wp-json\/wp\/v2\/product_cat?post=782"}],"curies":[{"name":"wp","href":"https:\/\/api.w.org\/{rel}","templated":true}]}}