{"id":765,"date":"2021-07-20T11:02:54","date_gmt":"2021-07-20T09:02:54","guid":{"rendered":"https:\/\/www.deratech.be\/product\/varia\/"},"modified":"2022-05-02T17:08:53","modified_gmt":"2022-05-02T15:08:53","slug":"37-varia","status":"publish","type":"product","link":"https:\/\/www.deratech.be\/de\/produkte\/tafelscheren\/varia\/","title":{"rendered":"Varia"},"content":{"rendered":"<p>Der Typ VARIA ist eine hydraulische Kullissengef\u00fchrte Tafelschere mit verstellbarem Schnittwinkel.<\/p>\n<p>DERATECH kulissengef\u00fchrte Tafelscheren sind speziell und sehr robust gebaut, um einen kleinen Schnittwinkel gew\u00e4hrleisten zu k\u00f6nnen. Eine Deratech VARIA 3 Meter 6 mm Tafelschere hat einen maximalen Schnittwinkel von 1\u00b030\u2018 wobei die meisten unserer Mittbewerber lediglich einen Schnittwinkel von 2\u00b030\u2018 bis sogar 4\u00b0 anbieten.<\/p>\n<p>Die schwer gebaute VARIA Tafelschere garantiert eine minimale Verformung vom Maschinenk\u00f6rper, was in der Konsequenz zu einem viel besseren Schnittergebnis bei h\u00f6herer Effizienz und Produktivit\u00e4t f\u00fchrt. .<\/p>\n<p><strong>Technische Daten<\/strong><\/p>\n<ul>\n<li>Die Tafelscheren der VARIA Baureihe sind stabil gebaut, wobei der maximale Schnittwinkel auf ein Minimum beschr\u00e4nkt ist, um perfekte Schneidergebnisse zu gew\u00e4hrleisten.<\/li>\n<li>Ober- und Untermesser mit 4 Schneidkanten<\/li>\n<li>Obenliegende Hauptzylinder sorgen daf\u00fcr , dass die R\u00fcckseite der Schere v\u00f6llig frei ist, wodurch zahlreiche Optionen m\u00f6glich sind<\/li>\n<li>Der kleine Schnittwinkel gew\u00e4hrleistet einen schnellen und pr\u00e4zisen Schneideprozess<\/li>\n<li>VARIA Tafelscheren sind serienm\u00e4\u00dfig mit automatischer Schnittwinkel- und Schnittspalteinstellung ausgestattet<\/li>\n<li>Erh\u00e4ltlich mit Kapazit\u00e4t 6 bis 30 mm, bis 10 Meter Schnittl\u00e4nge<\/li>\n<\/ul>\n","protected":false},"featured_media":432,"template":"","product_cat":[38],"class_list":["post-765","product","type-product","status-publish","has-post-thumbnail","hentry","product_cat-tafelscheren"],"acf":[],"yoast_head":"<!-- This site is optimized with the Yoast SEO plugin v27.0 - https:\/\/yoast.com\/product\/yoast-seo-wordpress\/ -->\n<title>Varia - Deratech<\/title>\n<meta name=\"robots\" content=\"index, follow, max-snippet:-1, max-image-preview:large, max-video-preview:-1\" \/>\n<link rel=\"canonical\" href=\"https:\/\/www.deratech.be\/de\/produkte\/tafelscheren\/varia\/\" \/>\n<meta property=\"og:locale\" content=\"de_DE\" \/>\n<meta property=\"og:type\" content=\"article\" \/>\n<meta property=\"og:title\" content=\"Varia - Deratech\" \/>\n<meta property=\"og:description\" content=\"Der Typ VARIA ist eine hydraulische Kullissengef\u00fchrte Tafelschere mit verstellbarem Schnittwinkel. DERATECH kulissengef\u00fchrte Tafelscheren sind speziell und sehr robust gebaut, um einen kleinen Schnittwinkel gew\u00e4hrleisten zu k\u00f6nnen. Eine Deratech VARIA 3 Meter 6 mm Tafelschere hat einen maximalen Schnittwinkel von 1\u00b030\u2018 wobei die meisten unserer Mittbewerber lediglich einen Schnittwinkel von 2\u00b030\u2018 bis sogar 4\u00b0 anbieten. [&hellip;]\" \/>\n<meta property=\"og:url\" content=\"https:\/\/www.deratech.be\/de\/produkte\/tafelscheren\/varia\/\" \/>\n<meta property=\"og:site_name\" content=\"Deratech\" \/>\n<meta property=\"article:modified_time\" content=\"2022-05-02T15:08:53+00:00\" \/>\n<meta property=\"og:image\" content=\"https:\/\/www.deratech.be\/wp-content\/uploads\/2021\/07\/39eee751af30032eeece2f48de2de4ba_XL.jpg\" \/>\n\t<meta property=\"og:image:width\" content=\"770\" \/>\n\t<meta property=\"og:image:height\" content=\"514\" \/>\n\t<meta property=\"og:image:type\" content=\"image\/jpeg\" \/>\n<meta name=\"twitter:card\" content=\"summary_large_image\" \/>\n<meta name=\"twitter:label1\" content=\"Gesch\u00e4tzte Lesezeit\" \/>\n\t<meta name=\"twitter:data1\" content=\"1\u00a0Minute\" \/>\n<script type=\"application\/ld+json\" class=\"yoast-schema-graph\">{\"@context\":\"https:\/\/schema.org\",\"@graph\":[{\"@type\":\"WebPage\",\"@id\":\"https:\/\/www.deratech.be\/de\/produkte\/tafelscheren\/varia\/\",\"url\":\"https:\/\/www.deratech.be\/de\/produkte\/tafelscheren\/varia\/\",\"name\":\"Varia - Deratech\",\"isPartOf\":{\"@id\":\"https:\/\/www.deratech.be\/de\/#website\"},\"primaryImageOfPage\":{\"@id\":\"https:\/\/www.deratech.be\/de\/produkte\/tafelscheren\/varia\/#primaryimage\"},\"image\":{\"@id\":\"https:\/\/www.deratech.be\/de\/produkte\/tafelscheren\/varia\/#primaryimage\"},\"thumbnailUrl\":\"https:\/\/www.deratech.be\/wp-content\/uploads\/2021\/07\/39eee751af30032eeece2f48de2de4ba_XL.jpg\",\"datePublished\":\"2021-07-20T09:02:54+00:00\",\"dateModified\":\"2022-05-02T15:08:53+00:00\",\"breadcrumb\":{\"@id\":\"https:\/\/www.deratech.be\/de\/produkte\/tafelscheren\/varia\/#breadcrumb\"},\"inLanguage\":\"de\",\"potentialAction\":[{\"@type\":\"ReadAction\",\"target\":[\"https:\/\/www.deratech.be\/de\/produkte\/tafelscheren\/varia\/\"]}]},{\"@type\":\"ImageObject\",\"inLanguage\":\"de\",\"@id\":\"https:\/\/www.deratech.be\/de\/produkte\/tafelscheren\/varia\/#primaryimage\",\"url\":\"https:\/\/www.deratech.be\/wp-content\/uploads\/2021\/07\/39eee751af30032eeece2f48de2de4ba_XL.jpg\",\"contentUrl\":\"https:\/\/www.deratech.be\/wp-content\/uploads\/2021\/07\/39eee751af30032eeece2f48de2de4ba_XL.jpg\",\"width\":770,\"height\":514},{\"@type\":\"BreadcrumbList\",\"@id\":\"https:\/\/www.deratech.be\/de\/produkte\/tafelscheren\/varia\/#breadcrumb\",\"itemListElement\":[{\"@type\":\"ListItem\",\"position\":1,\"name\":\"Home\",\"item\":\"https:\/\/www.deratech.be\/de\/\"},{\"@type\":\"ListItem\",\"position\":2,\"name\":\"Produkte\",\"item\":\"https:\/\/www.deratech.be\/de\/produkte\/\"},{\"@type\":\"ListItem\",\"position\":3,\"name\":\"Tafelscheren\",\"item\":\"https:\/\/www.deratech.be\/de\/produkte\/tafelscheren\/\"},{\"@type\":\"ListItem\",\"position\":4,\"name\":\"Varia\"}]},{\"@type\":\"WebSite\",\"@id\":\"https:\/\/www.deratech.be\/de\/#website\",\"url\":\"https:\/\/www.deratech.be\/de\/\",\"name\":\"Deratech\",\"description\":\"\",\"potentialAction\":[{\"@type\":\"SearchAction\",\"target\":{\"@type\":\"EntryPoint\",\"urlTemplate\":\"https:\/\/www.deratech.be\/de\/?s={search_term_string}\"},\"query-input\":{\"@type\":\"PropertyValueSpecification\",\"valueRequired\":true,\"valueName\":\"search_term_string\"}}],\"inLanguage\":\"de\"}]}<\/script>\n<!-- \/ Yoast SEO plugin. -->","yoast_head_json":{"title":"Varia - Deratech","robots":{"index":"index","follow":"follow","max-snippet":"max-snippet:-1","max-image-preview":"max-image-preview:large","max-video-preview":"max-video-preview:-1"},"canonical":"https:\/\/www.deratech.be\/de\/produkte\/tafelscheren\/varia\/","og_locale":"de_DE","og_type":"article","og_title":"Varia - Deratech","og_description":"Der Typ VARIA ist eine hydraulische Kullissengef\u00fchrte Tafelschere mit verstellbarem Schnittwinkel. DERATECH kulissengef\u00fchrte Tafelscheren sind speziell und sehr robust gebaut, um einen kleinen Schnittwinkel gew\u00e4hrleisten zu k\u00f6nnen. Eine Deratech VARIA 3 Meter 6 mm Tafelschere hat einen maximalen Schnittwinkel von 1\u00b030\u2018 wobei die meisten unserer Mittbewerber lediglich einen Schnittwinkel von 2\u00b030\u2018 bis sogar 4\u00b0 anbieten. [&hellip;]","og_url":"https:\/\/www.deratech.be\/de\/produkte\/tafelscheren\/varia\/","og_site_name":"Deratech","article_modified_time":"2022-05-02T15:08:53+00:00","og_image":[{"width":770,"height":514,"url":"https:\/\/www.deratech.be\/wp-content\/uploads\/2021\/07\/39eee751af30032eeece2f48de2de4ba_XL.jpg","type":"image\/jpeg"}],"twitter_card":"summary_large_image","twitter_misc":{"Gesch\u00e4tzte Lesezeit":"1\u00a0Minute"},"schema":{"@context":"https:\/\/schema.org","@graph":[{"@type":"WebPage","@id":"https:\/\/www.deratech.be\/de\/produkte\/tafelscheren\/varia\/","url":"https:\/\/www.deratech.be\/de\/produkte\/tafelscheren\/varia\/","name":"Varia - Deratech","isPartOf":{"@id":"https:\/\/www.deratech.be\/de\/#website"},"primaryImageOfPage":{"@id":"https:\/\/www.deratech.be\/de\/produkte\/tafelscheren\/varia\/#primaryimage"},"image":{"@id":"https:\/\/www.deratech.be\/de\/produkte\/tafelscheren\/varia\/#primaryimage"},"thumbnailUrl":"https:\/\/www.deratech.be\/wp-content\/uploads\/2021\/07\/39eee751af30032eeece2f48de2de4ba_XL.jpg","datePublished":"2021-07-20T09:02:54+00:00","dateModified":"2022-05-02T15:08:53+00:00","breadcrumb":{"@id":"https:\/\/www.deratech.be\/de\/produkte\/tafelscheren\/varia\/#breadcrumb"},"inLanguage":"de","potentialAction":[{"@type":"ReadAction","target":["https:\/\/www.deratech.be\/de\/produkte\/tafelscheren\/varia\/"]}]},{"@type":"ImageObject","inLanguage":"de","@id":"https:\/\/www.deratech.be\/de\/produkte\/tafelscheren\/varia\/#primaryimage","url":"https:\/\/www.deratech.be\/wp-content\/uploads\/2021\/07\/39eee751af30032eeece2f48de2de4ba_XL.jpg","contentUrl":"https:\/\/www.deratech.be\/wp-content\/uploads\/2021\/07\/39eee751af30032eeece2f48de2de4ba_XL.jpg","width":770,"height":514},{"@type":"BreadcrumbList","@id":"https:\/\/www.deratech.be\/de\/produkte\/tafelscheren\/varia\/#breadcrumb","itemListElement":[{"@type":"ListItem","position":1,"name":"Home","item":"https:\/\/www.deratech.be\/de\/"},{"@type":"ListItem","position":2,"name":"Produkte","item":"https:\/\/www.deratech.be\/de\/produkte\/"},{"@type":"ListItem","position":3,"name":"Tafelscheren","item":"https:\/\/www.deratech.be\/de\/produkte\/tafelscheren\/"},{"@type":"ListItem","position":4,"name":"Varia"}]},{"@type":"WebSite","@id":"https:\/\/www.deratech.be\/de\/#website","url":"https:\/\/www.deratech.be\/de\/","name":"Deratech","description":"","potentialAction":[{"@type":"SearchAction","target":{"@type":"EntryPoint","urlTemplate":"https:\/\/www.deratech.be\/de\/?s={search_term_string}"},"query-input":{"@type":"PropertyValueSpecification","valueRequired":true,"valueName":"search_term_string"}}],"inLanguage":"de"}]}},"_links":{"self":[{"href":"https:\/\/www.deratech.be\/de\/wp-json\/wp\/v2\/product\/765","targetHints":{"allow":["GET"]}}],"collection":[{"href":"https:\/\/www.deratech.be\/de\/wp-json\/wp\/v2\/product"}],"about":[{"href":"https:\/\/www.deratech.be\/de\/wp-json\/wp\/v2\/types\/product"}],"wp:featuredmedia":[{"embeddable":true,"href":"https:\/\/www.deratech.be\/de\/wp-json\/wp\/v2\/media\/432"}],"wp:attachment":[{"href":"https:\/\/www.deratech.be\/de\/wp-json\/wp\/v2\/media?parent=765"}],"wp:term":[{"taxonomy":"product_cat","embeddable":true,"href":"https:\/\/www.deratech.be\/de\/wp-json\/wp\/v2\/product_cat?post=765"}],"curies":[{"name":"wp","href":"https:\/\/api.w.org\/{rel}","templated":true}]}}