{"id":758,"date":"2021-07-20T11:00:36","date_gmt":"2021-07-20T09:00:36","guid":{"rendered":"https:\/\/www.deratech.be\/product\/ultima-heavy-duty\/"},"modified":"2022-05-02T17:00:28","modified_gmt":"2022-05-02T15:00:28","slug":"39-tandem","status":"publish","type":"product","link":"https:\/\/www.deratech.be\/de\/produkte\/abkantpressen\/tandem\/","title":{"rendered":"TANDEM"},"content":{"rendered":"<p>Zwei (oder mehrere) Abkantpressen arbeiten entweder synchron zusammen zum biegen von langen Teilen oder arbeiten jeweils separat<\/p>\n<p><strong>Technische Daten<\/strong><\/p>\n<ul>\n<li>\u2022 2, 3 oder maximal 4 nebeneinander aufgestellte Abkantpressen erm\u00f6glichen das Biegen von extrem langen Produkten<\/li>\n<li>\u2022 Die Kapazit\u00e4ten der Abkantpressen m\u00fcssen nicht identisch sein wodurch ein hohes Ma\u00df an Flexibilit\u00e4t erreicht werden kann.<\/li>\n<li>\u2022 Tandem-Aufstellungen sind in vielen F\u00e4llen kosteng\u00fcnstiger als 1 Maschine mit extremer Breite<\/li>\n<li>\u2022 In vielen F\u00e4llen k\u00f6nnen Tandem-Abkantpressen Oberflur ausgehf\u00fchrt werden wodurch spezielle Fundamente nicht notwendig sind<\/li>\n<\/ul>\n","protected":false},"featured_media":429,"template":"","product_cat":[35],"class_list":["post-758","product","type-product","status-publish","has-post-thumbnail","hentry","product_cat-abkantpressen"],"acf":[],"yoast_head":"<!-- This site is optimized with the Yoast SEO plugin v27.0 - https:\/\/yoast.com\/product\/yoast-seo-wordpress\/ -->\n<title>TANDEM - Deratech<\/title>\n<meta name=\"robots\" content=\"index, follow, max-snippet:-1, max-image-preview:large, max-video-preview:-1\" \/>\n<link rel=\"canonical\" href=\"https:\/\/www.deratech.be\/de\/produkte\/abkantpressen\/tandem\/\" \/>\n<meta property=\"og:locale\" content=\"de_DE\" \/>\n<meta property=\"og:type\" content=\"article\" \/>\n<meta property=\"og:title\" content=\"TANDEM - Deratech\" \/>\n<meta property=\"og:description\" content=\"Zwei (oder mehrere) Abkantpressen arbeiten entweder synchron zusammen zum biegen von langen Teilen oder arbeiten jeweils separat Technische Daten \u2022 2, 3 oder maximal 4 nebeneinander aufgestellte Abkantpressen erm\u00f6glichen das Biegen von extrem langen Produkten \u2022 Die Kapazit\u00e4ten der Abkantpressen m\u00fcssen nicht identisch sein wodurch ein hohes Ma\u00df an Flexibilit\u00e4t erreicht werden kann. \u2022 Tandem-Aufstellungen [&hellip;]\" \/>\n<meta property=\"og:url\" content=\"https:\/\/www.deratech.be\/de\/produkte\/abkantpressen\/tandem\/\" \/>\n<meta property=\"og:site_name\" content=\"Deratech\" \/>\n<meta property=\"article:modified_time\" content=\"2022-05-02T15:00:28+00:00\" \/>\n<meta property=\"og:image\" content=\"https:\/\/www.deratech.be\/wp-content\/uploads\/2021\/07\/c99e3db826c0f4cc2688a36ce3b60e1a_XL.jpg\" \/>\n\t<meta property=\"og:image:width\" content=\"770\" \/>\n\t<meta property=\"og:image:height\" content=\"395\" \/>\n\t<meta property=\"og:image:type\" content=\"image\/jpeg\" \/>\n<meta name=\"twitter:card\" content=\"summary_large_image\" \/>\n<meta name=\"twitter:label1\" content=\"Gesch\u00e4tzte Lesezeit\" \/>\n\t<meta name=\"twitter:data1\" content=\"1\u00a0Minute\" \/>\n<script type=\"application\/ld+json\" class=\"yoast-schema-graph\">{\"@context\":\"https:\/\/schema.org\",\"@graph\":[{\"@type\":\"WebPage\",\"@id\":\"https:\/\/www.deratech.be\/de\/produkte\/abkantpressen\/tandem\/\",\"url\":\"https:\/\/www.deratech.be\/de\/produkte\/abkantpressen\/tandem\/\",\"name\":\"TANDEM - Deratech\",\"isPartOf\":{\"@id\":\"https:\/\/www.deratech.be\/de\/#website\"},\"primaryImageOfPage\":{\"@id\":\"https:\/\/www.deratech.be\/de\/produkte\/abkantpressen\/tandem\/#primaryimage\"},\"image\":{\"@id\":\"https:\/\/www.deratech.be\/de\/produkte\/abkantpressen\/tandem\/#primaryimage\"},\"thumbnailUrl\":\"https:\/\/www.deratech.be\/wp-content\/uploads\/2021\/07\/c99e3db826c0f4cc2688a36ce3b60e1a_XL.jpg\",\"datePublished\":\"2021-07-20T09:00:36+00:00\",\"dateModified\":\"2022-05-02T15:00:28+00:00\",\"breadcrumb\":{\"@id\":\"https:\/\/www.deratech.be\/de\/produkte\/abkantpressen\/tandem\/#breadcrumb\"},\"inLanguage\":\"de\",\"potentialAction\":[{\"@type\":\"ReadAction\",\"target\":[\"https:\/\/www.deratech.be\/de\/produkte\/abkantpressen\/tandem\/\"]}]},{\"@type\":\"ImageObject\",\"inLanguage\":\"de\",\"@id\":\"https:\/\/www.deratech.be\/de\/produkte\/abkantpressen\/tandem\/#primaryimage\",\"url\":\"https:\/\/www.deratech.be\/wp-content\/uploads\/2021\/07\/c99e3db826c0f4cc2688a36ce3b60e1a_XL.jpg\",\"contentUrl\":\"https:\/\/www.deratech.be\/wp-content\/uploads\/2021\/07\/c99e3db826c0f4cc2688a36ce3b60e1a_XL.jpg\",\"width\":770,\"height\":395},{\"@type\":\"BreadcrumbList\",\"@id\":\"https:\/\/www.deratech.be\/de\/produkte\/abkantpressen\/tandem\/#breadcrumb\",\"itemListElement\":[{\"@type\":\"ListItem\",\"position\":1,\"name\":\"Home\",\"item\":\"https:\/\/www.deratech.be\/de\/\"},{\"@type\":\"ListItem\",\"position\":2,\"name\":\"Produkte\",\"item\":\"https:\/\/www.deratech.be\/de\/produkte\/\"},{\"@type\":\"ListItem\",\"position\":3,\"name\":\"Abkantpressen\",\"item\":\"https:\/\/www.deratech.be\/de\/produkte\/abkantpressen\/\"},{\"@type\":\"ListItem\",\"position\":4,\"name\":\"TANDEM\"}]},{\"@type\":\"WebSite\",\"@id\":\"https:\/\/www.deratech.be\/de\/#website\",\"url\":\"https:\/\/www.deratech.be\/de\/\",\"name\":\"Deratech\",\"description\":\"\",\"potentialAction\":[{\"@type\":\"SearchAction\",\"target\":{\"@type\":\"EntryPoint\",\"urlTemplate\":\"https:\/\/www.deratech.be\/de\/?s={search_term_string}\"},\"query-input\":{\"@type\":\"PropertyValueSpecification\",\"valueRequired\":true,\"valueName\":\"search_term_string\"}}],\"inLanguage\":\"de\"}]}<\/script>\n<!-- \/ Yoast SEO plugin. -->","yoast_head_json":{"title":"TANDEM - Deratech","robots":{"index":"index","follow":"follow","max-snippet":"max-snippet:-1","max-image-preview":"max-image-preview:large","max-video-preview":"max-video-preview:-1"},"canonical":"https:\/\/www.deratech.be\/de\/produkte\/abkantpressen\/tandem\/","og_locale":"de_DE","og_type":"article","og_title":"TANDEM - Deratech","og_description":"Zwei (oder mehrere) Abkantpressen arbeiten entweder synchron zusammen zum biegen von langen Teilen oder arbeiten jeweils separat Technische Daten \u2022 2, 3 oder maximal 4 nebeneinander aufgestellte Abkantpressen erm\u00f6glichen das Biegen von extrem langen Produkten \u2022 Die Kapazit\u00e4ten der Abkantpressen m\u00fcssen nicht identisch sein wodurch ein hohes Ma\u00df an Flexibilit\u00e4t erreicht werden kann. \u2022 Tandem-Aufstellungen [&hellip;]","og_url":"https:\/\/www.deratech.be\/de\/produkte\/abkantpressen\/tandem\/","og_site_name":"Deratech","article_modified_time":"2022-05-02T15:00:28+00:00","og_image":[{"width":770,"height":395,"url":"https:\/\/www.deratech.be\/wp-content\/uploads\/2021\/07\/c99e3db826c0f4cc2688a36ce3b60e1a_XL.jpg","type":"image\/jpeg"}],"twitter_card":"summary_large_image","twitter_misc":{"Gesch\u00e4tzte Lesezeit":"1\u00a0Minute"},"schema":{"@context":"https:\/\/schema.org","@graph":[{"@type":"WebPage","@id":"https:\/\/www.deratech.be\/de\/produkte\/abkantpressen\/tandem\/","url":"https:\/\/www.deratech.be\/de\/produkte\/abkantpressen\/tandem\/","name":"TANDEM - Deratech","isPartOf":{"@id":"https:\/\/www.deratech.be\/de\/#website"},"primaryImageOfPage":{"@id":"https:\/\/www.deratech.be\/de\/produkte\/abkantpressen\/tandem\/#primaryimage"},"image":{"@id":"https:\/\/www.deratech.be\/de\/produkte\/abkantpressen\/tandem\/#primaryimage"},"thumbnailUrl":"https:\/\/www.deratech.be\/wp-content\/uploads\/2021\/07\/c99e3db826c0f4cc2688a36ce3b60e1a_XL.jpg","datePublished":"2021-07-20T09:00:36+00:00","dateModified":"2022-05-02T15:00:28+00:00","breadcrumb":{"@id":"https:\/\/www.deratech.be\/de\/produkte\/abkantpressen\/tandem\/#breadcrumb"},"inLanguage":"de","potentialAction":[{"@type":"ReadAction","target":["https:\/\/www.deratech.be\/de\/produkte\/abkantpressen\/tandem\/"]}]},{"@type":"ImageObject","inLanguage":"de","@id":"https:\/\/www.deratech.be\/de\/produkte\/abkantpressen\/tandem\/#primaryimage","url":"https:\/\/www.deratech.be\/wp-content\/uploads\/2021\/07\/c99e3db826c0f4cc2688a36ce3b60e1a_XL.jpg","contentUrl":"https:\/\/www.deratech.be\/wp-content\/uploads\/2021\/07\/c99e3db826c0f4cc2688a36ce3b60e1a_XL.jpg","width":770,"height":395},{"@type":"BreadcrumbList","@id":"https:\/\/www.deratech.be\/de\/produkte\/abkantpressen\/tandem\/#breadcrumb","itemListElement":[{"@type":"ListItem","position":1,"name":"Home","item":"https:\/\/www.deratech.be\/de\/"},{"@type":"ListItem","position":2,"name":"Produkte","item":"https:\/\/www.deratech.be\/de\/produkte\/"},{"@type":"ListItem","position":3,"name":"Abkantpressen","item":"https:\/\/www.deratech.be\/de\/produkte\/abkantpressen\/"},{"@type":"ListItem","position":4,"name":"TANDEM"}]},{"@type":"WebSite","@id":"https:\/\/www.deratech.be\/de\/#website","url":"https:\/\/www.deratech.be\/de\/","name":"Deratech","description":"","potentialAction":[{"@type":"SearchAction","target":{"@type":"EntryPoint","urlTemplate":"https:\/\/www.deratech.be\/de\/?s={search_term_string}"},"query-input":{"@type":"PropertyValueSpecification","valueRequired":true,"valueName":"search_term_string"}}],"inLanguage":"de"}]}},"_links":{"self":[{"href":"https:\/\/www.deratech.be\/de\/wp-json\/wp\/v2\/product\/758","targetHints":{"allow":["GET"]}}],"collection":[{"href":"https:\/\/www.deratech.be\/de\/wp-json\/wp\/v2\/product"}],"about":[{"href":"https:\/\/www.deratech.be\/de\/wp-json\/wp\/v2\/types\/product"}],"wp:featuredmedia":[{"embeddable":true,"href":"https:\/\/www.deratech.be\/de\/wp-json\/wp\/v2\/media\/429"}],"wp:attachment":[{"href":"https:\/\/www.deratech.be\/de\/wp-json\/wp\/v2\/media?parent=758"}],"wp:term":[{"taxonomy":"product_cat","embeddable":true,"href":"https:\/\/www.deratech.be\/de\/wp-json\/wp\/v2\/product_cat?post=758"}],"curies":[{"name":"wp","href":"https:\/\/api.w.org\/{rel}","templated":true}]}}