{"id":749,"date":"2021-07-20T10:58:22","date_gmt":"2021-07-20T08:58:22","guid":{"rendered":"https:\/\/www.deratech.be\/product\/ultima\/"},"modified":"2022-05-06T17:02:21","modified_gmt":"2022-05-06T15:02:21","slug":"10-ultima","status":"publish","type":"product","link":"https:\/\/www.deratech.be\/de\/produkte\/abkantpressen\/ultima\/","title":{"rendered":"Ultima"},"content":{"rendered":"<p>Die modulare, flexibel erweiterabre Abkantpresse aus dem Topsegment. Die Abkantpresse die ganz nach den W\u00fcnschen und Anforderungen des Kunden konstruiert und gebaut werden kann.<\/p>\n<p><strong>Technische Daten<\/strong><\/p>\n<ul>\n<li>Verf\u00fcgbar mit hydraulischer Bombierung sowie mit Keilbombierung Typ Wila, jedoch immer CNC-gesteuert<\/li>\n<li>Serienm\u00e4\u00dfig 5-Achsen CNC-gesteuert : Y1 \u2013 Y2 \u2013 X \u2013 R \u2013 V<\/li>\n<li>Doppelte lineare Glasma\u00dfst\u00e4be gew\u00e4hrleisten die genaue Positionierung beider Zylinder Y1 und Y2<\/li>\n<li>Robuste und langlebige Konstruktion mit robotergeschwei\u00dftem und spannungsfrei gegl\u00fchtem Maschinengestell<\/li>\n<li>2 oder mehr Abkantpressen k\u00f6nnen synchron nebeneinander arbeiten und dadurch Biegel\u00e4ngen von bis zu 20 Metern erm\u00f6glichen<\/li>\n<li>Grosser Hub und Einbauh\u00f6he<\/li>\n<li>Heavy-Duty Schwerlastmaschinen bis zu 2.000 Tonnen Biegeleistung<\/li>\n<li>Remote assistance &#8211; Fernwartung<\/li>\n<\/ul>\n","protected":false},"featured_media":423,"template":"","product_cat":[35],"class_list":["post-749","product","type-product","status-publish","has-post-thumbnail","hentry","product_cat-abkantpressen"],"acf":[],"yoast_head":"<!-- This site is optimized with the Yoast SEO plugin v27.0 - https:\/\/yoast.com\/product\/yoast-seo-wordpress\/ -->\n<title>Ultima - Deratech<\/title>\n<meta name=\"robots\" content=\"index, follow, max-snippet:-1, max-image-preview:large, max-video-preview:-1\" \/>\n<link rel=\"canonical\" href=\"https:\/\/www.deratech.be\/de\/produkte\/abkantpressen\/ultima\/\" \/>\n<meta property=\"og:locale\" content=\"de_DE\" \/>\n<meta property=\"og:type\" content=\"article\" \/>\n<meta property=\"og:title\" content=\"Ultima - Deratech\" \/>\n<meta property=\"og:description\" content=\"Die modulare, flexibel erweiterabre Abkantpresse aus dem Topsegment. Die Abkantpresse die ganz nach den W\u00fcnschen und Anforderungen des Kunden konstruiert und gebaut werden kann. Technische Daten Verf\u00fcgbar mit hydraulischer Bombierung sowie mit Keilbombierung Typ Wila, jedoch immer CNC-gesteuert Serienm\u00e4\u00dfig 5-Achsen CNC-gesteuert : Y1 \u2013 Y2 \u2013 X \u2013 R \u2013 V Doppelte lineare Glasma\u00dfst\u00e4be gew\u00e4hrleisten [&hellip;]\" \/>\n<meta property=\"og:url\" content=\"https:\/\/www.deratech.be\/de\/produkte\/abkantpressen\/ultima\/\" \/>\n<meta property=\"og:site_name\" content=\"Deratech\" \/>\n<meta property=\"article:modified_time\" content=\"2022-05-06T15:02:21+00:00\" \/>\n<meta property=\"og:image\" content=\"https:\/\/www.deratech.be\/wp-content\/uploads\/2021\/07\/e31ace2a15a7c70645ad83df9ecd43b0_XL.jpg\" \/>\n\t<meta property=\"og:image:width\" content=\"770\" \/>\n\t<meta property=\"og:image:height\" content=\"654\" \/>\n\t<meta property=\"og:image:type\" content=\"image\/jpeg\" \/>\n<meta name=\"twitter:card\" content=\"summary_large_image\" \/>\n<meta name=\"twitter:label1\" content=\"Gesch\u00e4tzte Lesezeit\" \/>\n\t<meta name=\"twitter:data1\" content=\"1\u00a0Minute\" \/>\n<script type=\"application\/ld+json\" class=\"yoast-schema-graph\">{\"@context\":\"https:\/\/schema.org\",\"@graph\":[{\"@type\":\"WebPage\",\"@id\":\"https:\/\/www.deratech.be\/de\/produkte\/abkantpressen\/ultima\/\",\"url\":\"https:\/\/www.deratech.be\/de\/produkte\/abkantpressen\/ultima\/\",\"name\":\"Ultima - Deratech\",\"isPartOf\":{\"@id\":\"https:\/\/www.deratech.be\/de\/#website\"},\"primaryImageOfPage\":{\"@id\":\"https:\/\/www.deratech.be\/de\/produkte\/abkantpressen\/ultima\/#primaryimage\"},\"image\":{\"@id\":\"https:\/\/www.deratech.be\/de\/produkte\/abkantpressen\/ultima\/#primaryimage\"},\"thumbnailUrl\":\"https:\/\/www.deratech.be\/wp-content\/uploads\/2021\/07\/e31ace2a15a7c70645ad83df9ecd43b0_XL.jpg\",\"datePublished\":\"2021-07-20T08:58:22+00:00\",\"dateModified\":\"2022-05-06T15:02:21+00:00\",\"breadcrumb\":{\"@id\":\"https:\/\/www.deratech.be\/de\/produkte\/abkantpressen\/ultima\/#breadcrumb\"},\"inLanguage\":\"de\",\"potentialAction\":[{\"@type\":\"ReadAction\",\"target\":[\"https:\/\/www.deratech.be\/de\/produkte\/abkantpressen\/ultima\/\"]}]},{\"@type\":\"ImageObject\",\"inLanguage\":\"de\",\"@id\":\"https:\/\/www.deratech.be\/de\/produkte\/abkantpressen\/ultima\/#primaryimage\",\"url\":\"https:\/\/www.deratech.be\/wp-content\/uploads\/2021\/07\/e31ace2a15a7c70645ad83df9ecd43b0_XL.jpg\",\"contentUrl\":\"https:\/\/www.deratech.be\/wp-content\/uploads\/2021\/07\/e31ace2a15a7c70645ad83df9ecd43b0_XL.jpg\",\"width\":770,\"height\":654},{\"@type\":\"BreadcrumbList\",\"@id\":\"https:\/\/www.deratech.be\/de\/produkte\/abkantpressen\/ultima\/#breadcrumb\",\"itemListElement\":[{\"@type\":\"ListItem\",\"position\":1,\"name\":\"Home\",\"item\":\"https:\/\/www.deratech.be\/de\/\"},{\"@type\":\"ListItem\",\"position\":2,\"name\":\"Produkte\",\"item\":\"https:\/\/www.deratech.be\/de\/produkte\/\"},{\"@type\":\"ListItem\",\"position\":3,\"name\":\"Abkantpressen\",\"item\":\"https:\/\/www.deratech.be\/de\/produkte\/abkantpressen\/\"},{\"@type\":\"ListItem\",\"position\":4,\"name\":\"Ultima\"}]},{\"@type\":\"WebSite\",\"@id\":\"https:\/\/www.deratech.be\/de\/#website\",\"url\":\"https:\/\/www.deratech.be\/de\/\",\"name\":\"Deratech\",\"description\":\"\",\"potentialAction\":[{\"@type\":\"SearchAction\",\"target\":{\"@type\":\"EntryPoint\",\"urlTemplate\":\"https:\/\/www.deratech.be\/de\/?s={search_term_string}\"},\"query-input\":{\"@type\":\"PropertyValueSpecification\",\"valueRequired\":true,\"valueName\":\"search_term_string\"}}],\"inLanguage\":\"de\"}]}<\/script>\n<!-- \/ Yoast SEO plugin. -->","yoast_head_json":{"title":"Ultima - Deratech","robots":{"index":"index","follow":"follow","max-snippet":"max-snippet:-1","max-image-preview":"max-image-preview:large","max-video-preview":"max-video-preview:-1"},"canonical":"https:\/\/www.deratech.be\/de\/produkte\/abkantpressen\/ultima\/","og_locale":"de_DE","og_type":"article","og_title":"Ultima - Deratech","og_description":"Die modulare, flexibel erweiterabre Abkantpresse aus dem Topsegment. Die Abkantpresse die ganz nach den W\u00fcnschen und Anforderungen des Kunden konstruiert und gebaut werden kann. Technische Daten Verf\u00fcgbar mit hydraulischer Bombierung sowie mit Keilbombierung Typ Wila, jedoch immer CNC-gesteuert Serienm\u00e4\u00dfig 5-Achsen CNC-gesteuert : Y1 \u2013 Y2 \u2013 X \u2013 R \u2013 V Doppelte lineare Glasma\u00dfst\u00e4be gew\u00e4hrleisten [&hellip;]","og_url":"https:\/\/www.deratech.be\/de\/produkte\/abkantpressen\/ultima\/","og_site_name":"Deratech","article_modified_time":"2022-05-06T15:02:21+00:00","og_image":[{"width":770,"height":654,"url":"https:\/\/www.deratech.be\/wp-content\/uploads\/2021\/07\/e31ace2a15a7c70645ad83df9ecd43b0_XL.jpg","type":"image\/jpeg"}],"twitter_card":"summary_large_image","twitter_misc":{"Gesch\u00e4tzte Lesezeit":"1\u00a0Minute"},"schema":{"@context":"https:\/\/schema.org","@graph":[{"@type":"WebPage","@id":"https:\/\/www.deratech.be\/de\/produkte\/abkantpressen\/ultima\/","url":"https:\/\/www.deratech.be\/de\/produkte\/abkantpressen\/ultima\/","name":"Ultima - Deratech","isPartOf":{"@id":"https:\/\/www.deratech.be\/de\/#website"},"primaryImageOfPage":{"@id":"https:\/\/www.deratech.be\/de\/produkte\/abkantpressen\/ultima\/#primaryimage"},"image":{"@id":"https:\/\/www.deratech.be\/de\/produkte\/abkantpressen\/ultima\/#primaryimage"},"thumbnailUrl":"https:\/\/www.deratech.be\/wp-content\/uploads\/2021\/07\/e31ace2a15a7c70645ad83df9ecd43b0_XL.jpg","datePublished":"2021-07-20T08:58:22+00:00","dateModified":"2022-05-06T15:02:21+00:00","breadcrumb":{"@id":"https:\/\/www.deratech.be\/de\/produkte\/abkantpressen\/ultima\/#breadcrumb"},"inLanguage":"de","potentialAction":[{"@type":"ReadAction","target":["https:\/\/www.deratech.be\/de\/produkte\/abkantpressen\/ultima\/"]}]},{"@type":"ImageObject","inLanguage":"de","@id":"https:\/\/www.deratech.be\/de\/produkte\/abkantpressen\/ultima\/#primaryimage","url":"https:\/\/www.deratech.be\/wp-content\/uploads\/2021\/07\/e31ace2a15a7c70645ad83df9ecd43b0_XL.jpg","contentUrl":"https:\/\/www.deratech.be\/wp-content\/uploads\/2021\/07\/e31ace2a15a7c70645ad83df9ecd43b0_XL.jpg","width":770,"height":654},{"@type":"BreadcrumbList","@id":"https:\/\/www.deratech.be\/de\/produkte\/abkantpressen\/ultima\/#breadcrumb","itemListElement":[{"@type":"ListItem","position":1,"name":"Home","item":"https:\/\/www.deratech.be\/de\/"},{"@type":"ListItem","position":2,"name":"Produkte","item":"https:\/\/www.deratech.be\/de\/produkte\/"},{"@type":"ListItem","position":3,"name":"Abkantpressen","item":"https:\/\/www.deratech.be\/de\/produkte\/abkantpressen\/"},{"@type":"ListItem","position":4,"name":"Ultima"}]},{"@type":"WebSite","@id":"https:\/\/www.deratech.be\/de\/#website","url":"https:\/\/www.deratech.be\/de\/","name":"Deratech","description":"","potentialAction":[{"@type":"SearchAction","target":{"@type":"EntryPoint","urlTemplate":"https:\/\/www.deratech.be\/de\/?s={search_term_string}"},"query-input":{"@type":"PropertyValueSpecification","valueRequired":true,"valueName":"search_term_string"}}],"inLanguage":"de"}]}},"_links":{"self":[{"href":"https:\/\/www.deratech.be\/de\/wp-json\/wp\/v2\/product\/749","targetHints":{"allow":["GET"]}}],"collection":[{"href":"https:\/\/www.deratech.be\/de\/wp-json\/wp\/v2\/product"}],"about":[{"href":"https:\/\/www.deratech.be\/de\/wp-json\/wp\/v2\/types\/product"}],"wp:featuredmedia":[{"embeddable":true,"href":"https:\/\/www.deratech.be\/de\/wp-json\/wp\/v2\/media\/423"}],"wp:attachment":[{"href":"https:\/\/www.deratech.be\/de\/wp-json\/wp\/v2\/media?parent=749"}],"wp:term":[{"taxonomy":"product_cat","embeddable":true,"href":"https:\/\/www.deratech.be\/de\/wp-json\/wp\/v2\/product_cat?post=749"}],"curies":[{"name":"wp","href":"https:\/\/api.w.org\/{rel}","templated":true}]}}