{"id":1145,"date":"2022-05-02T18:19:01","date_gmt":"2022-05-02T16:19:01","guid":{"rendered":"https:\/\/www.deratech.be\/?post_type=product&#038;p=1145"},"modified":"2022-05-11T12:57:38","modified_gmt":"2022-05-11T10:57:38","slug":"entra","status":"publish","type":"product","link":"https:\/\/www.deratech.be\/de\/produkte\/faserlaserschneidanlagen\/entra\/","title":{"rendered":"Entra"},"content":{"rendered":"<p>Die ENTRA-3015 ist eine Faserlaserschneidmaschine, die speziell f\u00fcr alle Unternehmen entwickelt wurde, die:<\/p>\n<ul>\n<li>Flexibel arbeiten und Laserschneiden im Haus durchf\u00fchren m\u00f6chten;<\/li>\n<li>Blechformate bis zu 3m x 1,5m und bis zu 20mm Dicke Schneiden;<\/li>\n<li>Keinen Wechseltisch ben\u00f6tigen und einen kompakten Aufbau m\u00f6chten;<\/li>\n<li>Laserqualit\u00e4t beim Schneiden von Stahl, Edelstahl und Aluminium brauchen;<\/li>\n<li>Investitionen in akzeptablen und machbaren Grenzen halten wollen.<\/li>\n<\/ul>\n<p>Die Maschine ist serienm\u00e4\u00dfig mit einem ausziehbaren Schneidtisch an der L\u00e4ngsseite ausgestattet. Dazu wird eine T\u00fcr vertikal aufgeschoben. Dadurch hat der Bediener jederzeit eine gute Sicht auf den Arbeitsbereich und das Be- und Entladen kann von 3 Seiten erfolgen.<\/p>\n<p>Das geschlossene Geh\u00e4use sorgt daf\u00fcr, dass das Schneiden in perfekter Sicherheit durchgef\u00fchrt werden kann.<\/p>\n<p>Zus\u00e4tzliche Kameras im Arbeitsbereich sorgen f\u00fcr einen klaren Blick auf den Schneidprozess.<\/p>\n<p>Die Benutzeroberfl\u00e4che ist vollgrafisch, sehr intuitiv und wird \u00fcber das 19-Zoll-Touchscreen-Display bedient. Erweiterte Funktionen sind leicht zug\u00e4nglich und die eingebaute Intelligenz erm\u00f6glicht eine einfache Verarbeitung von Schneidprogrammen. Die jahrelange Erfahrung unserer Techniker ist in der Software integriert.<\/p>\n<p><strong>Das Arbeiten mit der ENTRA-Laserschneidanlage wird zu einer einfachen und leichten Aufgabe!<\/strong><\/p>\n","protected":false},"featured_media":1175,"template":"","product_cat":[41],"class_list":["post-1145","product","type-product","status-publish","has-post-thumbnail","hentry","product_cat-faserlaserschneidanlagen"],"acf":[],"yoast_head":"<!-- This site is optimized with the Yoast SEO plugin v27.0 - https:\/\/yoast.com\/product\/yoast-seo-wordpress\/ -->\n<title>Entra - Deratech<\/title>\n<meta name=\"robots\" content=\"index, follow, max-snippet:-1, max-image-preview:large, max-video-preview:-1\" \/>\n<link rel=\"canonical\" href=\"https:\/\/www.deratech.be\/de\/produkte\/faserlaserschneidanlagen\/entra\/\" \/>\n<meta property=\"og:locale\" content=\"de_DE\" \/>\n<meta property=\"og:type\" content=\"article\" \/>\n<meta property=\"og:title\" content=\"Entra - Deratech\" \/>\n<meta property=\"og:description\" content=\"Die ENTRA-3015 ist eine Faserlaserschneidmaschine, die speziell f\u00fcr alle Unternehmen entwickelt wurde, die: Flexibel arbeiten und Laserschneiden im Haus durchf\u00fchren m\u00f6chten; Blechformate bis zu 3m x 1,5m und bis zu 20mm Dicke Schneiden; Keinen Wechseltisch ben\u00f6tigen und einen kompakten Aufbau m\u00f6chten; Laserqualit\u00e4t beim Schneiden von Stahl, Edelstahl und Aluminium brauchen; Investitionen in akzeptablen und machbaren [&hellip;]\" \/>\n<meta property=\"og:url\" content=\"https:\/\/www.deratech.be\/de\/produkte\/faserlaserschneidanlagen\/entra\/\" \/>\n<meta property=\"og:site_name\" content=\"Deratech\" \/>\n<meta property=\"article:modified_time\" content=\"2022-05-11T10:57:38+00:00\" \/>\n<meta property=\"og:image\" content=\"https:\/\/www.deratech.be\/wp-content\/uploads\/2022\/04\/ENTRA-3015-scaled.jpeg\" \/>\n\t<meta property=\"og:image:width\" content=\"2560\" \/>\n\t<meta property=\"og:image:height\" content=\"1440\" \/>\n\t<meta property=\"og:image:type\" content=\"image\/jpeg\" \/>\n<meta name=\"twitter:card\" content=\"summary_large_image\" \/>\n<meta name=\"twitter:label1\" content=\"Gesch\u00e4tzte Lesezeit\" \/>\n\t<meta name=\"twitter:data1\" content=\"1\u00a0Minute\" \/>\n<script type=\"application\/ld+json\" class=\"yoast-schema-graph\">{\"@context\":\"https:\/\/schema.org\",\"@graph\":[{\"@type\":\"WebPage\",\"@id\":\"https:\/\/www.deratech.be\/de\/produkte\/faserlaserschneidanlagen\/entra\/\",\"url\":\"https:\/\/www.deratech.be\/de\/produkte\/faserlaserschneidanlagen\/entra\/\",\"name\":\"Entra - Deratech\",\"isPartOf\":{\"@id\":\"https:\/\/www.deratech.be\/de\/#website\"},\"primaryImageOfPage\":{\"@id\":\"https:\/\/www.deratech.be\/de\/produkte\/faserlaserschneidanlagen\/entra\/#primaryimage\"},\"image\":{\"@id\":\"https:\/\/www.deratech.be\/de\/produkte\/faserlaserschneidanlagen\/entra\/#primaryimage\"},\"thumbnailUrl\":\"https:\/\/www.deratech.be\/wp-content\/uploads\/2022\/04\/ENTRA-3015-scaled.jpeg\",\"datePublished\":\"2022-05-02T16:19:01+00:00\",\"dateModified\":\"2022-05-11T10:57:38+00:00\",\"breadcrumb\":{\"@id\":\"https:\/\/www.deratech.be\/de\/produkte\/faserlaserschneidanlagen\/entra\/#breadcrumb\"},\"inLanguage\":\"de\",\"potentialAction\":[{\"@type\":\"ReadAction\",\"target\":[\"https:\/\/www.deratech.be\/de\/produkte\/faserlaserschneidanlagen\/entra\/\"]}]},{\"@type\":\"ImageObject\",\"inLanguage\":\"de\",\"@id\":\"https:\/\/www.deratech.be\/de\/produkte\/faserlaserschneidanlagen\/entra\/#primaryimage\",\"url\":\"https:\/\/www.deratech.be\/wp-content\/uploads\/2022\/04\/ENTRA-3015-scaled.jpeg\",\"contentUrl\":\"https:\/\/www.deratech.be\/wp-content\/uploads\/2022\/04\/ENTRA-3015-scaled.jpeg\",\"width\":2560,\"height\":1440},{\"@type\":\"BreadcrumbList\",\"@id\":\"https:\/\/www.deratech.be\/de\/produkte\/faserlaserschneidanlagen\/entra\/#breadcrumb\",\"itemListElement\":[{\"@type\":\"ListItem\",\"position\":1,\"name\":\"Home\",\"item\":\"https:\/\/www.deratech.be\/de\/\"},{\"@type\":\"ListItem\",\"position\":2,\"name\":\"Produkte\",\"item\":\"https:\/\/www.deratech.be\/de\/produkte\/\"},{\"@type\":\"ListItem\",\"position\":3,\"name\":\"Faserlaserschneidanlagen\",\"item\":\"https:\/\/www.deratech.be\/de\/produkte\/faserlaserschneidanlagen\/\"},{\"@type\":\"ListItem\",\"position\":4,\"name\":\"Entra\"}]},{\"@type\":\"WebSite\",\"@id\":\"https:\/\/www.deratech.be\/de\/#website\",\"url\":\"https:\/\/www.deratech.be\/de\/\",\"name\":\"Deratech\",\"description\":\"\",\"potentialAction\":[{\"@type\":\"SearchAction\",\"target\":{\"@type\":\"EntryPoint\",\"urlTemplate\":\"https:\/\/www.deratech.be\/de\/?s={search_term_string}\"},\"query-input\":{\"@type\":\"PropertyValueSpecification\",\"valueRequired\":true,\"valueName\":\"search_term_string\"}}],\"inLanguage\":\"de\"}]}<\/script>\n<!-- \/ Yoast SEO plugin. -->","yoast_head_json":{"title":"Entra - Deratech","robots":{"index":"index","follow":"follow","max-snippet":"max-snippet:-1","max-image-preview":"max-image-preview:large","max-video-preview":"max-video-preview:-1"},"canonical":"https:\/\/www.deratech.be\/de\/produkte\/faserlaserschneidanlagen\/entra\/","og_locale":"de_DE","og_type":"article","og_title":"Entra - Deratech","og_description":"Die ENTRA-3015 ist eine Faserlaserschneidmaschine, die speziell f\u00fcr alle Unternehmen entwickelt wurde, die: Flexibel arbeiten und Laserschneiden im Haus durchf\u00fchren m\u00f6chten; Blechformate bis zu 3m x 1,5m und bis zu 20mm Dicke Schneiden; Keinen Wechseltisch ben\u00f6tigen und einen kompakten Aufbau m\u00f6chten; Laserqualit\u00e4t beim Schneiden von Stahl, Edelstahl und Aluminium brauchen; Investitionen in akzeptablen und machbaren [&hellip;]","og_url":"https:\/\/www.deratech.be\/de\/produkte\/faserlaserschneidanlagen\/entra\/","og_site_name":"Deratech","article_modified_time":"2022-05-11T10:57:38+00:00","og_image":[{"width":2560,"height":1440,"url":"https:\/\/www.deratech.be\/wp-content\/uploads\/2022\/04\/ENTRA-3015-scaled.jpeg","type":"image\/jpeg"}],"twitter_card":"summary_large_image","twitter_misc":{"Gesch\u00e4tzte Lesezeit":"1\u00a0Minute"},"schema":{"@context":"https:\/\/schema.org","@graph":[{"@type":"WebPage","@id":"https:\/\/www.deratech.be\/de\/produkte\/faserlaserschneidanlagen\/entra\/","url":"https:\/\/www.deratech.be\/de\/produkte\/faserlaserschneidanlagen\/entra\/","name":"Entra - Deratech","isPartOf":{"@id":"https:\/\/www.deratech.be\/de\/#website"},"primaryImageOfPage":{"@id":"https:\/\/www.deratech.be\/de\/produkte\/faserlaserschneidanlagen\/entra\/#primaryimage"},"image":{"@id":"https:\/\/www.deratech.be\/de\/produkte\/faserlaserschneidanlagen\/entra\/#primaryimage"},"thumbnailUrl":"https:\/\/www.deratech.be\/wp-content\/uploads\/2022\/04\/ENTRA-3015-scaled.jpeg","datePublished":"2022-05-02T16:19:01+00:00","dateModified":"2022-05-11T10:57:38+00:00","breadcrumb":{"@id":"https:\/\/www.deratech.be\/de\/produkte\/faserlaserschneidanlagen\/entra\/#breadcrumb"},"inLanguage":"de","potentialAction":[{"@type":"ReadAction","target":["https:\/\/www.deratech.be\/de\/produkte\/faserlaserschneidanlagen\/entra\/"]}]},{"@type":"ImageObject","inLanguage":"de","@id":"https:\/\/www.deratech.be\/de\/produkte\/faserlaserschneidanlagen\/entra\/#primaryimage","url":"https:\/\/www.deratech.be\/wp-content\/uploads\/2022\/04\/ENTRA-3015-scaled.jpeg","contentUrl":"https:\/\/www.deratech.be\/wp-content\/uploads\/2022\/04\/ENTRA-3015-scaled.jpeg","width":2560,"height":1440},{"@type":"BreadcrumbList","@id":"https:\/\/www.deratech.be\/de\/produkte\/faserlaserschneidanlagen\/entra\/#breadcrumb","itemListElement":[{"@type":"ListItem","position":1,"name":"Home","item":"https:\/\/www.deratech.be\/de\/"},{"@type":"ListItem","position":2,"name":"Produkte","item":"https:\/\/www.deratech.be\/de\/produkte\/"},{"@type":"ListItem","position":3,"name":"Faserlaserschneidanlagen","item":"https:\/\/www.deratech.be\/de\/produkte\/faserlaserschneidanlagen\/"},{"@type":"ListItem","position":4,"name":"Entra"}]},{"@type":"WebSite","@id":"https:\/\/www.deratech.be\/de\/#website","url":"https:\/\/www.deratech.be\/de\/","name":"Deratech","description":"","potentialAction":[{"@type":"SearchAction","target":{"@type":"EntryPoint","urlTemplate":"https:\/\/www.deratech.be\/de\/?s={search_term_string}"},"query-input":{"@type":"PropertyValueSpecification","valueRequired":true,"valueName":"search_term_string"}}],"inLanguage":"de"}]}},"_links":{"self":[{"href":"https:\/\/www.deratech.be\/de\/wp-json\/wp\/v2\/product\/1145","targetHints":{"allow":["GET"]}}],"collection":[{"href":"https:\/\/www.deratech.be\/de\/wp-json\/wp\/v2\/product"}],"about":[{"href":"https:\/\/www.deratech.be\/de\/wp-json\/wp\/v2\/types\/product"}],"wp:featuredmedia":[{"embeddable":true,"href":"https:\/\/www.deratech.be\/de\/wp-json\/wp\/v2\/media\/1175"}],"wp:attachment":[{"href":"https:\/\/www.deratech.be\/de\/wp-json\/wp\/v2\/media?parent=1145"}],"wp:term":[{"taxonomy":"product_cat","embeddable":true,"href":"https:\/\/www.deratech.be\/de\/wp-json\/wp\/v2\/product_cat?post=1145"}],"curies":[{"name":"wp","href":"https:\/\/api.w.org\/{rel}","templated":true}]}}