{"id":721,"date":"2021-07-21T17:27:22","date_gmt":"2021-07-21T15:27:22","guid":{"rendered":"https:\/\/www.deratech.be\/services\/ombouw-gereedschappen\/"},"modified":"2021-07-22T19:22:57","modified_gmt":"2021-07-22T17:22:57","slug":"33-umbau-werkzeuge","status":"publish","type":"page","link":"https:\/\/www.deratech.be\/de\/services\/33-umbau-werkzeuge\/","title":{"rendered":"UMBAU WERKZEUGE"},"content":{"rendered":"<p>Der Umbau auf ein Universalwerkzeugsystem bietet in den meisten F\u00e4llen h\u00f6here Flexibilit\u00e4t und zus\u00e4tzlich Einsparpotenziale.<\/p>\n","protected":false},"excerpt":{"rendered":"<p>Der Umbau auf ein Universalwerkzeugsystem bietet in den meisten F\u00e4llen h\u00f6here Flexibilit\u00e4t und zus\u00e4tzlich Einsparpotenziale.<\/p>\n","protected":false},"author":1,"featured_media":585,"parent":686,"menu_order":75,"comment_status":"closed","ping_status":"closed","template":"","meta":{"_acf_changed":false,"inline_featured_image":false,"footnotes":""},"class_list":["post-721","page","type-page","status-publish","has-post-thumbnail","hentry"],"acf":[],"yoast_head":"<!-- This site is optimized with the Yoast SEO plugin v27.0 - https:\/\/yoast.com\/product\/yoast-seo-wordpress\/ -->\n<title>UMBAU WERKZEUGE - Deratech<\/title>\n<meta name=\"robots\" content=\"index, follow, max-snippet:-1, max-image-preview:large, max-video-preview:-1\" \/>\n<link rel=\"canonical\" href=\"https:\/\/www.deratech.be\/de\/services\/33-umbau-werkzeuge\/\" \/>\n<meta property=\"og:locale\" content=\"de_DE\" \/>\n<meta property=\"og:type\" content=\"article\" \/>\n<meta property=\"og:title\" content=\"UMBAU WERKZEUGE - Deratech\" \/>\n<meta property=\"og:description\" content=\"Der Umbau auf ein Universalwerkzeugsystem bietet in den meisten F\u00e4llen h\u00f6here Flexibilit\u00e4t und zus\u00e4tzlich Einsparpotenziale.\" \/>\n<meta property=\"og:url\" content=\"https:\/\/www.deratech.be\/de\/services\/33-umbau-werkzeuge\/\" \/>\n<meta property=\"og:site_name\" content=\"Deratech\" \/>\n<meta property=\"article:modified_time\" content=\"2021-07-22T17:22:57+00:00\" \/>\n<meta property=\"og:image\" content=\"https:\/\/www.deratech.be\/wp-content\/uploads\/2021\/07\/f7a0a54c92471ac4480e727e4ccf93df_XL-1.jpg\" \/>\n\t<meta property=\"og:image:width\" content=\"770\" \/>\n\t<meta property=\"og:image:height\" content=\"498\" \/>\n\t<meta property=\"og:image:type\" content=\"image\/jpeg\" \/>\n<meta name=\"twitter:card\" content=\"summary_large_image\" \/>\n<meta name=\"twitter:label1\" content=\"Gesch\u00e4tzte Lesezeit\" \/>\n\t<meta name=\"twitter:data1\" content=\"1\u00a0Minute\" \/>\n<script type=\"application\/ld+json\" class=\"yoast-schema-graph\">{\"@context\":\"https:\/\/schema.org\",\"@graph\":[{\"@type\":\"WebPage\",\"@id\":\"https:\/\/www.deratech.be\/de\/services\/33-umbau-werkzeuge\/\",\"url\":\"https:\/\/www.deratech.be\/de\/services\/33-umbau-werkzeuge\/\",\"name\":\"UMBAU WERKZEUGE - Deratech\",\"isPartOf\":{\"@id\":\"https:\/\/www.deratech.be\/de\/#website\"},\"primaryImageOfPage\":{\"@id\":\"https:\/\/www.deratech.be\/de\/services\/33-umbau-werkzeuge\/#primaryimage\"},\"image\":{\"@id\":\"https:\/\/www.deratech.be\/de\/services\/33-umbau-werkzeuge\/#primaryimage\"},\"thumbnailUrl\":\"https:\/\/www.deratech.be\/wp-content\/uploads\/2021\/07\/f7a0a54c92471ac4480e727e4ccf93df_XL-1.jpg\",\"datePublished\":\"2021-07-21T15:27:22+00:00\",\"dateModified\":\"2021-07-22T17:22:57+00:00\",\"breadcrumb\":{\"@id\":\"https:\/\/www.deratech.be\/de\/services\/33-umbau-werkzeuge\/#breadcrumb\"},\"inLanguage\":\"de\",\"potentialAction\":[{\"@type\":\"ReadAction\",\"target\":[\"https:\/\/www.deratech.be\/de\/services\/33-umbau-werkzeuge\/\"]}]},{\"@type\":\"ImageObject\",\"inLanguage\":\"de\",\"@id\":\"https:\/\/www.deratech.be\/de\/services\/33-umbau-werkzeuge\/#primaryimage\",\"url\":\"https:\/\/www.deratech.be\/wp-content\/uploads\/2021\/07\/f7a0a54c92471ac4480e727e4ccf93df_XL-1.jpg\",\"contentUrl\":\"https:\/\/www.deratech.be\/wp-content\/uploads\/2021\/07\/f7a0a54c92471ac4480e727e4ccf93df_XL-1.jpg\",\"width\":770,\"height\":498},{\"@type\":\"BreadcrumbList\",\"@id\":\"https:\/\/www.deratech.be\/de\/services\/33-umbau-werkzeuge\/#breadcrumb\",\"itemListElement\":[{\"@type\":\"ListItem\",\"position\":1,\"name\":\"Home\",\"item\":\"https:\/\/www.deratech.be\/de\/\"},{\"@type\":\"ListItem\",\"position\":2,\"name\":\"Services\",\"item\":\"https:\/\/www.deratech.be\/de\/services\/\"},{\"@type\":\"ListItem\",\"position\":3,\"name\":\"UMBAU WERKZEUGE\"}]},{\"@type\":\"WebSite\",\"@id\":\"https:\/\/www.deratech.be\/de\/#website\",\"url\":\"https:\/\/www.deratech.be\/de\/\",\"name\":\"Deratech\",\"description\":\"\",\"potentialAction\":[{\"@type\":\"SearchAction\",\"target\":{\"@type\":\"EntryPoint\",\"urlTemplate\":\"https:\/\/www.deratech.be\/de\/?s={search_term_string}\"},\"query-input\":{\"@type\":\"PropertyValueSpecification\",\"valueRequired\":true,\"valueName\":\"search_term_string\"}}],\"inLanguage\":\"de\"}]}<\/script>\n<!-- \/ Yoast SEO plugin. -->","yoast_head_json":{"title":"UMBAU WERKZEUGE - Deratech","robots":{"index":"index","follow":"follow","max-snippet":"max-snippet:-1","max-image-preview":"max-image-preview:large","max-video-preview":"max-video-preview:-1"},"canonical":"https:\/\/www.deratech.be\/de\/services\/33-umbau-werkzeuge\/","og_locale":"de_DE","og_type":"article","og_title":"UMBAU WERKZEUGE - Deratech","og_description":"Der Umbau auf ein Universalwerkzeugsystem bietet in den meisten F\u00e4llen h\u00f6here Flexibilit\u00e4t und zus\u00e4tzlich Einsparpotenziale.","og_url":"https:\/\/www.deratech.be\/de\/services\/33-umbau-werkzeuge\/","og_site_name":"Deratech","article_modified_time":"2021-07-22T17:22:57+00:00","og_image":[{"width":770,"height":498,"url":"https:\/\/www.deratech.be\/wp-content\/uploads\/2021\/07\/f7a0a54c92471ac4480e727e4ccf93df_XL-1.jpg","type":"image\/jpeg"}],"twitter_card":"summary_large_image","twitter_misc":{"Gesch\u00e4tzte Lesezeit":"1\u00a0Minute"},"schema":{"@context":"https:\/\/schema.org","@graph":[{"@type":"WebPage","@id":"https:\/\/www.deratech.be\/de\/services\/33-umbau-werkzeuge\/","url":"https:\/\/www.deratech.be\/de\/services\/33-umbau-werkzeuge\/","name":"UMBAU WERKZEUGE - Deratech","isPartOf":{"@id":"https:\/\/www.deratech.be\/de\/#website"},"primaryImageOfPage":{"@id":"https:\/\/www.deratech.be\/de\/services\/33-umbau-werkzeuge\/#primaryimage"},"image":{"@id":"https:\/\/www.deratech.be\/de\/services\/33-umbau-werkzeuge\/#primaryimage"},"thumbnailUrl":"https:\/\/www.deratech.be\/wp-content\/uploads\/2021\/07\/f7a0a54c92471ac4480e727e4ccf93df_XL-1.jpg","datePublished":"2021-07-21T15:27:22+00:00","dateModified":"2021-07-22T17:22:57+00:00","breadcrumb":{"@id":"https:\/\/www.deratech.be\/de\/services\/33-umbau-werkzeuge\/#breadcrumb"},"inLanguage":"de","potentialAction":[{"@type":"ReadAction","target":["https:\/\/www.deratech.be\/de\/services\/33-umbau-werkzeuge\/"]}]},{"@type":"ImageObject","inLanguage":"de","@id":"https:\/\/www.deratech.be\/de\/services\/33-umbau-werkzeuge\/#primaryimage","url":"https:\/\/www.deratech.be\/wp-content\/uploads\/2021\/07\/f7a0a54c92471ac4480e727e4ccf93df_XL-1.jpg","contentUrl":"https:\/\/www.deratech.be\/wp-content\/uploads\/2021\/07\/f7a0a54c92471ac4480e727e4ccf93df_XL-1.jpg","width":770,"height":498},{"@type":"BreadcrumbList","@id":"https:\/\/www.deratech.be\/de\/services\/33-umbau-werkzeuge\/#breadcrumb","itemListElement":[{"@type":"ListItem","position":1,"name":"Home","item":"https:\/\/www.deratech.be\/de\/"},{"@type":"ListItem","position":2,"name":"Services","item":"https:\/\/www.deratech.be\/de\/services\/"},{"@type":"ListItem","position":3,"name":"UMBAU WERKZEUGE"}]},{"@type":"WebSite","@id":"https:\/\/www.deratech.be\/de\/#website","url":"https:\/\/www.deratech.be\/de\/","name":"Deratech","description":"","potentialAction":[{"@type":"SearchAction","target":{"@type":"EntryPoint","urlTemplate":"https:\/\/www.deratech.be\/de\/?s={search_term_string}"},"query-input":{"@type":"PropertyValueSpecification","valueRequired":true,"valueName":"search_term_string"}}],"inLanguage":"de"}]}},"_links":{"self":[{"href":"https:\/\/www.deratech.be\/de\/wp-json\/wp\/v2\/pages\/721","targetHints":{"allow":["GET"]}}],"collection":[{"href":"https:\/\/www.deratech.be\/de\/wp-json\/wp\/v2\/pages"}],"about":[{"href":"https:\/\/www.deratech.be\/de\/wp-json\/wp\/v2\/types\/page"}],"author":[{"embeddable":true,"href":"https:\/\/www.deratech.be\/de\/wp-json\/wp\/v2\/users\/1"}],"replies":[{"embeddable":true,"href":"https:\/\/www.deratech.be\/de\/wp-json\/wp\/v2\/comments?post=721"}],"version-history":[{"count":0,"href":"https:\/\/www.deratech.be\/de\/wp-json\/wp\/v2\/pages\/721\/revisions"}],"up":[{"embeddable":true,"href":"https:\/\/www.deratech.be\/de\/wp-json\/wp\/v2\/pages\/686"}],"wp:featuredmedia":[{"embeddable":true,"href":"https:\/\/www.deratech.be\/de\/wp-json\/wp\/v2\/media\/585"}],"wp:attachment":[{"href":"https:\/\/www.deratech.be\/de\/wp-json\/wp\/v2\/media?parent=721"}],"curies":[{"name":"wp","href":"https:\/\/api.w.org\/{rel}","templated":true}]}}