{"id":686,"date":"2021-07-19T14:57:47","date_gmt":"2021-07-19T12:57:47","guid":{"rendered":"https:\/\/www.deratech.be\/services\/"},"modified":"2021-07-22T18:13:24","modified_gmt":"2021-07-22T16:13:24","slug":"services","status":"publish","type":"page","link":"https:\/\/www.deratech.be\/de\/services\/","title":{"rendered":"Services"},"content":{"rendered":"<h3>DESIGN, ENTWICKLUNG, PRODUKTION, VERTRIEB UND SERVICE VON<\/h3>\n<h1 class=\"itemTitle\">BLECHBEARBEITUNGSMASCHINEN<\/h1>\n<p style=\"text-align: left;\">Service f\u00fcr unsere Kunden hat bei uns einen exorbitant hohen Stellenwert. Zus\u00e4tzlich zu unserer telefonischen Helpdesk unterst\u00fctzen wir Sie in allen Fragen und Problemstellungen zu ihrer Maschine oder Anlage. Wir unterst\u00fctzen Sie auch bei der Auswahl von Werkzeugen und planen strategisch Ihren Reparatureinsatz vor Ort.<\/p>\n<p style=\"text-align: left;\">Unsere Serviceabteilung steht Ihnen unter nachstehenden Kontaktdaten zur Verf\u00fcgung:<\/p>\n<ul style=\"text-align: left;\">\n<li>Telefonisch:\u00a0<a href=\"https:\/\/www.deratech.be\/+3252339898\">+32 (0)52 33 98 98<\/a><\/li>\n<li>E-mail:\u00a0<span id=\"cloakdb91cfe9bd76762f35632ca8c2f8316f\"><a href=\"mailto:service@deratech.be\">service@deratech.be<\/a><\/span><\/li>\n<\/ul>\n<p style=\"text-align: left;\">Nutzen Sie unsere M\u00f6glichkeiten bez\u00fcglich Teleservice damit wir Ihre Maschine ferndiagnostizieren k\u00f6nnen und damit eine Intervention vor Ort nicht notwendig ist. Dies reduziert die Maschinenstillstandszeiten auf ein Minimum.<\/p>\n<p style=\"text-align: left;\">Service bedeutet f\u00fcr uns auch, dass Sie Ihren bestehenden Maschinenpark auf dem neuesten Stand halten \/ bringen. Das gew\u00e4hrleistet Ihnen ein Optimum an Maschinenverf\u00fcgbarkeit.<\/p>\n","protected":false},"excerpt":{"rendered":"<p>DESIGN, ENTWICKLUNG, PRODUKTION, VERTRIEB UND SERVICE VON BLECHBEARBEITUNGSMASCHINEN Service f\u00fcr unsere Kunden hat bei uns einen exorbitant hohen Stellenwert. Zus\u00e4tzlich zu unserer telefonischen Helpdesk unterst\u00fctzen wir Sie in allen Fragen und Problemstellungen zu ihrer Maschine oder Anlage. Wir unterst\u00fctzen Sie auch bei der Auswahl von Werkzeugen und planen strategisch Ihren Reparatureinsatz vor Ort. Unsere Serviceabteilung [&hellip;]<\/p>\n","protected":false},"author":1,"featured_media":0,"parent":0,"menu_order":61,"comment_status":"closed","ping_status":"closed","template":"page-services.php","meta":{"_acf_changed":false,"inline_featured_image":false,"footnotes":""},"class_list":["post-686","page","type-page","status-publish","hentry"],"acf":[],"yoast_head":"<!-- This site is optimized with the Yoast SEO plugin v27.0 - https:\/\/yoast.com\/product\/yoast-seo-wordpress\/ -->\n<title>Services - Deratech<\/title>\n<meta name=\"description\" content=\"Naast de telefonische helpdesk ondersteunen wij u o.a. ook bij de keuze van gereedschappen tot het inplannen van een snelle interventie ter plaatse.\" \/>\n<meta name=\"robots\" content=\"index, follow, max-snippet:-1, max-image-preview:large, max-video-preview:-1\" \/>\n<link rel=\"canonical\" href=\"https:\/\/www.deratech.be\/de\/services\/\" \/>\n<meta property=\"og:locale\" content=\"de_DE\" \/>\n<meta property=\"og:type\" content=\"article\" \/>\n<meta property=\"og:title\" content=\"Services - Deratech\" \/>\n<meta property=\"og:description\" content=\"Naast de telefonische helpdesk ondersteunen wij u o.a. ook bij de keuze van gereedschappen tot het inplannen van een snelle interventie ter plaatse.\" \/>\n<meta property=\"og:url\" content=\"https:\/\/www.deratech.be\/de\/services\/\" \/>\n<meta property=\"og:site_name\" content=\"Deratech\" \/>\n<meta property=\"article:modified_time\" content=\"2021-07-22T16:13:24+00:00\" \/>\n<meta name=\"twitter:card\" content=\"summary_large_image\" \/>\n<meta name=\"twitter:label1\" content=\"Gesch\u00e4tzte Lesezeit\" \/>\n\t<meta name=\"twitter:data1\" content=\"1\u00a0Minute\" \/>\n<script type=\"application\/ld+json\" class=\"yoast-schema-graph\">{\"@context\":\"https:\/\/schema.org\",\"@graph\":[{\"@type\":\"WebPage\",\"@id\":\"https:\/\/www.deratech.be\/de\/services\/\",\"url\":\"https:\/\/www.deratech.be\/de\/services\/\",\"name\":\"Services - Deratech\",\"isPartOf\":{\"@id\":\"https:\/\/www.deratech.be\/de\/#website\"},\"datePublished\":\"2021-07-19T12:57:47+00:00\",\"dateModified\":\"2021-07-22T16:13:24+00:00\",\"description\":\"Naast de telefonische helpdesk ondersteunen wij u o.a. ook bij de keuze van gereedschappen tot het inplannen van een snelle interventie ter plaatse.\",\"breadcrumb\":{\"@id\":\"https:\/\/www.deratech.be\/de\/services\/#breadcrumb\"},\"inLanguage\":\"de\",\"potentialAction\":[{\"@type\":\"ReadAction\",\"target\":[\"https:\/\/www.deratech.be\/de\/services\/\"]}]},{\"@type\":\"BreadcrumbList\",\"@id\":\"https:\/\/www.deratech.be\/de\/services\/#breadcrumb\",\"itemListElement\":[{\"@type\":\"ListItem\",\"position\":1,\"name\":\"Home\",\"item\":\"https:\/\/www.deratech.be\/de\/\"},{\"@type\":\"ListItem\",\"position\":2,\"name\":\"Services\"}]},{\"@type\":\"WebSite\",\"@id\":\"https:\/\/www.deratech.be\/de\/#website\",\"url\":\"https:\/\/www.deratech.be\/de\/\",\"name\":\"Deratech\",\"description\":\"\",\"potentialAction\":[{\"@type\":\"SearchAction\",\"target\":{\"@type\":\"EntryPoint\",\"urlTemplate\":\"https:\/\/www.deratech.be\/de\/?s={search_term_string}\"},\"query-input\":{\"@type\":\"PropertyValueSpecification\",\"valueRequired\":true,\"valueName\":\"search_term_string\"}}],\"inLanguage\":\"de\"}]}<\/script>\n<!-- \/ Yoast SEO plugin. -->","yoast_head_json":{"title":"Services - Deratech","description":"Naast de telefonische helpdesk ondersteunen wij u o.a. ook bij de keuze van gereedschappen tot het inplannen van een snelle interventie ter plaatse.","robots":{"index":"index","follow":"follow","max-snippet":"max-snippet:-1","max-image-preview":"max-image-preview:large","max-video-preview":"max-video-preview:-1"},"canonical":"https:\/\/www.deratech.be\/de\/services\/","og_locale":"de_DE","og_type":"article","og_title":"Services - Deratech","og_description":"Naast de telefonische helpdesk ondersteunen wij u o.a. ook bij de keuze van gereedschappen tot het inplannen van een snelle interventie ter plaatse.","og_url":"https:\/\/www.deratech.be\/de\/services\/","og_site_name":"Deratech","article_modified_time":"2021-07-22T16:13:24+00:00","twitter_card":"summary_large_image","twitter_misc":{"Gesch\u00e4tzte Lesezeit":"1\u00a0Minute"},"schema":{"@context":"https:\/\/schema.org","@graph":[{"@type":"WebPage","@id":"https:\/\/www.deratech.be\/de\/services\/","url":"https:\/\/www.deratech.be\/de\/services\/","name":"Services - Deratech","isPartOf":{"@id":"https:\/\/www.deratech.be\/de\/#website"},"datePublished":"2021-07-19T12:57:47+00:00","dateModified":"2021-07-22T16:13:24+00:00","description":"Naast de telefonische helpdesk ondersteunen wij u o.a. ook bij de keuze van gereedschappen tot het inplannen van een snelle interventie ter plaatse.","breadcrumb":{"@id":"https:\/\/www.deratech.be\/de\/services\/#breadcrumb"},"inLanguage":"de","potentialAction":[{"@type":"ReadAction","target":["https:\/\/www.deratech.be\/de\/services\/"]}]},{"@type":"BreadcrumbList","@id":"https:\/\/www.deratech.be\/de\/services\/#breadcrumb","itemListElement":[{"@type":"ListItem","position":1,"name":"Home","item":"https:\/\/www.deratech.be\/de\/"},{"@type":"ListItem","position":2,"name":"Services"}]},{"@type":"WebSite","@id":"https:\/\/www.deratech.be\/de\/#website","url":"https:\/\/www.deratech.be\/de\/","name":"Deratech","description":"","potentialAction":[{"@type":"SearchAction","target":{"@type":"EntryPoint","urlTemplate":"https:\/\/www.deratech.be\/de\/?s={search_term_string}"},"query-input":{"@type":"PropertyValueSpecification","valueRequired":true,"valueName":"search_term_string"}}],"inLanguage":"de"}]}},"_links":{"self":[{"href":"https:\/\/www.deratech.be\/de\/wp-json\/wp\/v2\/pages\/686","targetHints":{"allow":["GET"]}}],"collection":[{"href":"https:\/\/www.deratech.be\/de\/wp-json\/wp\/v2\/pages"}],"about":[{"href":"https:\/\/www.deratech.be\/de\/wp-json\/wp\/v2\/types\/page"}],"author":[{"embeddable":true,"href":"https:\/\/www.deratech.be\/de\/wp-json\/wp\/v2\/users\/1"}],"replies":[{"embeddable":true,"href":"https:\/\/www.deratech.be\/de\/wp-json\/wp\/v2\/comments?post=686"}],"version-history":[{"count":0,"href":"https:\/\/www.deratech.be\/de\/wp-json\/wp\/v2\/pages\/686\/revisions"}],"wp:attachment":[{"href":"https:\/\/www.deratech.be\/de\/wp-json\/wp\/v2\/media?parent=686"}],"curies":[{"name":"wp","href":"https:\/\/api.w.org\/{rel}","templated":true}]}}