{"id":670,"date":"2018-08-28T10:22:20","date_gmt":"2018-08-28T10:22:20","guid":{"rendered":"https:\/\/www.deratech.be\/privacy-policy\/"},"modified":"2021-07-29T11:50:41","modified_gmt":"2021-07-29T09:50:41","slug":"privacy-policy","status":"publish","type":"page","link":"https:\/\/www.deratech.be\/de\/privacy-policy\/","title":{"rendered":"Privacy Policy"},"content":{"rendered":"<p id=\"tw-target-text\" class=\"tw-data-text tw-text-large XcVN5d tw-ta\" dir=\"ltr\" data-placeholder=\"Vertaling\"><span class=\"Y2IQFc\" lang=\"de\">Zuletzt bearbeitet am 29.07.2021 1.\u00a0\u00a0\u00a0\u00a0 <\/span><\/p>\n<h2 class=\"tw-data-text tw-text-large XcVN5d tw-ta\" dir=\"ltr\" data-placeholder=\"Vertaling\"><span class=\"Y2IQFc\" lang=\"de\">Willkommen <\/span><\/h2>\n<p class=\"tw-data-text tw-text-large XcVN5d tw-ta\" dir=\"ltr\" data-placeholder=\"Vertaling\"><span class=\"Y2IQFc\" lang=\"de\">Wir sind Deratech mit Sitz in MANTA 6.9250 WAASMUNSTER, mit der Firmennummer BE 0884496775<\/span><\/p>\n<p class=\"tw-data-text tw-text-large XcVN5d tw-ta\" dir=\"ltr\" data-placeholder=\"Vertaling\"><span class=\"Y2IQFc\" lang=\"de\">In dieser Datenschutzrichtlinie erkl\u00e4ren wir, welche personenbezogenen Daten wir als \u201eVerantwortlicher\u201c erfassen und wie wir sie verwenden und weitergeben, um unsere Dienste zu verbessern. <\/span><\/p>\n<h2 class=\"tw-data-text tw-text-large XcVN5d tw-ta\" dir=\"ltr\" data-placeholder=\"Vertaling\"><span class=\"Y2IQFc\" lang=\"de\">2.\u00a0\u00a0\u00a0\u00a0 Personenbezogene <\/span><\/h2>\n<p class=\"tw-data-text tw-text-large XcVN5d tw-ta\" dir=\"ltr\" data-placeholder=\"Vertaling\"><span class=\"Y2IQFc\" lang=\"de\">Daten Die von uns gespeicherten begrenzten personenbezogenen Daten werden auf folgende Weise erhoben: <\/span><\/p>\n<ul>\n<li class=\"tw-data-text tw-text-large XcVN5d tw-ta\" dir=\"ltr\" data-placeholder=\"Vertaling\"><span class=\"Y2IQFc\" lang=\"de\">Website: Wenn Sie unsere Website besuchen, werden zum Zwecke der Pflege und Verbesserung unserer Website bestimmte Daten \u00fcber Cookies (einschlie\u00dflich Ihrer IP-Adresse) registriert. Weitere Informationen zu diesen Cookies finden Sie in unserer separaten <\/span><\/li>\n<li class=\"tw-data-text tw-text-large XcVN5d tw-ta\" dir=\"ltr\" data-placeholder=\"Vertaling\"><span class=\"Y2IQFc\" lang=\"de\">Cookie-Richtlinie; Gesch\u00e4ftsbeziehung: Wenn Sie uns im Rahmen unserer Dienstleistungen als (potenzieller) Kunde oder Partner kontaktieren, verarbeiten wir Ihren vollst\u00e4ndigen Namen, Ihre Kontaktdaten (E-Mail-Adresse, Telefonnummer, B\u00fcro- und\/oder Wohnanschrift) sowie weitere Daten, die f\u00fcr die Bestellung, Abrechnung oder Zusammenarbeit (wie Ihre Bankverbindung, Kontakthistorie oder Daten zu Ihren fr\u00fcheren Bestellungen); <\/span><\/li>\n<li class=\"tw-data-text tw-text-large XcVN5d tw-ta\" dir=\"ltr\" data-placeholder=\"Vertaling\"><span class=\"Y2IQFc\" lang=\"de\">Marketing: Wenn Sie uns dies ausdr\u00fccklich erlauben, verarbeiten wir Ihren vollst\u00e4ndigen Namen und Ihre E-Mail-Adresse f\u00fcr den Versand von Direktmarketing, Newslettern, Werbeaktionen und Werbeaktionen zu unseren Produkten und Dienstleistungen. Daf\u00fcr k\u00f6nnen Sie sich jederzeit ganz einfach abmelden. Obwohl Sie niemals verpflichtet sind, personenbezogene Daten preiszugeben, kann eine Verweigerung der Bereitstellung notwendiger Informationen die Bereitstellung unserer Dienste behindern oder unm\u00f6glich machen. <\/span><\/li>\n<\/ul>\n<h2 class=\"tw-data-text tw-text-large XcVN5d tw-ta\" dir=\"ltr\" data-placeholder=\"Vertaling\"><span class=\"Y2IQFc\" lang=\"de\">3.\u00a0\u00a0\u00a0\u00a0 Verarbeitungszwecke<\/span><\/h2>\n<p id=\"tw-target-text\" class=\"tw-data-text tw-text-large XcVN5d tw-ta\" dir=\"ltr\" data-placeholder=\"Vertaling\"><span class=\"Y2IQFc\" lang=\"de\">Wir verarbeiten personenbezogene Daten im Rahmen unserer allgemeinen Kunden- und Auftragsverwaltung oder zur Erbringung unserer Dienstleistungen. Dies umfasst die Kundenverwaltung, die Nachverfolgung von Bestellungen und Lieferungen, die Rechnungsstellung, die Beantwortung von Fragen und f\u00fcr Marketingzwecke. Die Verarbeitung basiert auf den folgenden Kategorien von Rechtsgrundlagen: Basierend auf Ihrer Zustimmung; Aus Notwendigkeit f\u00fcr die Durchf\u00fchrung eines Vertrages; Aus Notwendigkeit, einer gesetzlichen Verpflichtung nachzukommen; Um Ihre lebenswichtigen Interessen oder die einer anderen Person zu sch\u00fctzen; Zur Erf\u00fcllung einer Aufgabe von \u00f6ffentlichem Interesse; Aus Notwendigkeit zur Wahrnehmung unserer berechtigten Interessen an der Gesch\u00e4ftst\u00e4tigkeit. Soweit die Verarbeitung personenbezogener Daten auf Grundlage Ihrer ausdr\u00fccklichen Einwilligung erfolgt, haben Sie jederzeit das Recht, die erteilte Einwilligung zu widerrufen. <\/span><\/p>\n<h2 class=\"tw-data-text tw-text-large XcVN5d tw-ta\" dir=\"ltr\" data-placeholder=\"Vertaling\"><span class=\"Y2IQFc\" lang=\"de\">4.\u00a0\u00a0\u00a0\u00a0 Mit Dritten teilen <\/span><\/h2>\n<p class=\"tw-data-text tw-text-large XcVN5d tw-ta\" dir=\"ltr\" data-placeholder=\"Vertaling\"><span class=\"Y2IQFc\" lang=\"de\">Wenn dies zur Verwirklichung der beabsichtigten Zwecke erforderlich ist, k\u00f6nnen wir personenbezogene <\/span><\/p>\n<p class=\"tw-data-text tw-text-large XcVN5d tw-ta\" dir=\"ltr\" data-placeholder=\"Vertaling\"><span class=\"Y2IQFc\" lang=\"de\">Daten an Mitarbeiter und unsere beruflichen Partner weitergeben. Unsere Partner werden ihrerseits die erforderlichen technischen und organisatorischen Ma\u00dfnahmen zum Schutz dieser personenbezogenen Daten treffen. Wir werden Ihre personenbezogenen Daten niemals an Dritte vermarkten. Im Rahmen einer m\u00f6glichen Umstrukturierung, Insolvenz oder \u00dcbertragung von T\u00e4tigkeiten k\u00f6nnen jedoch Daten, die Teil unserer Gesch\u00e4ftst\u00e4tigkeit sind, an Dritte weitergegeben werden. In bestimmten F\u00e4llen kann es auch erforderlich sein, dass wir personenbezogene Daten aufgrund eines Gerichtsbeschlusses oder zwingender Gesetze weitergeben, z. B. im Rahmen von Betrugsbek\u00e4mpfungs- oder Sicherheitsfragen oder zum Schutz unserer Rechte.<\/span><\/p>\n<h2>5. Aufbewahrungsfrist<\/h2>\n<p>Die personenbezogenen Daten werden von uns f\u00fcr einen angemessenen Zeitraum verarbeitet und aufbewahrt, der f\u00fcr die Verwirklichung der beabsichtigten Zwecke erforderlich ist, abh\u00e4ngig von unserem Vertragsverh\u00e4ltnis, zur Einhaltung gesetzlicher Vorgaben oder im Rahmen \u00fcblicher, zeitlich angemessen begrenzter Aufbewahrungsmechanismen (<em>Sicherungen<\/em>).<\/p>\n<h2>6. Ihre Rechte<\/h2>\n<p>Alle Personen, deren personenbezogene Daten wir speichern, haben jederzeit das Recht auf:<\/p>\n<ul>\n<li>auf ihre pers\u00f6nlichen Daten zugreifen;<\/li>\n<li>Ihre personenbezogenen Daten korrigieren oder erg\u00e4nzen lassen, wenn sie unrichtig oder unvollst\u00e4ndig sind;<\/li>\n<li>Ihre personenbezogenen Daten entfernen lassen;<\/li>\n<li>Einschr\u00e4nkung der Verarbeitung ihrer personenbezogenen Daten;<\/li>\n<li>der Verarbeitung ihrer personenbezogenen Daten aus einem schwerwiegenden und legitimen Grund zu widersprechen;<\/li>\n<li>ihre personenbezogenen Daten an ein anderes Unternehmen \u00fcbertragen lassen.<\/li>\n<\/ul>\n<p>Um die oben genannten Rechte auszu\u00fcben, kontaktieren Sie uns bitte per Post oder \u00fcber <a href=\"mailto:info@deratech.be\">info@deratech.be<\/a>.<\/p>\n<p>Nach Eingang Ihrer Bewerbung m\u00fcssen wir Ihre Identit\u00e4t \u00fcberpr\u00fcfen.<\/p>\n<h2>7. Beschwerden<\/h2>\n<p>Wenn Sie Kommentare oder Fragen zu unserer Datenschutzrichtlinie haben, w\u00fcrden wir uns freuen, von Ihnen zu h\u00f6ren.<\/p>\n<p>Alle Personen, deren personenbezogene Daten wir speichern, haben auch das Recht, eine Beschwerde bei der Datenschutzkommission (Drukpersstraat 35, 1000 Br\u00fcssel, <a href=\"mailto:commission@privacycommission.be\">commission@privacycommission.be&lt;) einzureichen \/a&gt;).<\/a><\/p>\n<h2>8. Sicherheit<\/h2>\n<p>Wir treffen mindestens die \u00fcblichen, uns zumutbaren technischen und organisatorischen Sicherheitsma\u00dfnahmen, um Ihre personenbezogenen Daten gegen Zerst\u00f6rung, Verlust, Ver\u00e4nderung, Verf\u00e4lschung, Verbreitung oder unberechtigten Zugriff zu sch\u00fctzen.<\/p>\n<p>Eine Weitergabe personenbezogener Daten an einen Partner in einem Land au\u00dferhalb des Europ\u00e4ischen Wirtschaftsraums erfolgt nur, wenn dieses Land ein angemessenes Schutzniveau f\u00fcr Ihre personenbezogenen Daten gew\u00e4hrleistet. Bevor wir personenbezogene Daten an einen Partner in den Vereinigten Staaten von Amerika weitergeben, ben\u00f6tigen wir eine separate Verarbeitungsvereinbarung oder Zertifizierung gem\u00e4\u00df dem Privacy Shield Framework (<a href=\"http:\/\/www.privacyshield.gov\">www.privacyshield.gov&lt; \/a&gt;).<\/a><\/p>\n<p>Wir haften nicht f\u00fcr die falsche oder rechtswidrige Verwendung personenbezogener Daten durch Dritte. Sie bleiben auch f\u00fcr die Vertraulichkeit und Verwendung Ihres Computers, Ihrer IP-Adresse, Ihrer Anmelde- und Identifikationsdaten verantwortlich.<\/p>\n<h2>9. Ihre Privatsph\u00e4re<\/h2>\n<p>Ihre Privatsph\u00e4re ist uns wichtig.<\/p>\n<p>Wir bem\u00fchen uns daher, diese so gut wie m\u00f6glich zu sch\u00fctzen und legen gro\u00dfen Wert auf die Einhaltung (i) des Gesetzes vom 8. Dezember 1992 \u00fcber den Schutz der Privatsph\u00e4re bei der Verarbeitung personenbezogener Daten (in der Fassung des Gesetzes vom 11. Dezember 1992). 1998, \u201eGesetz zur Verarbeitung personenbezogener Daten\u201c); (ii) die Anti-Spam-Bestimmungen von Buch XII des Wirtschaftsgesetzbuches in Bezug auf das Recht der elektronischen Wirtschaft; und (iii) Europ\u00e4ische Verordnung 2016\/679 vom 27. April 2016 zum Schutz personenbezogener Daten (\u201eDatenschutz-Grundverordnung\u201c).<\/p>\n","protected":false},"excerpt":{"rendered":"<p>Zuletzt bearbeitet am 29.07.2021 1.\u00a0\u00a0\u00a0\u00a0 Willkommen Wir sind Deratech mit Sitz in MANTA 6.9250 WAASMUNSTER, mit der Firmennummer BE 0884496775 In dieser Datenschutzrichtlinie erkl\u00e4ren wir, welche personenbezogenen Daten wir als \u201eVerantwortlicher\u201c erfassen und wie wir sie verwenden und weitergeben, um unsere Dienste zu verbessern. 2.\u00a0\u00a0\u00a0\u00a0 Personenbezogene Daten Die von uns gespeicherten begrenzten personenbezogenen Daten werden [&hellip;]<\/p>\n","protected":false},"author":1,"featured_media":0,"parent":0,"menu_order":49,"comment_status":"closed","ping_status":"closed","template":"","meta":{"_acf_changed":false,"inline_featured_image":false,"footnotes":""},"class_list":["post-670","page","type-page","status-publish","hentry"],"acf":[],"yoast_head":"<!-- This site is optimized with the Yoast SEO plugin v27.0 - https:\/\/yoast.com\/product\/yoast-seo-wordpress\/ -->\n<title>Privacy Policy - Deratech<\/title>\n<meta name=\"robots\" content=\"index, follow, max-snippet:-1, max-image-preview:large, max-video-preview:-1\" \/>\n<link rel=\"canonical\" href=\"https:\/\/www.deratech.be\/de\/privacy-policy\/\" \/>\n<meta property=\"og:locale\" content=\"de_DE\" \/>\n<meta property=\"og:type\" content=\"article\" \/>\n<meta property=\"og:title\" content=\"Privacy Policy - Deratech\" \/>\n<meta property=\"og:description\" content=\"Zuletzt bearbeitet am 29.07.2021 1.\u00a0\u00a0\u00a0\u00a0 Willkommen Wir sind Deratech mit Sitz in MANTA 6.9250 WAASMUNSTER, mit der Firmennummer BE 0884496775 In dieser Datenschutzrichtlinie erkl\u00e4ren wir, welche personenbezogenen Daten wir als \u201eVerantwortlicher\u201c erfassen und wie wir sie verwenden und weitergeben, um unsere Dienste zu verbessern. 2.\u00a0\u00a0\u00a0\u00a0 Personenbezogene Daten Die von uns gespeicherten begrenzten personenbezogenen Daten werden [&hellip;]\" \/>\n<meta property=\"og:url\" content=\"https:\/\/www.deratech.be\/de\/privacy-policy\/\" \/>\n<meta property=\"og:site_name\" content=\"Deratech\" \/>\n<meta property=\"article:modified_time\" content=\"2021-07-29T09:50:41+00:00\" \/>\n<meta name=\"twitter:card\" content=\"summary_large_image\" \/>\n<meta name=\"twitter:label1\" content=\"Gesch\u00e4tzte Lesezeit\" \/>\n\t<meta name=\"twitter:data1\" content=\"4\u00a0Minuten\" \/>\n<script type=\"application\/ld+json\" class=\"yoast-schema-graph\">{\"@context\":\"https:\/\/schema.org\",\"@graph\":[{\"@type\":\"WebPage\",\"@id\":\"https:\/\/www.deratech.be\/de\/privacy-policy\/\",\"url\":\"https:\/\/www.deratech.be\/de\/privacy-policy\/\",\"name\":\"Privacy Policy - Deratech\",\"isPartOf\":{\"@id\":\"https:\/\/www.deratech.be\/de\/#website\"},\"datePublished\":\"2018-08-28T10:22:20+00:00\",\"dateModified\":\"2021-07-29T09:50:41+00:00\",\"breadcrumb\":{\"@id\":\"https:\/\/www.deratech.be\/de\/privacy-policy\/#breadcrumb\"},\"inLanguage\":\"de\",\"potentialAction\":[{\"@type\":\"ReadAction\",\"target\":[\"https:\/\/www.deratech.be\/de\/privacy-policy\/\"]}]},{\"@type\":\"BreadcrumbList\",\"@id\":\"https:\/\/www.deratech.be\/de\/privacy-policy\/#breadcrumb\",\"itemListElement\":[{\"@type\":\"ListItem\",\"position\":1,\"name\":\"Home\",\"item\":\"https:\/\/www.deratech.be\/de\/\"},{\"@type\":\"ListItem\",\"position\":2,\"name\":\"Privacy Policy\"}]},{\"@type\":\"WebSite\",\"@id\":\"https:\/\/www.deratech.be\/de\/#website\",\"url\":\"https:\/\/www.deratech.be\/de\/\",\"name\":\"Deratech\",\"description\":\"\",\"potentialAction\":[{\"@type\":\"SearchAction\",\"target\":{\"@type\":\"EntryPoint\",\"urlTemplate\":\"https:\/\/www.deratech.be\/de\/?s={search_term_string}\"},\"query-input\":{\"@type\":\"PropertyValueSpecification\",\"valueRequired\":true,\"valueName\":\"search_term_string\"}}],\"inLanguage\":\"de\"}]}<\/script>\n<!-- \/ Yoast SEO plugin. -->","yoast_head_json":{"title":"Privacy Policy - Deratech","robots":{"index":"index","follow":"follow","max-snippet":"max-snippet:-1","max-image-preview":"max-image-preview:large","max-video-preview":"max-video-preview:-1"},"canonical":"https:\/\/www.deratech.be\/de\/privacy-policy\/","og_locale":"de_DE","og_type":"article","og_title":"Privacy Policy - Deratech","og_description":"Zuletzt bearbeitet am 29.07.2021 1.\u00a0\u00a0\u00a0\u00a0 Willkommen Wir sind Deratech mit Sitz in MANTA 6.9250 WAASMUNSTER, mit der Firmennummer BE 0884496775 In dieser Datenschutzrichtlinie erkl\u00e4ren wir, welche personenbezogenen Daten wir als \u201eVerantwortlicher\u201c erfassen und wie wir sie verwenden und weitergeben, um unsere Dienste zu verbessern. 2.\u00a0\u00a0\u00a0\u00a0 Personenbezogene Daten Die von uns gespeicherten begrenzten personenbezogenen Daten werden [&hellip;]","og_url":"https:\/\/www.deratech.be\/de\/privacy-policy\/","og_site_name":"Deratech","article_modified_time":"2021-07-29T09:50:41+00:00","twitter_card":"summary_large_image","twitter_misc":{"Gesch\u00e4tzte Lesezeit":"4\u00a0Minuten"},"schema":{"@context":"https:\/\/schema.org","@graph":[{"@type":"WebPage","@id":"https:\/\/www.deratech.be\/de\/privacy-policy\/","url":"https:\/\/www.deratech.be\/de\/privacy-policy\/","name":"Privacy Policy - Deratech","isPartOf":{"@id":"https:\/\/www.deratech.be\/de\/#website"},"datePublished":"2018-08-28T10:22:20+00:00","dateModified":"2021-07-29T09:50:41+00:00","breadcrumb":{"@id":"https:\/\/www.deratech.be\/de\/privacy-policy\/#breadcrumb"},"inLanguage":"de","potentialAction":[{"@type":"ReadAction","target":["https:\/\/www.deratech.be\/de\/privacy-policy\/"]}]},{"@type":"BreadcrumbList","@id":"https:\/\/www.deratech.be\/de\/privacy-policy\/#breadcrumb","itemListElement":[{"@type":"ListItem","position":1,"name":"Home","item":"https:\/\/www.deratech.be\/de\/"},{"@type":"ListItem","position":2,"name":"Privacy Policy"}]},{"@type":"WebSite","@id":"https:\/\/www.deratech.be\/de\/#website","url":"https:\/\/www.deratech.be\/de\/","name":"Deratech","description":"","potentialAction":[{"@type":"SearchAction","target":{"@type":"EntryPoint","urlTemplate":"https:\/\/www.deratech.be\/de\/?s={search_term_string}"},"query-input":{"@type":"PropertyValueSpecification","valueRequired":true,"valueName":"search_term_string"}}],"inLanguage":"de"}]}},"_links":{"self":[{"href":"https:\/\/www.deratech.be\/de\/wp-json\/wp\/v2\/pages\/670","targetHints":{"allow":["GET"]}}],"collection":[{"href":"https:\/\/www.deratech.be\/de\/wp-json\/wp\/v2\/pages"}],"about":[{"href":"https:\/\/www.deratech.be\/de\/wp-json\/wp\/v2\/types\/page"}],"author":[{"embeddable":true,"href":"https:\/\/www.deratech.be\/de\/wp-json\/wp\/v2\/users\/1"}],"replies":[{"embeddable":true,"href":"https:\/\/www.deratech.be\/de\/wp-json\/wp\/v2\/comments?post=670"}],"version-history":[{"count":0,"href":"https:\/\/www.deratech.be\/de\/wp-json\/wp\/v2\/pages\/670\/revisions"}],"wp:attachment":[{"href":"https:\/\/www.deratech.be\/de\/wp-json\/wp\/v2\/media?parent=670"}],"curies":[{"name":"wp","href":"https:\/\/api.w.org\/{rel}","templated":true}]}}