{"id":628,"date":"2018-09-19T13:56:11","date_gmt":"2018-09-19T11:56:11","guid":{"rendered":"https:\/\/www.deratech.be\/cookie-policy\/"},"modified":"2021-07-29T11:53:32","modified_gmt":"2021-07-29T09:53:32","slug":"cookie-policy","status":"publish","type":"page","link":"https:\/\/www.deratech.be\/de\/cookie-policy\/","title":{"rendered":"Cookie Policy"},"content":{"rendered":"<p><em>Zuletzt bearbeitet am 29\/07\/2021<\/em><\/p>\n<h2>1. Willkommen<\/h2>\n<p id=\"tw-target-text\" class=\"tw-data-text tw-text-large XcVN5d tw-ta\" dir=\"ltr\" data-placeholder=\"Vertaling\"><span class=\"Y2IQFc\" lang=\"de\">Wir sind Deratech mit Sitz in MANTA 6.9250 WAASMUNSTER, mit der Firmennummer BE 0884496775<\/span><\/p>\n<p>In dieser Cookie-Richtlinie erkl\u00e4ren wir, welche Informationen wir auf Grundlage von Cookies \u00fcber unsere Website sammeln k\u00f6nnen und wie wir sie verwenden, um unsere Dienste zu verbessern.<\/p>\n<p>Durch die Nutzung unserer Website stimmen Sie der Verwendung von Cookies zu.<\/p>\n<h2>2. Cookies<\/h2>\n<p>Ein &#8218;<em>Cookie<\/em>&#8218; ist eine kleine Datendatei, die von einer Internetseite vor\u00fcbergehend auf Ihrem Computer oder Mobilger\u00e4t abgelegt wird, wenn Sie eine Website besuchen. Ein Cookie erm\u00f6glicht es uns, das Ger\u00e4t zu identifizieren, mit dem Sie unsere Website besuchen, ohne dass wir Zugriff auf Ihre pers\u00f6nlichen Daten haben.<\/p>\n<p>Cookies k\u00f6nnen einfach \u00fcber die Einstellungen Ihres Browsers entfernt werden. Sie k\u00f6nnen Ihren Browser auch so einstellen, dass Cookies grunds\u00e4tzlich abgelehnt werden. Dies kann jedoch die Nutzung unserer Website beeintr\u00e4chtigen oder den Zugang zu bestimmten Funktionalit\u00e4ten unm\u00f6glich machen.<\/p>\n<h2><span style=\"color: #ff0000;\">Arten von Cookies<\/span><\/h2>\n<h3>2.1. Funktionell<\/h3>\n<p>Diese technischen Cookies k\u00f6nnen dazu dienen, dass unsere Website ordnungsgem\u00e4\u00df funktioniert. Sie haben den Vorteil, dass Sie nicht bei jedem Besuch unserer Website dieselben Informationen oder Einstellungen neu eingeben oder laden m\u00fcssen:<\/p>\n<ul>\n<li><strong>Klarer<\/strong> <strong>Chat<\/strong>. Dieses Cookie verf\u00e4llt nach einem Zeitraum von 1 Jahr. <u>(<a href=\"https:\/\/crisp.chat\/en\/privacy\/\">https:\/\/crisp.chat\/en\/privacy\/<\/a>)<\/u><\/li>\n<li><strong>Cloudflare<\/strong>. Dieses Cookie verf\u00e4llt nach einem Zeitraum von 1 Jahr. <u>(<a href=\"https:\/\/www.cloudflare.com\/privacypolicy\/\">https:\/\/www.cloudflare.com\/privacypolicy\/<\/a>)<\/u><\/li>\n<li><strong>Twitter<\/strong>. Dieses Cookie verf\u00e4llt nach der Sitzung. (<a href=\"https:\/\/twitter.com\/en\/privacy\">https:\/\/twitter.com\/en\/privacy<\/a>)<\/li>\n<li><strong>Hotjar<\/strong>. Tracking (<a href=\"https:\/\/www.hotjar.com\/privacy\">https:\/\/www.hotjar.com\/privacy<\/a>),<\/li>\n<\/ul>\n<h3>2.2. Analytisch<\/h3>\n<p>Anhand dieser Cookies k\u00f6nnen wir eine allgemeine Analyse der Benutzung unserer Website durchf\u00fchren. Auf diese Weise erhalten wir \u00fcber anonyme Statistiken einen Einblick in die Art, wie oft und wie lange unsere Internetseiten besucht werden. Dies erm\u00f6glicht es uns, unsere Website anhand dieser Informationen zu verbessern und zu optimieren:<\/p>\n<ul>\n<li><strong>Google<\/strong> <strong>Analytik<\/strong>. Dieses Cookie verf\u00e4llt nach der Sitzung. (<a href=\"https:\/\/policies.google.com\/privacy\">https:\/\/policies.google.com\/privacy<\/a>)<\/li>\n<li><strong>Bing<\/strong>. (<a href=\"https:\/\/privacy.microsoft.com\/nl-nl\/privacystatement\">https:\/\/privacy.microsoft.com\/nl-nl\/privacystatement<\/a>)<\/li>\n<li><strong>Youtube<\/strong>. Dieses Cookie verf\u00e4llt nach der Sitzung. <u>(<a href=\"https:\/\/policies.google.com\/privacy\">https:\/\/policies.google.com\/privacy<\/a>)<\/u><\/li>\n<\/ul>\n<h3>2.3. Marketing<\/h3>\n<p>Mit diesen Cookies k\u00f6nnen wir Interessenten gezielt Werbung zu Marketingzwecken anzeigen:<\/p>\n<ul>\n<li><strong>Facebook<\/strong>. Dieses Cookie verf\u00e4llt nach einem Zeitraum von 3 Monaten. (<a href=\"https:\/\/www.facebook.com\/policy.php\">https:\/\/www.facebook.com\/policy.php<\/a>)<\/li>\n<li><strong>Linkedin<\/strong>. <u>(<a href=\"https:\/\/www.linkedin.com\/legal\/privacy-policy\">https:\/\/www.linkedin.com\/legal\/privacy-policy<\/a>)<\/u><\/li>\n<li><strong>Google<\/strong> <strong>Analytics<\/strong> Dieses Cookie l\u00e4uft nach der Sitzung ab. <u>(<a href=\"https:\/\/policies.google.com\/privacy\">https:\/\/policies.google.com\/privacy<\/a>)<\/u><\/li>\n<li><strong>Nutzerinteraktion<\/strong>. Dieses Cookie verf\u00e4llt nach der Sitzung. (<a href=\"https:\/\/userengage.com\/nl\/privacy-policy\/\">https:\/\/userengage.com\/nl\/privacy-policy\/<\/a>)<\/li>\n<li><strong>Bing<\/strong>. (<a href=\"https:\/\/privacy.microsoft.com\/nl-nl\/privacystatement\">https:\/\/privacy.microsoft.com\/nl-nl\/privacystatement<\/a>)<\/li>\n<\/ul>\n<h3>2.4. Soziale Medien<\/h3>\n<p>Diese Cookies stellen sicher, dass wir Anwendungen von Social-Media-Websites in unsere Website integrieren k\u00f6nnen. Die Social-Media-Websites k\u00f6nnen auf diese Weise Daten sammeln:<\/p>\n<ul>\n<li><strong>Facebook<\/strong>. Dieses Cookie verf\u00e4llt nach einem Zeitraum von 3 Monaten. (<a href=\"https:\/\/www.facebook.com\/policy.php\">https:\/\/www.facebook.com\/policy.php<\/a>)<\/li>\n<li><strong>Twitter<\/strong>. Dieses Cookie verf\u00e4llt nach der Sitzung. (<a href=\"https:\/\/twitter.com\/en\/privacy\">https:\/\/twitter.com\/en\/privacy<\/a>)<\/li>\n<li><strong>Linkedin<\/strong>. (<a href=\"https:\/\/www.linkedin.com\/legal\/privacy-policy\">https:\/\/www.linkedin.com\/legal\/privacy-policy<\/a>)<\/li>\n<\/ul>\n","protected":false},"excerpt":{"rendered":"<p>Zuletzt bearbeitet am 29\/07\/2021 1. Willkommen Wir sind Deratech mit Sitz in MANTA 6.9250 WAASMUNSTER, mit der Firmennummer BE 0884496775 In dieser Cookie-Richtlinie erkl\u00e4ren wir, welche Informationen wir auf Grundlage von Cookies \u00fcber unsere Website sammeln k\u00f6nnen und wie wir sie verwenden, um unsere Dienste zu verbessern. Durch die Nutzung unserer Website stimmen Sie der [&hellip;]<\/p>\n","protected":false},"author":1,"featured_media":0,"parent":0,"menu_order":21,"comment_status":"closed","ping_status":"closed","template":"","meta":{"_acf_changed":false,"inline_featured_image":false,"footnotes":""},"class_list":["post-628","page","type-page","status-publish","hentry"],"acf":[],"yoast_head":"<!-- This site is optimized with the Yoast SEO plugin v27.0 - https:\/\/yoast.com\/product\/yoast-seo-wordpress\/ -->\n<title>Cookie Policy - Deratech<\/title>\n<meta name=\"robots\" content=\"index, follow, max-snippet:-1, max-image-preview:large, max-video-preview:-1\" \/>\n<link rel=\"canonical\" href=\"https:\/\/www.deratech.be\/de\/cookie-policy\/\" \/>\n<meta property=\"og:locale\" content=\"de_DE\" \/>\n<meta property=\"og:type\" content=\"article\" \/>\n<meta property=\"og:title\" content=\"Cookie Policy - Deratech\" \/>\n<meta property=\"og:description\" content=\"Zuletzt bearbeitet am 29\/07\/2021 1. Willkommen Wir sind Deratech mit Sitz in MANTA 6.9250 WAASMUNSTER, mit der Firmennummer BE 0884496775 In dieser Cookie-Richtlinie erkl\u00e4ren wir, welche Informationen wir auf Grundlage von Cookies \u00fcber unsere Website sammeln k\u00f6nnen und wie wir sie verwenden, um unsere Dienste zu verbessern. Durch die Nutzung unserer Website stimmen Sie der [&hellip;]\" \/>\n<meta property=\"og:url\" content=\"https:\/\/www.deratech.be\/de\/cookie-policy\/\" \/>\n<meta property=\"og:site_name\" content=\"Deratech\" \/>\n<meta property=\"article:modified_time\" content=\"2021-07-29T09:53:32+00:00\" \/>\n<meta name=\"twitter:card\" content=\"summary_large_image\" \/>\n<meta name=\"twitter:label1\" content=\"Gesch\u00e4tzte Lesezeit\" \/>\n\t<meta name=\"twitter:data1\" content=\"2\u00a0Minuten\" \/>\n<script type=\"application\/ld+json\" class=\"yoast-schema-graph\">{\"@context\":\"https:\/\/schema.org\",\"@graph\":[{\"@type\":\"WebPage\",\"@id\":\"https:\/\/www.deratech.be\/de\/cookie-policy\/\",\"url\":\"https:\/\/www.deratech.be\/de\/cookie-policy\/\",\"name\":\"Cookie Policy - Deratech\",\"isPartOf\":{\"@id\":\"https:\/\/www.deratech.be\/de\/#website\"},\"datePublished\":\"2018-09-19T11:56:11+00:00\",\"dateModified\":\"2021-07-29T09:53:32+00:00\",\"breadcrumb\":{\"@id\":\"https:\/\/www.deratech.be\/de\/cookie-policy\/#breadcrumb\"},\"inLanguage\":\"de\",\"potentialAction\":[{\"@type\":\"ReadAction\",\"target\":[\"https:\/\/www.deratech.be\/de\/cookie-policy\/\"]}]},{\"@type\":\"BreadcrumbList\",\"@id\":\"https:\/\/www.deratech.be\/de\/cookie-policy\/#breadcrumb\",\"itemListElement\":[{\"@type\":\"ListItem\",\"position\":1,\"name\":\"Home\",\"item\":\"https:\/\/www.deratech.be\/de\/\"},{\"@type\":\"ListItem\",\"position\":2,\"name\":\"Cookie Policy\"}]},{\"@type\":\"WebSite\",\"@id\":\"https:\/\/www.deratech.be\/de\/#website\",\"url\":\"https:\/\/www.deratech.be\/de\/\",\"name\":\"Deratech\",\"description\":\"\",\"potentialAction\":[{\"@type\":\"SearchAction\",\"target\":{\"@type\":\"EntryPoint\",\"urlTemplate\":\"https:\/\/www.deratech.be\/de\/?s={search_term_string}\"},\"query-input\":{\"@type\":\"PropertyValueSpecification\",\"valueRequired\":true,\"valueName\":\"search_term_string\"}}],\"inLanguage\":\"de\"}]}<\/script>\n<!-- \/ Yoast SEO plugin. -->","yoast_head_json":{"title":"Cookie Policy - Deratech","robots":{"index":"index","follow":"follow","max-snippet":"max-snippet:-1","max-image-preview":"max-image-preview:large","max-video-preview":"max-video-preview:-1"},"canonical":"https:\/\/www.deratech.be\/de\/cookie-policy\/","og_locale":"de_DE","og_type":"article","og_title":"Cookie Policy - Deratech","og_description":"Zuletzt bearbeitet am 29\/07\/2021 1. Willkommen Wir sind Deratech mit Sitz in MANTA 6.9250 WAASMUNSTER, mit der Firmennummer BE 0884496775 In dieser Cookie-Richtlinie erkl\u00e4ren wir, welche Informationen wir auf Grundlage von Cookies \u00fcber unsere Website sammeln k\u00f6nnen und wie wir sie verwenden, um unsere Dienste zu verbessern. Durch die Nutzung unserer Website stimmen Sie der [&hellip;]","og_url":"https:\/\/www.deratech.be\/de\/cookie-policy\/","og_site_name":"Deratech","article_modified_time":"2021-07-29T09:53:32+00:00","twitter_card":"summary_large_image","twitter_misc":{"Gesch\u00e4tzte Lesezeit":"2\u00a0Minuten"},"schema":{"@context":"https:\/\/schema.org","@graph":[{"@type":"WebPage","@id":"https:\/\/www.deratech.be\/de\/cookie-policy\/","url":"https:\/\/www.deratech.be\/de\/cookie-policy\/","name":"Cookie Policy - Deratech","isPartOf":{"@id":"https:\/\/www.deratech.be\/de\/#website"},"datePublished":"2018-09-19T11:56:11+00:00","dateModified":"2021-07-29T09:53:32+00:00","breadcrumb":{"@id":"https:\/\/www.deratech.be\/de\/cookie-policy\/#breadcrumb"},"inLanguage":"de","potentialAction":[{"@type":"ReadAction","target":["https:\/\/www.deratech.be\/de\/cookie-policy\/"]}]},{"@type":"BreadcrumbList","@id":"https:\/\/www.deratech.be\/de\/cookie-policy\/#breadcrumb","itemListElement":[{"@type":"ListItem","position":1,"name":"Home","item":"https:\/\/www.deratech.be\/de\/"},{"@type":"ListItem","position":2,"name":"Cookie Policy"}]},{"@type":"WebSite","@id":"https:\/\/www.deratech.be\/de\/#website","url":"https:\/\/www.deratech.be\/de\/","name":"Deratech","description":"","potentialAction":[{"@type":"SearchAction","target":{"@type":"EntryPoint","urlTemplate":"https:\/\/www.deratech.be\/de\/?s={search_term_string}"},"query-input":{"@type":"PropertyValueSpecification","valueRequired":true,"valueName":"search_term_string"}}],"inLanguage":"de"}]}},"_links":{"self":[{"href":"https:\/\/www.deratech.be\/de\/wp-json\/wp\/v2\/pages\/628","targetHints":{"allow":["GET"]}}],"collection":[{"href":"https:\/\/www.deratech.be\/de\/wp-json\/wp\/v2\/pages"}],"about":[{"href":"https:\/\/www.deratech.be\/de\/wp-json\/wp\/v2\/types\/page"}],"author":[{"embeddable":true,"href":"https:\/\/www.deratech.be\/de\/wp-json\/wp\/v2\/users\/1"}],"replies":[{"embeddable":true,"href":"https:\/\/www.deratech.be\/de\/wp-json\/wp\/v2\/comments?post=628"}],"version-history":[{"count":0,"href":"https:\/\/www.deratech.be\/de\/wp-json\/wp\/v2\/pages\/628\/revisions"}],"wp:attachment":[{"href":"https:\/\/www.deratech.be\/de\/wp-json\/wp\/v2\/media?parent=628"}],"curies":[{"name":"wp","href":"https:\/\/api.w.org\/{rel}","templated":true}]}}